{"id":946,"date":"2025-10-15T22:39:59","date_gmt":"2025-10-15T20:39:59","guid":{"rendered":"https:\/\/wiges.se\/handla\/?post_type=product&#038;p=946"},"modified":"2026-03-31T23:12:08","modified_gmt":"2026-03-31T21:12:08","slug":"2-delat-understall-av-bambu-till-dam-svart","status":"publish","type":"product","link":"https:\/\/wiges.se\/handla\/dam\/bambu\/understall-i-bambu\/2-delat-understall-av-bambu-till-dam-svart\/","title":{"rendered":"2-delat underst\u00e4ll av bambu till dam &#8211; Svart"},"content":{"rendered":"","protected":false},"excerpt":{"rendered":"<p>2-delat underst\u00e4ll till dam av mjuk och sk\u00f6n viskos av bambu. Tr\u00f6jan \u00e4r rundhalsad med liten krage som g\u00e5r upp i halsen, har raglan\u00e4rm f\u00f6r \u00f6kad r\u00f6rlighet och flatlocks\u00f6mmar som motverkar skav. Byxan har normalh\u00f6g midja och bekv\u00e4m passform. Bambuns naturliga egenskaper g\u00f6r att fukt transporteras bort fr\u00e5n kroppen och h\u00e5ller huden fr\u00e4sch l\u00e4ngre.<\/p>\n","protected":false},"featured_media":943,"comment_status":"open","ping_status":"closed","template":"","meta":{"_acf_changed":false},"product_brand":[],"product_cat":[66,72,118,74,150,293],"product_tag":[],"class_list":{"0":"post-946","1":"product","2":"type-product","3":"status-publish","4":"has-post-thumbnail","6":"product_cat-dam","7":"product_cat-understall","8":"product_cat-understall-set-understall","9":"product_cat-bambu","10":"product_cat-understall-i-bambu-bambu","11":"product_cat-bambu-2","13":"first","14":"instock","15":"taxable","16":"shipping-taxable","17":"purchasable","18":"product-type-variable"},"acf":[],"yoast_head":"<!-- This site is optimized with the Yoast SEO plugin v26.7 - https:\/\/yoast.com\/wordpress\/plugins\/seo\/ -->\n<title>2-delat underst\u00e4ll av bambu till dam - Svart - Wiges<\/title>\n<meta name=\"robots\" content=\"index, follow, max-snippet:-1, max-image-preview:large, max-video-preview:-1\" \/>\n<link rel=\"canonical\" href=\"https:\/\/wiges.se\/handla\/dam\/bambu\/understall-i-bambu\/2-delat-understall-av-bambu-till-dam-svart\/\" \/>\n<meta property=\"og:locale\" content=\"sv_SE\" \/>\n<meta property=\"og:type\" content=\"article\" \/>\n<meta property=\"og:title\" content=\"2-delat underst\u00e4ll av bambu till dam - Svart - Wiges\" \/>\n<meta property=\"og:description\" content=\"2-delat underst\u00e4ll till dam av mjuk och sk\u00f6n viskos av bambu. Tr\u00f6jan \u00e4r rundhalsad med liten krage som g\u00e5r upp i halsen, har raglan\u00e4rm f\u00f6r \u00f6kad r\u00f6rlighet och flatlocks\u00f6mmar som motverkar skav. Byxan har normalh\u00f6g midja och bekv\u00e4m passform. Bambuns naturliga egenskaper g\u00f6r att fukt transporteras bort fr\u00e5n kroppen och h\u00e5ller huden fr\u00e4sch l\u00e4ngre.\" \/>\n<meta property=\"og:url\" content=\"https:\/\/wiges.se\/handla\/dam\/bambu\/understall-i-bambu\/2-delat-understall-av-bambu-till-dam-svart\/\" \/>\n<meta property=\"og:site_name\" content=\"Wiges\" \/>\n<meta property=\"article:modified_time\" content=\"2026-03-31T21:12:08+00:00\" \/>\n<meta property=\"og:image\" content=\"https:\/\/wiges.se\/handla\/wp-content\/uploads\/2025\/10\/00007925101-scaled.jpg\" \/>\n\t<meta property=\"og:image:width\" content=\"1969\" \/>\n\t<meta property=\"og:image:height\" content=\"2560\" \/>\n\t<meta property=\"og:image:type\" content=\"image\/jpeg\" \/>\n<meta name=\"twitter:card\" content=\"summary_large_image\" \/>\n<script type=\"application\/ld+json\" class=\"yoast-schema-graph\">{\"@context\":\"https:\/\/schema.org\",\"@graph\":[{\"@type\":\"WebPage\",\"@id\":\"https:\/\/wiges.se\/handla\/dam\/bambu\/understall-i-bambu\/2-delat-understall-av-bambu-till-dam-svart\/\",\"url\":\"https:\/\/wiges.se\/handla\/dam\/bambu\/understall-i-bambu\/2-delat-understall-av-bambu-till-dam-svart\/\",\"name\":\"2-delat underst\u00e4ll av bambu till dam - Svart - Wiges\",\"isPartOf\":{\"@id\":\"https:\/\/wiges.se\/handla\/#website\"},\"primaryImageOfPage\":{\"@id\":\"https:\/\/wiges.se\/handla\/dam\/bambu\/understall-i-bambu\/2-delat-understall-av-bambu-till-dam-svart\/#primaryimage\"},\"image\":{\"@id\":\"https:\/\/wiges.se\/handla\/dam\/bambu\/understall-i-bambu\/2-delat-understall-av-bambu-till-dam-svart\/#primaryimage\"},\"thumbnailUrl\":\"https:\/\/wiges.se\/handla\/wp-content\/uploads\/2025\/10\/00007925101-scaled.jpg\",\"datePublished\":\"2025-10-15T20:39:59+00:00\",\"dateModified\":\"2026-03-31T21:12:08+00:00\",\"breadcrumb\":{\"@id\":\"https:\/\/wiges.se\/handla\/dam\/bambu\/understall-i-bambu\/2-delat-understall-av-bambu-till-dam-svart\/#breadcrumb\"},\"inLanguage\":\"sv-SE\",\"potentialAction\":[{\"@type\":\"ReadAction\",\"target\":[\"https:\/\/wiges.se\/handla\/dam\/bambu\/understall-i-bambu\/2-delat-understall-av-bambu-till-dam-svart\/\"]}]},{\"@type\":\"ImageObject\",\"inLanguage\":\"sv-SE\",\"@id\":\"https:\/\/wiges.se\/handla\/dam\/bambu\/understall-i-bambu\/2-delat-understall-av-bambu-till-dam-svart\/#primaryimage\",\"url\":\"https:\/\/wiges.se\/handla\/wp-content\/uploads\/2025\/10\/00007925101-scaled.jpg\",\"contentUrl\":\"https:\/\/wiges.se\/handla\/wp-content\/uploads\/2025\/10\/00007925101-scaled.jpg\",\"width\":1969,\"height\":2560},{\"@type\":\"BreadcrumbList\",\"@id\":\"https:\/\/wiges.se\/handla\/dam\/bambu\/understall-i-bambu\/2-delat-understall-av-bambu-till-dam-svart\/#breadcrumb\",\"itemListElement\":[{\"@type\":\"ListItem\",\"position\":1,\"name\":\"Hem\",\"item\":\"https:\/\/wiges.se\/handla\/\"},{\"@type\":\"ListItem\",\"position\":2,\"name\":\"Butik\",\"item\":\"https:\/\/wiges.se\/handla\/butik\/\"},{\"@type\":\"ListItem\",\"position\":3,\"name\":\"Dam\",\"item\":\"https:\/\/wiges.se\/handla\/dam\/\"},{\"@type\":\"ListItem\",\"position\":4,\"name\":\"Bambu\",\"item\":\"https:\/\/wiges.se\/handla\/dam\/bambu\/\"},{\"@type\":\"ListItem\",\"position\":5,\"name\":\"Underst\u00e4ll i bambu\",\"item\":\"https:\/\/wiges.se\/handla\/dam\/bambu\/understall-i-bambu\/\"},{\"@type\":\"ListItem\",\"position\":6,\"name\":\"2-delat underst\u00e4ll av bambu till dam &#8211; Svart\"}]},{\"@type\":\"WebSite\",\"@id\":\"https:\/\/wiges.se\/handla\/#website\",\"url\":\"https:\/\/wiges.se\/handla\/\",\"name\":\"Wiges\",\"description\":\"\",\"potentialAction\":[{\"@type\":\"SearchAction\",\"target\":{\"@type\":\"EntryPoint\",\"urlTemplate\":\"https:\/\/wiges.se\/handla\/?s={search_term_string}\"},\"query-input\":{\"@type\":\"PropertyValueSpecification\",\"valueRequired\":true,\"valueName\":\"search_term_string\"}}],\"inLanguage\":\"sv-SE\"}]}<\/script>\n<!-- \/ Yoast SEO plugin. -->","yoast_head_json":{"title":"2-delat underst\u00e4ll av bambu till dam - Svart - Wiges","robots":{"index":"index","follow":"follow","max-snippet":"max-snippet:-1","max-image-preview":"max-image-preview:large","max-video-preview":"max-video-preview:-1"},"canonical":"https:\/\/wiges.se\/handla\/dam\/bambu\/understall-i-bambu\/2-delat-understall-av-bambu-till-dam-svart\/","og_locale":"sv_SE","og_type":"article","og_title":"2-delat underst\u00e4ll av bambu till dam - Svart - Wiges","og_description":"2-delat underst\u00e4ll till dam av mjuk och sk\u00f6n viskos av bambu. Tr\u00f6jan \u00e4r rundhalsad med liten krage som g\u00e5r upp i halsen, har raglan\u00e4rm f\u00f6r \u00f6kad r\u00f6rlighet och flatlocks\u00f6mmar som motverkar skav. Byxan har normalh\u00f6g midja och bekv\u00e4m passform. Bambuns naturliga egenskaper g\u00f6r att fukt transporteras bort fr\u00e5n kroppen och h\u00e5ller huden fr\u00e4sch l\u00e4ngre.","og_url":"https:\/\/wiges.se\/handla\/dam\/bambu\/understall-i-bambu\/2-delat-understall-av-bambu-till-dam-svart\/","og_site_name":"Wiges","article_modified_time":"2026-03-31T21:12:08+00:00","og_image":[{"width":1969,"height":2560,"url":"https:\/\/wiges.se\/handla\/wp-content\/uploads\/2025\/10\/00007925101-scaled.jpg","type":"image\/jpeg"}],"twitter_card":"summary_large_image","schema":{"@context":"https:\/\/schema.org","@graph":[{"@type":"WebPage","@id":"https:\/\/wiges.se\/handla\/dam\/bambu\/understall-i-bambu\/2-delat-understall-av-bambu-till-dam-svart\/","url":"https:\/\/wiges.se\/handla\/dam\/bambu\/understall-i-bambu\/2-delat-understall-av-bambu-till-dam-svart\/","name":"2-delat underst\u00e4ll av bambu till dam - Svart - Wiges","isPartOf":{"@id":"https:\/\/wiges.se\/handla\/#website"},"primaryImageOfPage":{"@id":"https:\/\/wiges.se\/handla\/dam\/bambu\/understall-i-bambu\/2-delat-understall-av-bambu-till-dam-svart\/#primaryimage"},"image":{"@id":"https:\/\/wiges.se\/handla\/dam\/bambu\/understall-i-bambu\/2-delat-understall-av-bambu-till-dam-svart\/#primaryimage"},"thumbnailUrl":"https:\/\/wiges.se\/handla\/wp-content\/uploads\/2025\/10\/00007925101-scaled.jpg","datePublished":"2025-10-15T20:39:59+00:00","dateModified":"2026-03-31T21:12:08+00:00","breadcrumb":{"@id":"https:\/\/wiges.se\/handla\/dam\/bambu\/understall-i-bambu\/2-delat-understall-av-bambu-till-dam-svart\/#breadcrumb"},"inLanguage":"sv-SE","potentialAction":[{"@type":"ReadAction","target":["https:\/\/wiges.se\/handla\/dam\/bambu\/understall-i-bambu\/2-delat-understall-av-bambu-till-dam-svart\/"]}]},{"@type":"ImageObject","inLanguage":"sv-SE","@id":"https:\/\/wiges.se\/handla\/dam\/bambu\/understall-i-bambu\/2-delat-understall-av-bambu-till-dam-svart\/#primaryimage","url":"https:\/\/wiges.se\/handla\/wp-content\/uploads\/2025\/10\/00007925101-scaled.jpg","contentUrl":"https:\/\/wiges.se\/handla\/wp-content\/uploads\/2025\/10\/00007925101-scaled.jpg","width":1969,"height":2560},{"@type":"BreadcrumbList","@id":"https:\/\/wiges.se\/handla\/dam\/bambu\/understall-i-bambu\/2-delat-understall-av-bambu-till-dam-svart\/#breadcrumb","itemListElement":[{"@type":"ListItem","position":1,"name":"Hem","item":"https:\/\/wiges.se\/handla\/"},{"@type":"ListItem","position":2,"name":"Butik","item":"https:\/\/wiges.se\/handla\/butik\/"},{"@type":"ListItem","position":3,"name":"Dam","item":"https:\/\/wiges.se\/handla\/dam\/"},{"@type":"ListItem","position":4,"name":"Bambu","item":"https:\/\/wiges.se\/handla\/dam\/bambu\/"},{"@type":"ListItem","position":5,"name":"Underst\u00e4ll i bambu","item":"https:\/\/wiges.se\/handla\/dam\/bambu\/understall-i-bambu\/"},{"@type":"ListItem","position":6,"name":"2-delat underst\u00e4ll av bambu till dam &#8211; Svart"}]},{"@type":"WebSite","@id":"https:\/\/wiges.se\/handla\/#website","url":"https:\/\/wiges.se\/handla\/","name":"Wiges","description":"","potentialAction":[{"@type":"SearchAction","target":{"@type":"EntryPoint","urlTemplate":"https:\/\/wiges.se\/handla\/?s={search_term_string}"},"query-input":{"@type":"PropertyValueSpecification","valueRequired":true,"valueName":"search_term_string"}}],"inLanguage":"sv-SE"}]}},"_links":{"self":[{"href":"https:\/\/wiges.se\/handla\/wp-json\/wp\/v2\/product\/946","targetHints":{"allow":["GET"]}}],"collection":[{"href":"https:\/\/wiges.se\/handla\/wp-json\/wp\/v2\/product"}],"about":[{"href":"https:\/\/wiges.se\/handla\/wp-json\/wp\/v2\/types\/product"}],"replies":[{"embeddable":true,"href":"https:\/\/wiges.se\/handla\/wp-json\/wp\/v2\/comments?post=946"}],"wp:featuredmedia":[{"embeddable":true,"href":"https:\/\/wiges.se\/handla\/wp-json\/wp\/v2\/media\/943"}],"wp:attachment":[{"href":"https:\/\/wiges.se\/handla\/wp-json\/wp\/v2\/media?parent=946"}],"wp:term":[{"taxonomy":"product_brand","embeddable":true,"href":"https:\/\/wiges.se\/handla\/wp-json\/wp\/v2\/product_brand?post=946"},{"taxonomy":"product_cat","embeddable":true,"href":"https:\/\/wiges.se\/handla\/wp-json\/wp\/v2\/product_cat?post=946"},{"taxonomy":"product_tag","embeddable":true,"href":"https:\/\/wiges.se\/handla\/wp-json\/wp\/v2\/product_tag?post=946"}],"curies":[{"name":"wp","href":"https:\/\/api.w.org\/{rel}","templated":true}]}}