{"id":904,"date":"2025-10-15T22:38:28","date_gmt":"2025-10-15T20:38:28","guid":{"rendered":"https:\/\/wiges.se\/handla\/?post_type=product&#038;p=904"},"modified":"2026-04-30T11:21:15","modified_gmt":"2026-04-30T09:21:15","slug":"3-pack-strumpa-av-bambu-med-komfortresar-3-pack-strumpa-av-bambu-svart","status":"publish","type":"product","link":"https:\/\/wiges.se\/handla\/herr\/bambu\/bambustrumpor\/3-pack-strumpa-av-bambu-med-komfortresar-3-pack-strumpa-av-bambu-svart\/","title":{"rendered":"3-pack strumpa av bambu med komfortres\u00e5r &#8211; Svart"},"content":{"rendered":"","protected":false},"excerpt":{"rendered":"<p>3-pack strumpa av mjuk och sk\u00f6n bambu. Piquestickad res\u00e5r i skaftet f\u00f6r ytterligare komfort. F\u00f6rst\u00e4rkt t\u00e5 och h\u00e4l f\u00f6r extra slitstyrka. Unisexmodell. Bambuns naturliga egenskaper g\u00f6r att strumpan \u00e4r b\u00e5de fukt och temperaturreglerande, vilket g\u00f6r att den h\u00e5ller f\u00f6tterna torra och fr\u00e4scha l\u00e4ngre.<\/p>\n","protected":false},"featured_media":902,"comment_status":"open","ping_status":"closed","template":"","meta":{"_acf_changed":false},"product_brand":[],"product_cat":[66,69,125,74,147,67,78,103,81,94,293],"product_tag":[],"class_list":{"0":"post-904","1":"product","2":"type-product","3":"status-publish","4":"has-post-thumbnail","6":"product_cat-dam","7":"product_cat-strumpor","8":"product_cat-enfargade-strumpor-strumpor","9":"product_cat-bambu","10":"product_cat-bambustrumpor-bambu","11":"product_cat-herr","12":"product_cat-strumpor-herr","13":"product_cat-enfargade-strumpor","14":"product_cat-bambu-herr","15":"product_cat-bambustrumpor","16":"product_cat-bambu-2","18":"first","19":"instock","20":"taxable","21":"shipping-taxable","22":"purchasable","23":"product-type-variable"},"acf":[],"yoast_head":"<!-- This site is optimized with the Yoast SEO plugin v26.7 - https:\/\/yoast.com\/wordpress\/plugins\/seo\/ -->\n<title>3-pack strumpa av bambu med komfortres\u00e5r - Svart - Wiges<\/title>\n<meta name=\"robots\" content=\"index, follow, max-snippet:-1, max-image-preview:large, max-video-preview:-1\" \/>\n<link rel=\"canonical\" href=\"https:\/\/wiges.se\/handla\/herr\/bambu\/bambustrumpor\/3-pack-strumpa-av-bambu-med-komfortresar-3-pack-strumpa-av-bambu-svart\/\" \/>\n<meta property=\"og:locale\" content=\"sv_SE\" \/>\n<meta property=\"og:type\" content=\"article\" \/>\n<meta property=\"og:title\" content=\"3-pack strumpa av bambu med komfortres\u00e5r - Svart - Wiges\" \/>\n<meta property=\"og:description\" content=\"3-pack strumpa av mjuk och sk\u00f6n bambu. Piquestickad res\u00e5r i skaftet f\u00f6r ytterligare komfort. F\u00f6rst\u00e4rkt t\u00e5 och h\u00e4l f\u00f6r extra slitstyrka. Unisexmodell. Bambuns naturliga egenskaper g\u00f6r att strumpan \u00e4r b\u00e5de fukt och temperaturreglerande, vilket g\u00f6r att den h\u00e5ller f\u00f6tterna torra och fr\u00e4scha l\u00e4ngre.\" \/>\n<meta property=\"og:url\" content=\"https:\/\/wiges.se\/handla\/herr\/bambu\/bambustrumpor\/3-pack-strumpa-av-bambu-med-komfortresar-3-pack-strumpa-av-bambu-svart\/\" \/>\n<meta property=\"og:site_name\" content=\"Wiges\" \/>\n<meta property=\"article:modified_time\" content=\"2026-04-30T09:21:15+00:00\" \/>\n<meta property=\"og:image\" content=\"https:\/\/wiges.se\/handla\/wp-content\/uploads\/2025\/10\/00005254301-scaled.jpg\" \/>\n\t<meta property=\"og:image:width\" content=\"1969\" \/>\n\t<meta property=\"og:image:height\" content=\"2560\" \/>\n\t<meta property=\"og:image:type\" content=\"image\/jpeg\" \/>\n<meta name=\"twitter:card\" content=\"summary_large_image\" \/>\n<script type=\"application\/ld+json\" class=\"yoast-schema-graph\">{\"@context\":\"https:\/\/schema.org\",\"@graph\":[{\"@type\":\"WebPage\",\"@id\":\"https:\/\/wiges.se\/handla\/herr\/bambu\/bambustrumpor\/3-pack-strumpa-av-bambu-med-komfortresar-3-pack-strumpa-av-bambu-svart\/\",\"url\":\"https:\/\/wiges.se\/handla\/herr\/bambu\/bambustrumpor\/3-pack-strumpa-av-bambu-med-komfortresar-3-pack-strumpa-av-bambu-svart\/\",\"name\":\"3-pack strumpa av bambu med komfortres\u00e5r - Svart - Wiges\",\"isPartOf\":{\"@id\":\"https:\/\/wiges.se\/handla\/#website\"},\"primaryImageOfPage\":{\"@id\":\"https:\/\/wiges.se\/handla\/herr\/bambu\/bambustrumpor\/3-pack-strumpa-av-bambu-med-komfortresar-3-pack-strumpa-av-bambu-svart\/#primaryimage\"},\"image\":{\"@id\":\"https:\/\/wiges.se\/handla\/herr\/bambu\/bambustrumpor\/3-pack-strumpa-av-bambu-med-komfortresar-3-pack-strumpa-av-bambu-svart\/#primaryimage\"},\"thumbnailUrl\":\"https:\/\/wiges.se\/handla\/wp-content\/uploads\/2025\/10\/00005254301-scaled.jpg\",\"datePublished\":\"2025-10-15T20:38:28+00:00\",\"dateModified\":\"2026-04-30T09:21:15+00:00\",\"breadcrumb\":{\"@id\":\"https:\/\/wiges.se\/handla\/herr\/bambu\/bambustrumpor\/3-pack-strumpa-av-bambu-med-komfortresar-3-pack-strumpa-av-bambu-svart\/#breadcrumb\"},\"inLanguage\":\"sv-SE\",\"potentialAction\":[{\"@type\":\"ReadAction\",\"target\":[\"https:\/\/wiges.se\/handla\/herr\/bambu\/bambustrumpor\/3-pack-strumpa-av-bambu-med-komfortresar-3-pack-strumpa-av-bambu-svart\/\"]}]},{\"@type\":\"ImageObject\",\"inLanguage\":\"sv-SE\",\"@id\":\"https:\/\/wiges.se\/handla\/herr\/bambu\/bambustrumpor\/3-pack-strumpa-av-bambu-med-komfortresar-3-pack-strumpa-av-bambu-svart\/#primaryimage\",\"url\":\"https:\/\/wiges.se\/handla\/wp-content\/uploads\/2025\/10\/00005254301-scaled.jpg\",\"contentUrl\":\"https:\/\/wiges.se\/handla\/wp-content\/uploads\/2025\/10\/00005254301-scaled.jpg\",\"width\":1969,\"height\":2560},{\"@type\":\"BreadcrumbList\",\"@id\":\"https:\/\/wiges.se\/handla\/herr\/bambu\/bambustrumpor\/3-pack-strumpa-av-bambu-med-komfortresar-3-pack-strumpa-av-bambu-svart\/#breadcrumb\",\"itemListElement\":[{\"@type\":\"ListItem\",\"position\":1,\"name\":\"Hem\",\"item\":\"https:\/\/wiges.se\/handla\/\"},{\"@type\":\"ListItem\",\"position\":2,\"name\":\"Butik\",\"item\":\"https:\/\/wiges.se\/handla\/butik\/\"},{\"@type\":\"ListItem\",\"position\":3,\"name\":\"Dam\",\"item\":\"https:\/\/wiges.se\/handla\/dam\/\"},{\"@type\":\"ListItem\",\"position\":4,\"name\":\"Bambu\",\"item\":\"https:\/\/wiges.se\/handla\/dam\/bambu\/\"},{\"@type\":\"ListItem\",\"position\":5,\"name\":\"Bambustrumpor\",\"item\":\"https:\/\/wiges.se\/handla\/dam\/bambu\/bambustrumpor-bambu\/\"},{\"@type\":\"ListItem\",\"position\":6,\"name\":\"3-pack strumpa av bambu med komfortres\u00e5r &#8211; Svart\"}]},{\"@type\":\"WebSite\",\"@id\":\"https:\/\/wiges.se\/handla\/#website\",\"url\":\"https:\/\/wiges.se\/handla\/\",\"name\":\"Wiges\",\"description\":\"\",\"potentialAction\":[{\"@type\":\"SearchAction\",\"target\":{\"@type\":\"EntryPoint\",\"urlTemplate\":\"https:\/\/wiges.se\/handla\/?s={search_term_string}\"},\"query-input\":{\"@type\":\"PropertyValueSpecification\",\"valueRequired\":true,\"valueName\":\"search_term_string\"}}],\"inLanguage\":\"sv-SE\"}]}<\/script>\n<!-- \/ Yoast SEO plugin. -->","yoast_head_json":{"title":"3-pack strumpa av bambu med komfortres\u00e5r - Svart - Wiges","robots":{"index":"index","follow":"follow","max-snippet":"max-snippet:-1","max-image-preview":"max-image-preview:large","max-video-preview":"max-video-preview:-1"},"canonical":"https:\/\/wiges.se\/handla\/herr\/bambu\/bambustrumpor\/3-pack-strumpa-av-bambu-med-komfortresar-3-pack-strumpa-av-bambu-svart\/","og_locale":"sv_SE","og_type":"article","og_title":"3-pack strumpa av bambu med komfortres\u00e5r - Svart - Wiges","og_description":"3-pack strumpa av mjuk och sk\u00f6n bambu. Piquestickad res\u00e5r i skaftet f\u00f6r ytterligare komfort. F\u00f6rst\u00e4rkt t\u00e5 och h\u00e4l f\u00f6r extra slitstyrka. Unisexmodell. Bambuns naturliga egenskaper g\u00f6r att strumpan \u00e4r b\u00e5de fukt och temperaturreglerande, vilket g\u00f6r att den h\u00e5ller f\u00f6tterna torra och fr\u00e4scha l\u00e4ngre.","og_url":"https:\/\/wiges.se\/handla\/herr\/bambu\/bambustrumpor\/3-pack-strumpa-av-bambu-med-komfortresar-3-pack-strumpa-av-bambu-svart\/","og_site_name":"Wiges","article_modified_time":"2026-04-30T09:21:15+00:00","og_image":[{"width":1969,"height":2560,"url":"https:\/\/wiges.se\/handla\/wp-content\/uploads\/2025\/10\/00005254301-scaled.jpg","type":"image\/jpeg"}],"twitter_card":"summary_large_image","schema":{"@context":"https:\/\/schema.org","@graph":[{"@type":"WebPage","@id":"https:\/\/wiges.se\/handla\/herr\/bambu\/bambustrumpor\/3-pack-strumpa-av-bambu-med-komfortresar-3-pack-strumpa-av-bambu-svart\/","url":"https:\/\/wiges.se\/handla\/herr\/bambu\/bambustrumpor\/3-pack-strumpa-av-bambu-med-komfortresar-3-pack-strumpa-av-bambu-svart\/","name":"3-pack strumpa av bambu med komfortres\u00e5r - Svart - Wiges","isPartOf":{"@id":"https:\/\/wiges.se\/handla\/#website"},"primaryImageOfPage":{"@id":"https:\/\/wiges.se\/handla\/herr\/bambu\/bambustrumpor\/3-pack-strumpa-av-bambu-med-komfortresar-3-pack-strumpa-av-bambu-svart\/#primaryimage"},"image":{"@id":"https:\/\/wiges.se\/handla\/herr\/bambu\/bambustrumpor\/3-pack-strumpa-av-bambu-med-komfortresar-3-pack-strumpa-av-bambu-svart\/#primaryimage"},"thumbnailUrl":"https:\/\/wiges.se\/handla\/wp-content\/uploads\/2025\/10\/00005254301-scaled.jpg","datePublished":"2025-10-15T20:38:28+00:00","dateModified":"2026-04-30T09:21:15+00:00","breadcrumb":{"@id":"https:\/\/wiges.se\/handla\/herr\/bambu\/bambustrumpor\/3-pack-strumpa-av-bambu-med-komfortresar-3-pack-strumpa-av-bambu-svart\/#breadcrumb"},"inLanguage":"sv-SE","potentialAction":[{"@type":"ReadAction","target":["https:\/\/wiges.se\/handla\/herr\/bambu\/bambustrumpor\/3-pack-strumpa-av-bambu-med-komfortresar-3-pack-strumpa-av-bambu-svart\/"]}]},{"@type":"ImageObject","inLanguage":"sv-SE","@id":"https:\/\/wiges.se\/handla\/herr\/bambu\/bambustrumpor\/3-pack-strumpa-av-bambu-med-komfortresar-3-pack-strumpa-av-bambu-svart\/#primaryimage","url":"https:\/\/wiges.se\/handla\/wp-content\/uploads\/2025\/10\/00005254301-scaled.jpg","contentUrl":"https:\/\/wiges.se\/handla\/wp-content\/uploads\/2025\/10\/00005254301-scaled.jpg","width":1969,"height":2560},{"@type":"BreadcrumbList","@id":"https:\/\/wiges.se\/handla\/herr\/bambu\/bambustrumpor\/3-pack-strumpa-av-bambu-med-komfortresar-3-pack-strumpa-av-bambu-svart\/#breadcrumb","itemListElement":[{"@type":"ListItem","position":1,"name":"Hem","item":"https:\/\/wiges.se\/handla\/"},{"@type":"ListItem","position":2,"name":"Butik","item":"https:\/\/wiges.se\/handla\/butik\/"},{"@type":"ListItem","position":3,"name":"Dam","item":"https:\/\/wiges.se\/handla\/dam\/"},{"@type":"ListItem","position":4,"name":"Bambu","item":"https:\/\/wiges.se\/handla\/dam\/bambu\/"},{"@type":"ListItem","position":5,"name":"Bambustrumpor","item":"https:\/\/wiges.se\/handla\/dam\/bambu\/bambustrumpor-bambu\/"},{"@type":"ListItem","position":6,"name":"3-pack strumpa av bambu med komfortres\u00e5r &#8211; Svart"}]},{"@type":"WebSite","@id":"https:\/\/wiges.se\/handla\/#website","url":"https:\/\/wiges.se\/handla\/","name":"Wiges","description":"","potentialAction":[{"@type":"SearchAction","target":{"@type":"EntryPoint","urlTemplate":"https:\/\/wiges.se\/handla\/?s={search_term_string}"},"query-input":{"@type":"PropertyValueSpecification","valueRequired":true,"valueName":"search_term_string"}}],"inLanguage":"sv-SE"}]}},"_links":{"self":[{"href":"https:\/\/wiges.se\/handla\/wp-json\/wp\/v2\/product\/904","targetHints":{"allow":["GET"]}}],"collection":[{"href":"https:\/\/wiges.se\/handla\/wp-json\/wp\/v2\/product"}],"about":[{"href":"https:\/\/wiges.se\/handla\/wp-json\/wp\/v2\/types\/product"}],"replies":[{"embeddable":true,"href":"https:\/\/wiges.se\/handla\/wp-json\/wp\/v2\/comments?post=904"}],"wp:featuredmedia":[{"embeddable":true,"href":"https:\/\/wiges.se\/handla\/wp-json\/wp\/v2\/media\/902"}],"wp:attachment":[{"href":"https:\/\/wiges.se\/handla\/wp-json\/wp\/v2\/media?parent=904"}],"wp:term":[{"taxonomy":"product_brand","embeddable":true,"href":"https:\/\/wiges.se\/handla\/wp-json\/wp\/v2\/product_brand?post=904"},{"taxonomy":"product_cat","embeddable":true,"href":"https:\/\/wiges.se\/handla\/wp-json\/wp\/v2\/product_cat?post=904"},{"taxonomy":"product_tag","embeddable":true,"href":"https:\/\/wiges.se\/handla\/wp-json\/wp\/v2\/product_tag?post=904"}],"curies":[{"name":"wp","href":"https:\/\/api.w.org\/{rel}","templated":true}]}}