{"id":631,"date":"2025-10-15T22:29:35","date_gmt":"2025-10-15T20:29:35","guid":{"rendered":"https:\/\/wiges.se\/handla\/?post_type=product&#038;p=631"},"modified":"2026-04-16T16:31:47","modified_gmt":"2026-04-16T14:31:47","slug":"t-shirt-av-bambu-vit","status":"publish","type":"product","link":"https:\/\/wiges.se\/handla\/herr\/bambu\/bambuklader\/t-shirt-av-bambu-vit\/","title":{"rendered":"T-shirt av bambu &#8211; Vit"},"content":{"rendered":"","protected":false},"excerpt":{"rendered":"<p>Rundhalsad T-shirt av mjuk och sk\u00f6n viskos av bambu. Den naturliga bambufibern g\u00f6r plagget fukttransporterande och temperaturreglerande \u2013 h\u00e5ller huden torr, sval och fr\u00e4sch l\u00e4ngre. Designad med mjuka s\u00f6mmar som inte skaver f\u00f6r maximal komfort.<\/p>\n","protected":false},"featured_media":628,"comment_status":"open","ping_status":"closed","template":"","meta":{"_acf_changed":false},"product_brand":[],"product_cat":[67,76,115,81,98,293],"product_tag":[],"class_list":{"0":"post-631","1":"product","2":"type-product","3":"status-publish","4":"has-post-thumbnail","6":"product_cat-herr","7":"product_cat-klader-herr","8":"product_cat-t-shirts-herr","9":"product_cat-bambu-herr","10":"product_cat-bambuklader","11":"product_cat-bambu-2","13":"first","14":"instock","15":"taxable","16":"shipping-taxable","17":"purchasable","18":"product-type-variable"},"acf":[],"yoast_head":"<!-- This site is optimized with the Yoast SEO plugin v26.7 - https:\/\/yoast.com\/wordpress\/plugins\/seo\/ -->\n<title>T-shirt av bambu - Vit - Wiges<\/title>\n<meta name=\"robots\" content=\"index, follow, max-snippet:-1, max-image-preview:large, max-video-preview:-1\" \/>\n<link rel=\"canonical\" href=\"https:\/\/wiges.se\/handla\/herr\/bambu\/bambuklader\/t-shirt-av-bambu-vit\/\" \/>\n<meta property=\"og:locale\" content=\"sv_SE\" \/>\n<meta property=\"og:type\" content=\"article\" \/>\n<meta property=\"og:title\" content=\"T-shirt av bambu - Vit - Wiges\" \/>\n<meta property=\"og:description\" content=\"Rundhalsad T-shirt av mjuk och sk\u00f6n viskos av bambu. Den naturliga bambufibern g\u00f6r plagget fukttransporterande och temperaturreglerande \u2013 h\u00e5ller huden torr, sval och fr\u00e4sch l\u00e4ngre. Designad med mjuka s\u00f6mmar som inte skaver f\u00f6r maximal komfort.\" \/>\n<meta property=\"og:url\" content=\"https:\/\/wiges.se\/handla\/herr\/bambu\/bambuklader\/t-shirt-av-bambu-vit\/\" \/>\n<meta property=\"og:site_name\" content=\"Wiges\" \/>\n<meta property=\"article:modified_time\" content=\"2026-04-16T14:31:47+00:00\" \/>\n<meta property=\"og:image\" content=\"https:\/\/wiges.se\/handla\/wp-content\/uploads\/2025\/10\/00009172702-scaled.jpg\" \/>\n\t<meta property=\"og:image:width\" content=\"1969\" \/>\n\t<meta property=\"og:image:height\" content=\"2560\" \/>\n\t<meta property=\"og:image:type\" content=\"image\/jpeg\" \/>\n<meta name=\"twitter:card\" content=\"summary_large_image\" \/>\n<script type=\"application\/ld+json\" class=\"yoast-schema-graph\">{\"@context\":\"https:\/\/schema.org\",\"@graph\":[{\"@type\":\"WebPage\",\"@id\":\"https:\/\/wiges.se\/handla\/herr\/bambu\/bambuklader\/t-shirt-av-bambu-vit\/\",\"url\":\"https:\/\/wiges.se\/handla\/herr\/bambu\/bambuklader\/t-shirt-av-bambu-vit\/\",\"name\":\"T-shirt av bambu - Vit - Wiges\",\"isPartOf\":{\"@id\":\"https:\/\/wiges.se\/handla\/#website\"},\"primaryImageOfPage\":{\"@id\":\"https:\/\/wiges.se\/handla\/herr\/bambu\/bambuklader\/t-shirt-av-bambu-vit\/#primaryimage\"},\"image\":{\"@id\":\"https:\/\/wiges.se\/handla\/herr\/bambu\/bambuklader\/t-shirt-av-bambu-vit\/#primaryimage\"},\"thumbnailUrl\":\"https:\/\/wiges.se\/handla\/wp-content\/uploads\/2025\/10\/00009172702-scaled.jpg\",\"datePublished\":\"2025-10-15T20:29:35+00:00\",\"dateModified\":\"2026-04-16T14:31:47+00:00\",\"breadcrumb\":{\"@id\":\"https:\/\/wiges.se\/handla\/herr\/bambu\/bambuklader\/t-shirt-av-bambu-vit\/#breadcrumb\"},\"inLanguage\":\"sv-SE\",\"potentialAction\":[{\"@type\":\"ReadAction\",\"target\":[\"https:\/\/wiges.se\/handla\/herr\/bambu\/bambuklader\/t-shirt-av-bambu-vit\/\"]}]},{\"@type\":\"ImageObject\",\"inLanguage\":\"sv-SE\",\"@id\":\"https:\/\/wiges.se\/handla\/herr\/bambu\/bambuklader\/t-shirt-av-bambu-vit\/#primaryimage\",\"url\":\"https:\/\/wiges.se\/handla\/wp-content\/uploads\/2025\/10\/00009172702-scaled.jpg\",\"contentUrl\":\"https:\/\/wiges.se\/handla\/wp-content\/uploads\/2025\/10\/00009172702-scaled.jpg\",\"width\":1969,\"height\":2560},{\"@type\":\"BreadcrumbList\",\"@id\":\"https:\/\/wiges.se\/handla\/herr\/bambu\/bambuklader\/t-shirt-av-bambu-vit\/#breadcrumb\",\"itemListElement\":[{\"@type\":\"ListItem\",\"position\":1,\"name\":\"Hem\",\"item\":\"https:\/\/wiges.se\/handla\/\"},{\"@type\":\"ListItem\",\"position\":2,\"name\":\"Butik\",\"item\":\"https:\/\/wiges.se\/handla\/butik\/\"},{\"@type\":\"ListItem\",\"position\":3,\"name\":\"Herr\",\"item\":\"https:\/\/wiges.se\/handla\/herr\/\"},{\"@type\":\"ListItem\",\"position\":4,\"name\":\"Bambu\",\"item\":\"https:\/\/wiges.se\/handla\/herr\/bambu\/\"},{\"@type\":\"ListItem\",\"position\":5,\"name\":\"Bambukl\u00e4der\",\"item\":\"https:\/\/wiges.se\/handla\/herr\/bambu\/bambuklader\/\"},{\"@type\":\"ListItem\",\"position\":6,\"name\":\"T-shirt av bambu &#8211; Vit\"}]},{\"@type\":\"WebSite\",\"@id\":\"https:\/\/wiges.se\/handla\/#website\",\"url\":\"https:\/\/wiges.se\/handla\/\",\"name\":\"Wiges\",\"description\":\"\",\"potentialAction\":[{\"@type\":\"SearchAction\",\"target\":{\"@type\":\"EntryPoint\",\"urlTemplate\":\"https:\/\/wiges.se\/handla\/?s={search_term_string}\"},\"query-input\":{\"@type\":\"PropertyValueSpecification\",\"valueRequired\":true,\"valueName\":\"search_term_string\"}}],\"inLanguage\":\"sv-SE\"}]}<\/script>\n<!-- \/ Yoast SEO plugin. -->","yoast_head_json":{"title":"T-shirt av bambu - Vit - Wiges","robots":{"index":"index","follow":"follow","max-snippet":"max-snippet:-1","max-image-preview":"max-image-preview:large","max-video-preview":"max-video-preview:-1"},"canonical":"https:\/\/wiges.se\/handla\/herr\/bambu\/bambuklader\/t-shirt-av-bambu-vit\/","og_locale":"sv_SE","og_type":"article","og_title":"T-shirt av bambu - Vit - Wiges","og_description":"Rundhalsad T-shirt av mjuk och sk\u00f6n viskos av bambu. Den naturliga bambufibern g\u00f6r plagget fukttransporterande och temperaturreglerande \u2013 h\u00e5ller huden torr, sval och fr\u00e4sch l\u00e4ngre. Designad med mjuka s\u00f6mmar som inte skaver f\u00f6r maximal komfort.","og_url":"https:\/\/wiges.se\/handla\/herr\/bambu\/bambuklader\/t-shirt-av-bambu-vit\/","og_site_name":"Wiges","article_modified_time":"2026-04-16T14:31:47+00:00","og_image":[{"width":1969,"height":2560,"url":"https:\/\/wiges.se\/handla\/wp-content\/uploads\/2025\/10\/00009172702-scaled.jpg","type":"image\/jpeg"}],"twitter_card":"summary_large_image","schema":{"@context":"https:\/\/schema.org","@graph":[{"@type":"WebPage","@id":"https:\/\/wiges.se\/handla\/herr\/bambu\/bambuklader\/t-shirt-av-bambu-vit\/","url":"https:\/\/wiges.se\/handla\/herr\/bambu\/bambuklader\/t-shirt-av-bambu-vit\/","name":"T-shirt av bambu - Vit - Wiges","isPartOf":{"@id":"https:\/\/wiges.se\/handla\/#website"},"primaryImageOfPage":{"@id":"https:\/\/wiges.se\/handla\/herr\/bambu\/bambuklader\/t-shirt-av-bambu-vit\/#primaryimage"},"image":{"@id":"https:\/\/wiges.se\/handla\/herr\/bambu\/bambuklader\/t-shirt-av-bambu-vit\/#primaryimage"},"thumbnailUrl":"https:\/\/wiges.se\/handla\/wp-content\/uploads\/2025\/10\/00009172702-scaled.jpg","datePublished":"2025-10-15T20:29:35+00:00","dateModified":"2026-04-16T14:31:47+00:00","breadcrumb":{"@id":"https:\/\/wiges.se\/handla\/herr\/bambu\/bambuklader\/t-shirt-av-bambu-vit\/#breadcrumb"},"inLanguage":"sv-SE","potentialAction":[{"@type":"ReadAction","target":["https:\/\/wiges.se\/handla\/herr\/bambu\/bambuklader\/t-shirt-av-bambu-vit\/"]}]},{"@type":"ImageObject","inLanguage":"sv-SE","@id":"https:\/\/wiges.se\/handla\/herr\/bambu\/bambuklader\/t-shirt-av-bambu-vit\/#primaryimage","url":"https:\/\/wiges.se\/handla\/wp-content\/uploads\/2025\/10\/00009172702-scaled.jpg","contentUrl":"https:\/\/wiges.se\/handla\/wp-content\/uploads\/2025\/10\/00009172702-scaled.jpg","width":1969,"height":2560},{"@type":"BreadcrumbList","@id":"https:\/\/wiges.se\/handla\/herr\/bambu\/bambuklader\/t-shirt-av-bambu-vit\/#breadcrumb","itemListElement":[{"@type":"ListItem","position":1,"name":"Hem","item":"https:\/\/wiges.se\/handla\/"},{"@type":"ListItem","position":2,"name":"Butik","item":"https:\/\/wiges.se\/handla\/butik\/"},{"@type":"ListItem","position":3,"name":"Herr","item":"https:\/\/wiges.se\/handla\/herr\/"},{"@type":"ListItem","position":4,"name":"Bambu","item":"https:\/\/wiges.se\/handla\/herr\/bambu\/"},{"@type":"ListItem","position":5,"name":"Bambukl\u00e4der","item":"https:\/\/wiges.se\/handla\/herr\/bambu\/bambuklader\/"},{"@type":"ListItem","position":6,"name":"T-shirt av bambu &#8211; Vit"}]},{"@type":"WebSite","@id":"https:\/\/wiges.se\/handla\/#website","url":"https:\/\/wiges.se\/handla\/","name":"Wiges","description":"","potentialAction":[{"@type":"SearchAction","target":{"@type":"EntryPoint","urlTemplate":"https:\/\/wiges.se\/handla\/?s={search_term_string}"},"query-input":{"@type":"PropertyValueSpecification","valueRequired":true,"valueName":"search_term_string"}}],"inLanguage":"sv-SE"}]}},"_links":{"self":[{"href":"https:\/\/wiges.se\/handla\/wp-json\/wp\/v2\/product\/631","targetHints":{"allow":["GET"]}}],"collection":[{"href":"https:\/\/wiges.se\/handla\/wp-json\/wp\/v2\/product"}],"about":[{"href":"https:\/\/wiges.se\/handla\/wp-json\/wp\/v2\/types\/product"}],"replies":[{"embeddable":true,"href":"https:\/\/wiges.se\/handla\/wp-json\/wp\/v2\/comments?post=631"}],"wp:featuredmedia":[{"embeddable":true,"href":"https:\/\/wiges.se\/handla\/wp-json\/wp\/v2\/media\/628"}],"wp:attachment":[{"href":"https:\/\/wiges.se\/handla\/wp-json\/wp\/v2\/media?parent=631"}],"wp:term":[{"taxonomy":"product_brand","embeddable":true,"href":"https:\/\/wiges.se\/handla\/wp-json\/wp\/v2\/product_brand?post=631"},{"taxonomy":"product_cat","embeddable":true,"href":"https:\/\/wiges.se\/handla\/wp-json\/wp\/v2\/product_cat?post=631"},{"taxonomy":"product_tag","embeddable":true,"href":"https:\/\/wiges.se\/handla\/wp-json\/wp\/v2\/product_tag?post=631"}],"curies":[{"name":"wp","href":"https:\/\/api.w.org\/{rel}","templated":true}]}}