{"id":606,"date":"2025-10-15T22:28:48","date_gmt":"2025-10-15T20:28:48","guid":{"rendered":"https:\/\/wiges.se\/handla\/?post_type=product&#038;p=606"},"modified":"2026-04-20T11:41:08","modified_gmt":"2026-04-20T09:41:08","slug":"klanning-av-bambu-sand","status":"publish","type":"product","link":"https:\/\/wiges.se\/handla\/dam\/bambu\/bambuklader\/klanning-av-bambu-sand\/","title":{"rendered":"Kl\u00e4nning av bambu &#8211; Sand"},"content":{"rendered":"","protected":false},"excerpt":{"rendered":"<p>Midil\u00e5ng kl\u00e4nning av bambu. Mjuk, sk\u00f6n och rymlig.<\/p>\n","protected":false},"featured_media":605,"comment_status":"open","ping_status":"closed","template":"","meta":{"_acf_changed":false},"product_brand":[],"product_cat":[304,66,71,151,293],"product_tag":[],"class_list":{"0":"post-606","1":"product","2":"type-product","3":"status-publish","4":"has-post-thumbnail","6":"product_cat-klanningar","7":"product_cat-dam","8":"product_cat-klader","9":"product_cat-bambuklader-bambu","10":"product_cat-bambu-2","12":"first","13":"outofstock","14":"taxable","15":"shipping-taxable","16":"product-type-variable"},"acf":[],"yoast_head":"<!-- This site is optimized with the Yoast SEO plugin v26.7 - https:\/\/yoast.com\/wordpress\/plugins\/seo\/ -->\n<title>Kl\u00e4nning av bambu - Sand - Wiges<\/title>\n<meta name=\"robots\" content=\"index, follow, max-snippet:-1, max-image-preview:large, max-video-preview:-1\" \/>\n<link rel=\"canonical\" href=\"https:\/\/wiges.se\/handla\/dam\/bambu\/bambuklader\/klanning-av-bambu-sand\/\" \/>\n<meta property=\"og:locale\" content=\"sv_SE\" \/>\n<meta property=\"og:type\" content=\"article\" \/>\n<meta property=\"og:title\" content=\"Kl\u00e4nning av bambu - Sand - Wiges\" \/>\n<meta property=\"og:description\" content=\"Midil\u00e5ng kl\u00e4nning av bambu. Mjuk, sk\u00f6n och rymlig.\" \/>\n<meta property=\"og:url\" content=\"https:\/\/wiges.se\/handla\/dam\/bambu\/bambuklader\/klanning-av-bambu-sand\/\" \/>\n<meta property=\"og:site_name\" content=\"Wiges\" \/>\n<meta property=\"article:modified_time\" content=\"2026-04-20T09:41:08+00:00\" \/>\n<meta property=\"og:image\" content=\"https:\/\/wiges.se\/handla\/wp-content\/uploads\/2025\/10\/000092094a4-scaled.jpg\" \/>\n\t<meta property=\"og:image:width\" content=\"1969\" \/>\n\t<meta property=\"og:image:height\" content=\"2560\" \/>\n\t<meta property=\"og:image:type\" content=\"image\/jpeg\" \/>\n<meta name=\"twitter:card\" content=\"summary_large_image\" \/>\n<meta name=\"twitter:label1\" content=\"Ber\u00e4knad l\u00e4stid\" \/>\n\t<meta name=\"twitter:data1\" content=\"1 minut\" \/>\n<script type=\"application\/ld+json\" class=\"yoast-schema-graph\">{\"@context\":\"https:\/\/schema.org\",\"@graph\":[{\"@type\":\"WebPage\",\"@id\":\"https:\/\/wiges.se\/handla\/dam\/bambu\/bambuklader\/klanning-av-bambu-sand\/\",\"url\":\"https:\/\/wiges.se\/handla\/dam\/bambu\/bambuklader\/klanning-av-bambu-sand\/\",\"name\":\"Kl\u00e4nning av bambu - Sand - Wiges\",\"isPartOf\":{\"@id\":\"https:\/\/wiges.se\/handla\/#website\"},\"primaryImageOfPage\":{\"@id\":\"https:\/\/wiges.se\/handla\/dam\/bambu\/bambuklader\/klanning-av-bambu-sand\/#primaryimage\"},\"image\":{\"@id\":\"https:\/\/wiges.se\/handla\/dam\/bambu\/bambuklader\/klanning-av-bambu-sand\/#primaryimage\"},\"thumbnailUrl\":\"https:\/\/wiges.se\/handla\/wp-content\/uploads\/2025\/10\/000092094a4-scaled.jpg\",\"datePublished\":\"2025-10-15T20:28:48+00:00\",\"dateModified\":\"2026-04-20T09:41:08+00:00\",\"breadcrumb\":{\"@id\":\"https:\/\/wiges.se\/handla\/dam\/bambu\/bambuklader\/klanning-av-bambu-sand\/#breadcrumb\"},\"inLanguage\":\"sv-SE\",\"potentialAction\":[{\"@type\":\"ReadAction\",\"target\":[\"https:\/\/wiges.se\/handla\/dam\/bambu\/bambuklader\/klanning-av-bambu-sand\/\"]}]},{\"@type\":\"ImageObject\",\"inLanguage\":\"sv-SE\",\"@id\":\"https:\/\/wiges.se\/handla\/dam\/bambu\/bambuklader\/klanning-av-bambu-sand\/#primaryimage\",\"url\":\"https:\/\/wiges.se\/handla\/wp-content\/uploads\/2025\/10\/000092094a4-scaled.jpg\",\"contentUrl\":\"https:\/\/wiges.se\/handla\/wp-content\/uploads\/2025\/10\/000092094a4-scaled.jpg\",\"width\":1969,\"height\":2560},{\"@type\":\"BreadcrumbList\",\"@id\":\"https:\/\/wiges.se\/handla\/dam\/bambu\/bambuklader\/klanning-av-bambu-sand\/#breadcrumb\",\"itemListElement\":[{\"@type\":\"ListItem\",\"position\":1,\"name\":\"Hem\",\"item\":\"https:\/\/wiges.se\/handla\/\"},{\"@type\":\"ListItem\",\"position\":2,\"name\":\"Butik\",\"item\":\"https:\/\/wiges.se\/handla\/butik\/\"},{\"@type\":\"ListItem\",\"position\":3,\"name\":\"Dam\",\"item\":\"https:\/\/wiges.se\/handla\/dam\/\"},{\"@type\":\"ListItem\",\"position\":4,\"name\":\"Kl\u00e4nning av bambu &#8211; Sand\"}]},{\"@type\":\"WebSite\",\"@id\":\"https:\/\/wiges.se\/handla\/#website\",\"url\":\"https:\/\/wiges.se\/handla\/\",\"name\":\"Wiges\",\"description\":\"\",\"potentialAction\":[{\"@type\":\"SearchAction\",\"target\":{\"@type\":\"EntryPoint\",\"urlTemplate\":\"https:\/\/wiges.se\/handla\/?s={search_term_string}\"},\"query-input\":{\"@type\":\"PropertyValueSpecification\",\"valueRequired\":true,\"valueName\":\"search_term_string\"}}],\"inLanguage\":\"sv-SE\"}]}<\/script>\n<!-- \/ Yoast SEO plugin. -->","yoast_head_json":{"title":"Kl\u00e4nning av bambu - Sand - Wiges","robots":{"index":"index","follow":"follow","max-snippet":"max-snippet:-1","max-image-preview":"max-image-preview:large","max-video-preview":"max-video-preview:-1"},"canonical":"https:\/\/wiges.se\/handla\/dam\/bambu\/bambuklader\/klanning-av-bambu-sand\/","og_locale":"sv_SE","og_type":"article","og_title":"Kl\u00e4nning av bambu - Sand - Wiges","og_description":"Midil\u00e5ng kl\u00e4nning av bambu. Mjuk, sk\u00f6n och rymlig.","og_url":"https:\/\/wiges.se\/handla\/dam\/bambu\/bambuklader\/klanning-av-bambu-sand\/","og_site_name":"Wiges","article_modified_time":"2026-04-20T09:41:08+00:00","og_image":[{"width":1969,"height":2560,"url":"https:\/\/wiges.se\/handla\/wp-content\/uploads\/2025\/10\/000092094a4-scaled.jpg","type":"image\/jpeg"}],"twitter_card":"summary_large_image","twitter_misc":{"Ber\u00e4knad l\u00e4stid":"1 minut"},"schema":{"@context":"https:\/\/schema.org","@graph":[{"@type":"WebPage","@id":"https:\/\/wiges.se\/handla\/dam\/bambu\/bambuklader\/klanning-av-bambu-sand\/","url":"https:\/\/wiges.se\/handla\/dam\/bambu\/bambuklader\/klanning-av-bambu-sand\/","name":"Kl\u00e4nning av bambu - Sand - Wiges","isPartOf":{"@id":"https:\/\/wiges.se\/handla\/#website"},"primaryImageOfPage":{"@id":"https:\/\/wiges.se\/handla\/dam\/bambu\/bambuklader\/klanning-av-bambu-sand\/#primaryimage"},"image":{"@id":"https:\/\/wiges.se\/handla\/dam\/bambu\/bambuklader\/klanning-av-bambu-sand\/#primaryimage"},"thumbnailUrl":"https:\/\/wiges.se\/handla\/wp-content\/uploads\/2025\/10\/000092094a4-scaled.jpg","datePublished":"2025-10-15T20:28:48+00:00","dateModified":"2026-04-20T09:41:08+00:00","breadcrumb":{"@id":"https:\/\/wiges.se\/handla\/dam\/bambu\/bambuklader\/klanning-av-bambu-sand\/#breadcrumb"},"inLanguage":"sv-SE","potentialAction":[{"@type":"ReadAction","target":["https:\/\/wiges.se\/handla\/dam\/bambu\/bambuklader\/klanning-av-bambu-sand\/"]}]},{"@type":"ImageObject","inLanguage":"sv-SE","@id":"https:\/\/wiges.se\/handla\/dam\/bambu\/bambuklader\/klanning-av-bambu-sand\/#primaryimage","url":"https:\/\/wiges.se\/handla\/wp-content\/uploads\/2025\/10\/000092094a4-scaled.jpg","contentUrl":"https:\/\/wiges.se\/handla\/wp-content\/uploads\/2025\/10\/000092094a4-scaled.jpg","width":1969,"height":2560},{"@type":"BreadcrumbList","@id":"https:\/\/wiges.se\/handla\/dam\/bambu\/bambuklader\/klanning-av-bambu-sand\/#breadcrumb","itemListElement":[{"@type":"ListItem","position":1,"name":"Hem","item":"https:\/\/wiges.se\/handla\/"},{"@type":"ListItem","position":2,"name":"Butik","item":"https:\/\/wiges.se\/handla\/butik\/"},{"@type":"ListItem","position":3,"name":"Dam","item":"https:\/\/wiges.se\/handla\/dam\/"},{"@type":"ListItem","position":4,"name":"Kl\u00e4nning av bambu &#8211; Sand"}]},{"@type":"WebSite","@id":"https:\/\/wiges.se\/handla\/#website","url":"https:\/\/wiges.se\/handla\/","name":"Wiges","description":"","potentialAction":[{"@type":"SearchAction","target":{"@type":"EntryPoint","urlTemplate":"https:\/\/wiges.se\/handla\/?s={search_term_string}"},"query-input":{"@type":"PropertyValueSpecification","valueRequired":true,"valueName":"search_term_string"}}],"inLanguage":"sv-SE"}]}},"_links":{"self":[{"href":"https:\/\/wiges.se\/handla\/wp-json\/wp\/v2\/product\/606","targetHints":{"allow":["GET"]}}],"collection":[{"href":"https:\/\/wiges.se\/handla\/wp-json\/wp\/v2\/product"}],"about":[{"href":"https:\/\/wiges.se\/handla\/wp-json\/wp\/v2\/types\/product"}],"replies":[{"embeddable":true,"href":"https:\/\/wiges.se\/handla\/wp-json\/wp\/v2\/comments?post=606"}],"wp:featuredmedia":[{"embeddable":true,"href":"https:\/\/wiges.se\/handla\/wp-json\/wp\/v2\/media\/605"}],"wp:attachment":[{"href":"https:\/\/wiges.se\/handla\/wp-json\/wp\/v2\/media?parent=606"}],"wp:term":[{"taxonomy":"product_brand","embeddable":true,"href":"https:\/\/wiges.se\/handla\/wp-json\/wp\/v2\/product_brand?post=606"},{"taxonomy":"product_cat","embeddable":true,"href":"https:\/\/wiges.se\/handla\/wp-json\/wp\/v2\/product_cat?post=606"},{"taxonomy":"product_tag","embeddable":true,"href":"https:\/\/wiges.se\/handla\/wp-json\/wp\/v2\/product_tag?post=606"}],"curies":[{"name":"wp","href":"https:\/\/api.w.org\/{rel}","templated":true}]}}