{"id":574,"date":"2025-10-15T22:27:50","date_gmt":"2025-10-15T20:27:50","guid":{"rendered":"https:\/\/wiges.se\/handla\/?post_type=product&#038;p=574"},"modified":"2026-04-21T19:55:09","modified_gmt":"2026-04-21T17:55:09","slug":"kompressionsstrumpa-mild-natur","status":"publish","type":"product","link":"https:\/\/wiges.se\/handla\/dam\/strumpor\/stodstrumpor\/kompressionsstrumpa-mild-natur\/","title":{"rendered":"Kompressionsstrumpa Mild &#8211; Natur"},"content":{"rendered":"","protected":false},"excerpt":{"rendered":"<p>Kompressionsstrumpa av mjuk bomull med mildare kompression (12 mmHg ). L\u00e4tt att ta av och p\u00e5. Strumpan f\u00f6rebygger svullna ben, blodproppar och \u00e5derbr\u00e5ck. \u00c4ven personer utan cirkulationsproblem har nytta av strumpan vid exempelvis flygresor eller l\u00e5nga dagar p\u00e5 jobb d\u00e4r man st\u00e5r och g\u00e5r mycket. Graderad kompression fr\u00e5n ankeln och upp\u00e5t. F\u00f6rst\u00e4rkt sula f\u00f6r l\u00e4ngre livsl\u00e4ngd.<\/p>\n","protected":false},"featured_media":573,"comment_status":"open","ping_status":"closed","template":"","meta":{"_acf_changed":false},"product_brand":[],"product_cat":[66,69,125,134,75,139,67,78,103,112],"product_tag":[],"class_list":{"0":"post-574","1":"product","2":"type-product","3":"status-publish","4":"has-post-thumbnail","6":"product_cat-dam","7":"product_cat-strumpor","8":"product_cat-enfargade-strumpor-strumpor","9":"product_cat-stodstrumpor-strumpor","10":"product_cat-medical","11":"product_cat-stodstrumpor-medical","12":"product_cat-herr","13":"product_cat-strumpor-herr","14":"product_cat-enfargade-strumpor","15":"product_cat-stodstrumpor-strumpor-herr","17":"first","18":"instock","19":"sale","20":"taxable","21":"shipping-taxable","22":"purchasable","23":"product-type-variable"},"acf":[],"yoast_head":"<!-- This site is optimized with the Yoast SEO plugin v26.7 - https:\/\/yoast.com\/wordpress\/plugins\/seo\/ -->\n<title>Kompressionsstrumpa Mild - Natur - Wiges<\/title>\n<meta name=\"robots\" content=\"index, follow, max-snippet:-1, max-image-preview:large, max-video-preview:-1\" \/>\n<link rel=\"canonical\" href=\"https:\/\/wiges.se\/handla\/dam\/strumpor\/stodstrumpor\/kompressionsstrumpa-mild-natur\/\" \/>\n<meta property=\"og:locale\" content=\"sv_SE\" \/>\n<meta property=\"og:type\" content=\"article\" \/>\n<meta property=\"og:title\" content=\"Kompressionsstrumpa Mild - Natur - Wiges\" \/>\n<meta property=\"og:description\" content=\"Kompressionsstrumpa av mjuk bomull med mildare kompression (12 mmHg ). L\u00e4tt att ta av och p\u00e5. Strumpan f\u00f6rebygger svullna ben, blodproppar och \u00e5derbr\u00e5ck. \u00c4ven personer utan cirkulationsproblem har nytta av strumpan vid exempelvis flygresor eller l\u00e5nga dagar p\u00e5 jobb d\u00e4r man st\u00e5r och g\u00e5r mycket. Graderad kompression fr\u00e5n ankeln och upp\u00e5t. F\u00f6rst\u00e4rkt sula f\u00f6r l\u00e4ngre livsl\u00e4ngd.\" \/>\n<meta property=\"og:url\" content=\"https:\/\/wiges.se\/handla\/dam\/strumpor\/stodstrumpor\/kompressionsstrumpa-mild-natur\/\" \/>\n<meta property=\"og:site_name\" content=\"Wiges\" \/>\n<meta property=\"article:modified_time\" content=\"2026-04-21T17:55:09+00:00\" \/>\n<meta property=\"og:image\" content=\"https:\/\/wiges.se\/handla\/wp-content\/uploads\/2025\/10\/00000530813-scaled.jpg\" \/>\n\t<meta property=\"og:image:width\" content=\"1969\" \/>\n\t<meta property=\"og:image:height\" content=\"2560\" \/>\n\t<meta property=\"og:image:type\" content=\"image\/jpeg\" \/>\n<meta name=\"twitter:card\" content=\"summary_large_image\" \/>\n<meta name=\"twitter:label1\" content=\"Ber\u00e4knad l\u00e4stid\" \/>\n\t<meta name=\"twitter:data1\" content=\"1 minut\" \/>\n<script type=\"application\/ld+json\" class=\"yoast-schema-graph\">{\"@context\":\"https:\/\/schema.org\",\"@graph\":[{\"@type\":\"WebPage\",\"@id\":\"https:\/\/wiges.se\/handla\/dam\/strumpor\/stodstrumpor\/kompressionsstrumpa-mild-natur\/\",\"url\":\"https:\/\/wiges.se\/handla\/dam\/strumpor\/stodstrumpor\/kompressionsstrumpa-mild-natur\/\",\"name\":\"Kompressionsstrumpa Mild - Natur - Wiges\",\"isPartOf\":{\"@id\":\"https:\/\/wiges.se\/handla\/#website\"},\"primaryImageOfPage\":{\"@id\":\"https:\/\/wiges.se\/handla\/dam\/strumpor\/stodstrumpor\/kompressionsstrumpa-mild-natur\/#primaryimage\"},\"image\":{\"@id\":\"https:\/\/wiges.se\/handla\/dam\/strumpor\/stodstrumpor\/kompressionsstrumpa-mild-natur\/#primaryimage\"},\"thumbnailUrl\":\"https:\/\/wiges.se\/handla\/wp-content\/uploads\/2025\/10\/00000530813-scaled.jpg\",\"datePublished\":\"2025-10-15T20:27:50+00:00\",\"dateModified\":\"2026-04-21T17:55:09+00:00\",\"breadcrumb\":{\"@id\":\"https:\/\/wiges.se\/handla\/dam\/strumpor\/stodstrumpor\/kompressionsstrumpa-mild-natur\/#breadcrumb\"},\"inLanguage\":\"sv-SE\",\"potentialAction\":[{\"@type\":\"ReadAction\",\"target\":[\"https:\/\/wiges.se\/handla\/dam\/strumpor\/stodstrumpor\/kompressionsstrumpa-mild-natur\/\"]}]},{\"@type\":\"ImageObject\",\"inLanguage\":\"sv-SE\",\"@id\":\"https:\/\/wiges.se\/handla\/dam\/strumpor\/stodstrumpor\/kompressionsstrumpa-mild-natur\/#primaryimage\",\"url\":\"https:\/\/wiges.se\/handla\/wp-content\/uploads\/2025\/10\/00000530813-scaled.jpg\",\"contentUrl\":\"https:\/\/wiges.se\/handla\/wp-content\/uploads\/2025\/10\/00000530813-scaled.jpg\",\"width\":1969,\"height\":2560},{\"@type\":\"BreadcrumbList\",\"@id\":\"https:\/\/wiges.se\/handla\/dam\/strumpor\/stodstrumpor\/kompressionsstrumpa-mild-natur\/#breadcrumb\",\"itemListElement\":[{\"@type\":\"ListItem\",\"position\":1,\"name\":\"Hem\",\"item\":\"https:\/\/wiges.se\/handla\/\"},{\"@type\":\"ListItem\",\"position\":2,\"name\":\"Butik\",\"item\":\"https:\/\/wiges.se\/handla\/butik\/\"},{\"@type\":\"ListItem\",\"position\":3,\"name\":\"Dam\",\"item\":\"https:\/\/wiges.se\/handla\/dam\/\"},{\"@type\":\"ListItem\",\"position\":4,\"name\":\"Strumpor\",\"item\":\"https:\/\/wiges.se\/handla\/dam\/strumpor\/\"},{\"@type\":\"ListItem\",\"position\":5,\"name\":\"St\u00f6dstrumpor\",\"item\":\"https:\/\/wiges.se\/handla\/dam\/strumpor\/stodstrumpor\/\"},{\"@type\":\"ListItem\",\"position\":6,\"name\":\"Kompressionsstrumpa Mild &#8211; Natur\"}]},{\"@type\":\"WebSite\",\"@id\":\"https:\/\/wiges.se\/handla\/#website\",\"url\":\"https:\/\/wiges.se\/handla\/\",\"name\":\"Wiges\",\"description\":\"\",\"potentialAction\":[{\"@type\":\"SearchAction\",\"target\":{\"@type\":\"EntryPoint\",\"urlTemplate\":\"https:\/\/wiges.se\/handla\/?s={search_term_string}\"},\"query-input\":{\"@type\":\"PropertyValueSpecification\",\"valueRequired\":true,\"valueName\":\"search_term_string\"}}],\"inLanguage\":\"sv-SE\"}]}<\/script>\n<!-- \/ Yoast SEO plugin. -->","yoast_head_json":{"title":"Kompressionsstrumpa Mild - Natur - Wiges","robots":{"index":"index","follow":"follow","max-snippet":"max-snippet:-1","max-image-preview":"max-image-preview:large","max-video-preview":"max-video-preview:-1"},"canonical":"https:\/\/wiges.se\/handla\/dam\/strumpor\/stodstrumpor\/kompressionsstrumpa-mild-natur\/","og_locale":"sv_SE","og_type":"article","og_title":"Kompressionsstrumpa Mild - Natur - Wiges","og_description":"Kompressionsstrumpa av mjuk bomull med mildare kompression (12 mmHg ). L\u00e4tt att ta av och p\u00e5. Strumpan f\u00f6rebygger svullna ben, blodproppar och \u00e5derbr\u00e5ck. \u00c4ven personer utan cirkulationsproblem har nytta av strumpan vid exempelvis flygresor eller l\u00e5nga dagar p\u00e5 jobb d\u00e4r man st\u00e5r och g\u00e5r mycket. Graderad kompression fr\u00e5n ankeln och upp\u00e5t. F\u00f6rst\u00e4rkt sula f\u00f6r l\u00e4ngre livsl\u00e4ngd.","og_url":"https:\/\/wiges.se\/handla\/dam\/strumpor\/stodstrumpor\/kompressionsstrumpa-mild-natur\/","og_site_name":"Wiges","article_modified_time":"2026-04-21T17:55:09+00:00","og_image":[{"width":1969,"height":2560,"url":"https:\/\/wiges.se\/handla\/wp-content\/uploads\/2025\/10\/00000530813-scaled.jpg","type":"image\/jpeg"}],"twitter_card":"summary_large_image","twitter_misc":{"Ber\u00e4knad l\u00e4stid":"1 minut"},"schema":{"@context":"https:\/\/schema.org","@graph":[{"@type":"WebPage","@id":"https:\/\/wiges.se\/handla\/dam\/strumpor\/stodstrumpor\/kompressionsstrumpa-mild-natur\/","url":"https:\/\/wiges.se\/handla\/dam\/strumpor\/stodstrumpor\/kompressionsstrumpa-mild-natur\/","name":"Kompressionsstrumpa Mild - Natur - Wiges","isPartOf":{"@id":"https:\/\/wiges.se\/handla\/#website"},"primaryImageOfPage":{"@id":"https:\/\/wiges.se\/handla\/dam\/strumpor\/stodstrumpor\/kompressionsstrumpa-mild-natur\/#primaryimage"},"image":{"@id":"https:\/\/wiges.se\/handla\/dam\/strumpor\/stodstrumpor\/kompressionsstrumpa-mild-natur\/#primaryimage"},"thumbnailUrl":"https:\/\/wiges.se\/handla\/wp-content\/uploads\/2025\/10\/00000530813-scaled.jpg","datePublished":"2025-10-15T20:27:50+00:00","dateModified":"2026-04-21T17:55:09+00:00","breadcrumb":{"@id":"https:\/\/wiges.se\/handla\/dam\/strumpor\/stodstrumpor\/kompressionsstrumpa-mild-natur\/#breadcrumb"},"inLanguage":"sv-SE","potentialAction":[{"@type":"ReadAction","target":["https:\/\/wiges.se\/handla\/dam\/strumpor\/stodstrumpor\/kompressionsstrumpa-mild-natur\/"]}]},{"@type":"ImageObject","inLanguage":"sv-SE","@id":"https:\/\/wiges.se\/handla\/dam\/strumpor\/stodstrumpor\/kompressionsstrumpa-mild-natur\/#primaryimage","url":"https:\/\/wiges.se\/handla\/wp-content\/uploads\/2025\/10\/00000530813-scaled.jpg","contentUrl":"https:\/\/wiges.se\/handla\/wp-content\/uploads\/2025\/10\/00000530813-scaled.jpg","width":1969,"height":2560},{"@type":"BreadcrumbList","@id":"https:\/\/wiges.se\/handla\/dam\/strumpor\/stodstrumpor\/kompressionsstrumpa-mild-natur\/#breadcrumb","itemListElement":[{"@type":"ListItem","position":1,"name":"Hem","item":"https:\/\/wiges.se\/handla\/"},{"@type":"ListItem","position":2,"name":"Butik","item":"https:\/\/wiges.se\/handla\/butik\/"},{"@type":"ListItem","position":3,"name":"Dam","item":"https:\/\/wiges.se\/handla\/dam\/"},{"@type":"ListItem","position":4,"name":"Strumpor","item":"https:\/\/wiges.se\/handla\/dam\/strumpor\/"},{"@type":"ListItem","position":5,"name":"St\u00f6dstrumpor","item":"https:\/\/wiges.se\/handla\/dam\/strumpor\/stodstrumpor\/"},{"@type":"ListItem","position":6,"name":"Kompressionsstrumpa Mild &#8211; Natur"}]},{"@type":"WebSite","@id":"https:\/\/wiges.se\/handla\/#website","url":"https:\/\/wiges.se\/handla\/","name":"Wiges","description":"","potentialAction":[{"@type":"SearchAction","target":{"@type":"EntryPoint","urlTemplate":"https:\/\/wiges.se\/handla\/?s={search_term_string}"},"query-input":{"@type":"PropertyValueSpecification","valueRequired":true,"valueName":"search_term_string"}}],"inLanguage":"sv-SE"}]}},"_links":{"self":[{"href":"https:\/\/wiges.se\/handla\/wp-json\/wp\/v2\/product\/574","targetHints":{"allow":["GET"]}}],"collection":[{"href":"https:\/\/wiges.se\/handla\/wp-json\/wp\/v2\/product"}],"about":[{"href":"https:\/\/wiges.se\/handla\/wp-json\/wp\/v2\/types\/product"}],"replies":[{"embeddable":true,"href":"https:\/\/wiges.se\/handla\/wp-json\/wp\/v2\/comments?post=574"}],"wp:featuredmedia":[{"embeddable":true,"href":"https:\/\/wiges.se\/handla\/wp-json\/wp\/v2\/media\/573"}],"wp:attachment":[{"href":"https:\/\/wiges.se\/handla\/wp-json\/wp\/v2\/media?parent=574"}],"wp:term":[{"taxonomy":"product_brand","embeddable":true,"href":"https:\/\/wiges.se\/handla\/wp-json\/wp\/v2\/product_brand?post=574"},{"taxonomy":"product_cat","embeddable":true,"href":"https:\/\/wiges.se\/handla\/wp-json\/wp\/v2\/product_cat?post=574"},{"taxonomy":"product_tag","embeddable":true,"href":"https:\/\/wiges.se\/handla\/wp-json\/wp\/v2\/product_tag?post=574"}],"curies":[{"name":"wp","href":"https:\/\/api.w.org\/{rel}","templated":true}]}}