{"id":3209,"date":"2025-10-16T13:16:04","date_gmt":"2025-10-16T11:16:04","guid":{"rendered":"https:\/\/wiges.se\/handla\/?post_type=product&#038;p=3209"},"modified":"2026-03-29T20:42:40","modified_gmt":"2026-03-29T18:42:40","slug":"ankelsock-med-ull-extra-los-resar-svart","status":"publish","type":"product","link":"https:\/\/wiges.se\/handla\/herr\/strumpor\/enfargade-strumpor\/ankelsock-med-ull-extra-los-resar-svart\/","title":{"rendered":"Ankelsock med ull extra l\u00f6s res\u00e5r &#8211; Svart"},"content":{"rendered":"","protected":false},"excerpt":{"rendered":"<p>Ullstrumpa med extra l\u00f6s res\u00e5r som inte skaver. Strumporna passar dig som vill ha extra mjuka strumpor eller har k\u00e4nsliga f\u00f6tter. Men \u00e4r \u00e4ven passande f\u00f6r dig som inte tycker om vanliga strumpor eller tycker att de sitter \u00e5t f\u00f6r h\u00e5rt. Strumpornas res\u00e5r \u00e4r extra stretchig, vilket g\u00f6r att den f\u00f6ljer benets form utan att skava eller trycka.<\/p>\n","protected":false},"featured_media":3207,"comment_status":"open","ping_status":"closed","template":"","meta":{"_acf_changed":false},"product_brand":[],"product_cat":[66,69,125,130,67,78,103,108],"product_tag":[],"class_list":{"0":"post-3209","1":"product","2":"type-product","3":"status-publish","4":"has-post-thumbnail","6":"product_cat-dam","7":"product_cat-strumpor","8":"product_cat-enfargade-strumpor-strumpor","9":"product_cat-kansliga-fotter-strumpor","10":"product_cat-herr","11":"product_cat-strumpor-herr","12":"product_cat-enfargade-strumpor","13":"product_cat-kansliga-fotter-strumpor-herr","15":"first","16":"instock","17":"taxable","18":"shipping-taxable","19":"purchasable","20":"product-type-variable"},"acf":[],"yoast_head":"<!-- This site is optimized with the Yoast SEO plugin v26.7 - https:\/\/yoast.com\/wordpress\/plugins\/seo\/ -->\n<title>Ankelsock med ull extra l\u00f6s res\u00e5r - Svart - Wiges<\/title>\n<meta name=\"robots\" content=\"index, follow, max-snippet:-1, max-image-preview:large, max-video-preview:-1\" \/>\n<link rel=\"canonical\" href=\"https:\/\/wiges.se\/handla\/herr\/strumpor\/enfargade-strumpor\/ankelsock-med-ull-extra-los-resar-svart\/\" \/>\n<meta property=\"og:locale\" content=\"sv_SE\" \/>\n<meta property=\"og:type\" content=\"article\" \/>\n<meta property=\"og:title\" content=\"Ankelsock med ull extra l\u00f6s res\u00e5r - Svart - Wiges\" \/>\n<meta property=\"og:description\" content=\"Ullstrumpa med extra l\u00f6s res\u00e5r som inte skaver. Strumporna passar dig som vill ha extra mjuka strumpor eller har k\u00e4nsliga f\u00f6tter. Men \u00e4r \u00e4ven passande f\u00f6r dig som inte tycker om vanliga strumpor eller tycker att de sitter \u00e5t f\u00f6r h\u00e5rt. Strumpornas res\u00e5r \u00e4r extra stretchig, vilket g\u00f6r att den f\u00f6ljer benets form utan att skava eller trycka.\" \/>\n<meta property=\"og:url\" content=\"https:\/\/wiges.se\/handla\/herr\/strumpor\/enfargade-strumpor\/ankelsock-med-ull-extra-los-resar-svart\/\" \/>\n<meta property=\"og:site_name\" content=\"Wiges\" \/>\n<meta property=\"article:modified_time\" content=\"2026-03-29T18:42:40+00:00\" \/>\n<meta property=\"og:image\" content=\"https:\/\/wiges.se\/handla\/wp-content\/uploads\/2025\/10\/00000585701-scaled.jpg\" \/>\n\t<meta property=\"og:image:width\" content=\"1969\" \/>\n\t<meta property=\"og:image:height\" content=\"2560\" \/>\n\t<meta property=\"og:image:type\" content=\"image\/jpeg\" \/>\n<meta name=\"twitter:card\" content=\"summary_large_image\" \/>\n<script type=\"application\/ld+json\" class=\"yoast-schema-graph\">{\"@context\":\"https:\/\/schema.org\",\"@graph\":[{\"@type\":\"WebPage\",\"@id\":\"https:\/\/wiges.se\/handla\/herr\/strumpor\/enfargade-strumpor\/ankelsock-med-ull-extra-los-resar-svart\/\",\"url\":\"https:\/\/wiges.se\/handla\/herr\/strumpor\/enfargade-strumpor\/ankelsock-med-ull-extra-los-resar-svart\/\",\"name\":\"Ankelsock med ull extra l\u00f6s res\u00e5r - Svart - Wiges\",\"isPartOf\":{\"@id\":\"https:\/\/wiges.se\/handla\/#website\"},\"primaryImageOfPage\":{\"@id\":\"https:\/\/wiges.se\/handla\/herr\/strumpor\/enfargade-strumpor\/ankelsock-med-ull-extra-los-resar-svart\/#primaryimage\"},\"image\":{\"@id\":\"https:\/\/wiges.se\/handla\/herr\/strumpor\/enfargade-strumpor\/ankelsock-med-ull-extra-los-resar-svart\/#primaryimage\"},\"thumbnailUrl\":\"https:\/\/wiges.se\/handla\/wp-content\/uploads\/2025\/10\/00000585701-scaled.jpg\",\"datePublished\":\"2025-10-16T11:16:04+00:00\",\"dateModified\":\"2026-03-29T18:42:40+00:00\",\"breadcrumb\":{\"@id\":\"https:\/\/wiges.se\/handla\/herr\/strumpor\/enfargade-strumpor\/ankelsock-med-ull-extra-los-resar-svart\/#breadcrumb\"},\"inLanguage\":\"sv-SE\",\"potentialAction\":[{\"@type\":\"ReadAction\",\"target\":[\"https:\/\/wiges.se\/handla\/herr\/strumpor\/enfargade-strumpor\/ankelsock-med-ull-extra-los-resar-svart\/\"]}]},{\"@type\":\"ImageObject\",\"inLanguage\":\"sv-SE\",\"@id\":\"https:\/\/wiges.se\/handla\/herr\/strumpor\/enfargade-strumpor\/ankelsock-med-ull-extra-los-resar-svart\/#primaryimage\",\"url\":\"https:\/\/wiges.se\/handla\/wp-content\/uploads\/2025\/10\/00000585701-scaled.jpg\",\"contentUrl\":\"https:\/\/wiges.se\/handla\/wp-content\/uploads\/2025\/10\/00000585701-scaled.jpg\",\"width\":1969,\"height\":2560},{\"@type\":\"BreadcrumbList\",\"@id\":\"https:\/\/wiges.se\/handla\/herr\/strumpor\/enfargade-strumpor\/ankelsock-med-ull-extra-los-resar-svart\/#breadcrumb\",\"itemListElement\":[{\"@type\":\"ListItem\",\"position\":1,\"name\":\"Hem\",\"item\":\"https:\/\/wiges.se\/handla\/\"},{\"@type\":\"ListItem\",\"position\":2,\"name\":\"Butik\",\"item\":\"https:\/\/wiges.se\/handla\/butik\/\"},{\"@type\":\"ListItem\",\"position\":3,\"name\":\"Herr\",\"item\":\"https:\/\/wiges.se\/handla\/herr\/\"},{\"@type\":\"ListItem\",\"position\":4,\"name\":\"Strumpor\",\"item\":\"https:\/\/wiges.se\/handla\/herr\/strumpor\/\"},{\"@type\":\"ListItem\",\"position\":5,\"name\":\"Enf\u00e4rgade strumpor\",\"item\":\"https:\/\/wiges.se\/handla\/herr\/strumpor\/enfargade-strumpor\/\"},{\"@type\":\"ListItem\",\"position\":6,\"name\":\"Ankelsock med ull extra l\u00f6s res\u00e5r &#8211; Svart\"}]},{\"@type\":\"WebSite\",\"@id\":\"https:\/\/wiges.se\/handla\/#website\",\"url\":\"https:\/\/wiges.se\/handla\/\",\"name\":\"Wiges\",\"description\":\"\",\"potentialAction\":[{\"@type\":\"SearchAction\",\"target\":{\"@type\":\"EntryPoint\",\"urlTemplate\":\"https:\/\/wiges.se\/handla\/?s={search_term_string}\"},\"query-input\":{\"@type\":\"PropertyValueSpecification\",\"valueRequired\":true,\"valueName\":\"search_term_string\"}}],\"inLanguage\":\"sv-SE\"}]}<\/script>\n<!-- \/ Yoast SEO plugin. -->","yoast_head_json":{"title":"Ankelsock med ull extra l\u00f6s res\u00e5r - Svart - Wiges","robots":{"index":"index","follow":"follow","max-snippet":"max-snippet:-1","max-image-preview":"max-image-preview:large","max-video-preview":"max-video-preview:-1"},"canonical":"https:\/\/wiges.se\/handla\/herr\/strumpor\/enfargade-strumpor\/ankelsock-med-ull-extra-los-resar-svart\/","og_locale":"sv_SE","og_type":"article","og_title":"Ankelsock med ull extra l\u00f6s res\u00e5r - Svart - Wiges","og_description":"Ullstrumpa med extra l\u00f6s res\u00e5r som inte skaver. Strumporna passar dig som vill ha extra mjuka strumpor eller har k\u00e4nsliga f\u00f6tter. Men \u00e4r \u00e4ven passande f\u00f6r dig som inte tycker om vanliga strumpor eller tycker att de sitter \u00e5t f\u00f6r h\u00e5rt. Strumpornas res\u00e5r \u00e4r extra stretchig, vilket g\u00f6r att den f\u00f6ljer benets form utan att skava eller trycka.","og_url":"https:\/\/wiges.se\/handla\/herr\/strumpor\/enfargade-strumpor\/ankelsock-med-ull-extra-los-resar-svart\/","og_site_name":"Wiges","article_modified_time":"2026-03-29T18:42:40+00:00","og_image":[{"width":1969,"height":2560,"url":"https:\/\/wiges.se\/handla\/wp-content\/uploads\/2025\/10\/00000585701-scaled.jpg","type":"image\/jpeg"}],"twitter_card":"summary_large_image","schema":{"@context":"https:\/\/schema.org","@graph":[{"@type":"WebPage","@id":"https:\/\/wiges.se\/handla\/herr\/strumpor\/enfargade-strumpor\/ankelsock-med-ull-extra-los-resar-svart\/","url":"https:\/\/wiges.se\/handla\/herr\/strumpor\/enfargade-strumpor\/ankelsock-med-ull-extra-los-resar-svart\/","name":"Ankelsock med ull extra l\u00f6s res\u00e5r - Svart - Wiges","isPartOf":{"@id":"https:\/\/wiges.se\/handla\/#website"},"primaryImageOfPage":{"@id":"https:\/\/wiges.se\/handla\/herr\/strumpor\/enfargade-strumpor\/ankelsock-med-ull-extra-los-resar-svart\/#primaryimage"},"image":{"@id":"https:\/\/wiges.se\/handla\/herr\/strumpor\/enfargade-strumpor\/ankelsock-med-ull-extra-los-resar-svart\/#primaryimage"},"thumbnailUrl":"https:\/\/wiges.se\/handla\/wp-content\/uploads\/2025\/10\/00000585701-scaled.jpg","datePublished":"2025-10-16T11:16:04+00:00","dateModified":"2026-03-29T18:42:40+00:00","breadcrumb":{"@id":"https:\/\/wiges.se\/handla\/herr\/strumpor\/enfargade-strumpor\/ankelsock-med-ull-extra-los-resar-svart\/#breadcrumb"},"inLanguage":"sv-SE","potentialAction":[{"@type":"ReadAction","target":["https:\/\/wiges.se\/handla\/herr\/strumpor\/enfargade-strumpor\/ankelsock-med-ull-extra-los-resar-svart\/"]}]},{"@type":"ImageObject","inLanguage":"sv-SE","@id":"https:\/\/wiges.se\/handla\/herr\/strumpor\/enfargade-strumpor\/ankelsock-med-ull-extra-los-resar-svart\/#primaryimage","url":"https:\/\/wiges.se\/handla\/wp-content\/uploads\/2025\/10\/00000585701-scaled.jpg","contentUrl":"https:\/\/wiges.se\/handla\/wp-content\/uploads\/2025\/10\/00000585701-scaled.jpg","width":1969,"height":2560},{"@type":"BreadcrumbList","@id":"https:\/\/wiges.se\/handla\/herr\/strumpor\/enfargade-strumpor\/ankelsock-med-ull-extra-los-resar-svart\/#breadcrumb","itemListElement":[{"@type":"ListItem","position":1,"name":"Hem","item":"https:\/\/wiges.se\/handla\/"},{"@type":"ListItem","position":2,"name":"Butik","item":"https:\/\/wiges.se\/handla\/butik\/"},{"@type":"ListItem","position":3,"name":"Herr","item":"https:\/\/wiges.se\/handla\/herr\/"},{"@type":"ListItem","position":4,"name":"Strumpor","item":"https:\/\/wiges.se\/handla\/herr\/strumpor\/"},{"@type":"ListItem","position":5,"name":"Enf\u00e4rgade strumpor","item":"https:\/\/wiges.se\/handla\/herr\/strumpor\/enfargade-strumpor\/"},{"@type":"ListItem","position":6,"name":"Ankelsock med ull extra l\u00f6s res\u00e5r &#8211; Svart"}]},{"@type":"WebSite","@id":"https:\/\/wiges.se\/handla\/#website","url":"https:\/\/wiges.se\/handla\/","name":"Wiges","description":"","potentialAction":[{"@type":"SearchAction","target":{"@type":"EntryPoint","urlTemplate":"https:\/\/wiges.se\/handla\/?s={search_term_string}"},"query-input":{"@type":"PropertyValueSpecification","valueRequired":true,"valueName":"search_term_string"}}],"inLanguage":"sv-SE"}]}},"_links":{"self":[{"href":"https:\/\/wiges.se\/handla\/wp-json\/wp\/v2\/product\/3209","targetHints":{"allow":["GET"]}}],"collection":[{"href":"https:\/\/wiges.se\/handla\/wp-json\/wp\/v2\/product"}],"about":[{"href":"https:\/\/wiges.se\/handla\/wp-json\/wp\/v2\/types\/product"}],"replies":[{"embeddable":true,"href":"https:\/\/wiges.se\/handla\/wp-json\/wp\/v2\/comments?post=3209"}],"wp:featuredmedia":[{"embeddable":true,"href":"https:\/\/wiges.se\/handla\/wp-json\/wp\/v2\/media\/3207"}],"wp:attachment":[{"href":"https:\/\/wiges.se\/handla\/wp-json\/wp\/v2\/media?parent=3209"}],"wp:term":[{"taxonomy":"product_brand","embeddable":true,"href":"https:\/\/wiges.se\/handla\/wp-json\/wp\/v2\/product_brand?post=3209"},{"taxonomy":"product_cat","embeddable":true,"href":"https:\/\/wiges.se\/handla\/wp-json\/wp\/v2\/product_cat?post=3209"},{"taxonomy":"product_tag","embeddable":true,"href":"https:\/\/wiges.se\/handla\/wp-json\/wp\/v2\/product_tag?post=3209"}],"curies":[{"name":"wp","href":"https:\/\/api.w.org\/{rel}","templated":true}]}}