{"id":3143,"date":"2025-10-16T13:13:23","date_gmt":"2025-10-16T11:13:23","guid":{"rendered":"https:\/\/wiges.se\/handla\/?post_type=product&#038;p=3143"},"modified":"2026-02-26T16:21:19","modified_gmt":"2026-02-26T15:21:19","slug":"boxer-av-bambu-trunkmodell-svart","status":"publish","type":"product","link":"https:\/\/wiges.se\/handla\/barn\/boxer-av-bambu-trunkmodell-svart\/","title":{"rendered":"Boxer av bambu trunkmodell &#8211; Svart"},"content":{"rendered":"","protected":false},"excerpt":{"rendered":"<p>Enf\u00e4rgad boxer i trunkmodell. Av mjuk och sk\u00f6n bambu. Bambuns naturliga egenskaper g\u00f6r att fukt transporteras bort fr\u00e5n kroppen och h\u00e5ller huden fr\u00e4sch l\u00e4ngre. Maximal komfort och perfekt passform med tv\u00e5v\u00e4gs-stretch och bred res\u00e5r i midjan.<\/p>\n","protected":false},"featured_media":3142,"comment_status":"open","ping_status":"closed","template":"","meta":{"_acf_changed":false},"product_brand":[],"product_cat":[306,68,84],"product_tag":[],"class_list":{"0":"post-3143","1":"product","2":"type-product","3":"status-publish","4":"has-post-thumbnail","6":"product_cat-underklader-bambu-barn","7":"product_cat-barn","8":"product_cat-bambu-barn","10":"first","11":"instock","12":"taxable","13":"shipping-taxable","14":"purchasable","15":"product-type-variable"},"acf":[],"yoast_head":"<!-- This site is optimized with the Yoast SEO plugin v26.7 - https:\/\/yoast.com\/wordpress\/plugins\/seo\/ -->\n<title>Boxer av bambu trunkmodell - Svart - Wiges<\/title>\n<meta name=\"robots\" content=\"index, follow, max-snippet:-1, max-image-preview:large, max-video-preview:-1\" \/>\n<link rel=\"canonical\" href=\"https:\/\/wiges.se\/handla\/barn\/boxer-av-bambu-trunkmodell-svart\/\" \/>\n<meta property=\"og:locale\" content=\"sv_SE\" \/>\n<meta property=\"og:type\" content=\"article\" \/>\n<meta property=\"og:title\" content=\"Boxer av bambu trunkmodell - Svart - Wiges\" \/>\n<meta property=\"og:description\" content=\"Enf\u00e4rgad boxer i trunkmodell. Av mjuk och sk\u00f6n bambu. Bambuns naturliga egenskaper g\u00f6r att fukt transporteras bort fr\u00e5n kroppen och h\u00e5ller huden fr\u00e4sch l\u00e4ngre. Maximal komfort och perfekt passform med tv\u00e5v\u00e4gs-stretch och bred res\u00e5r i midjan.\" \/>\n<meta property=\"og:url\" content=\"https:\/\/wiges.se\/handla\/barn\/boxer-av-bambu-trunkmodell-svart\/\" \/>\n<meta property=\"og:site_name\" content=\"Wiges\" \/>\n<meta property=\"article:modified_time\" content=\"2026-02-26T15:21:19+00:00\" \/>\n<meta property=\"og:image\" content=\"https:\/\/wiges.se\/handla\/wp-content\/uploads\/2025\/10\/00004840901-scaled.jpg\" \/>\n\t<meta property=\"og:image:width\" content=\"1969\" \/>\n\t<meta property=\"og:image:height\" content=\"2560\" \/>\n\t<meta property=\"og:image:type\" content=\"image\/jpeg\" \/>\n<meta name=\"twitter:card\" content=\"summary_large_image\" \/>\n<script type=\"application\/ld+json\" class=\"yoast-schema-graph\">{\"@context\":\"https:\/\/schema.org\",\"@graph\":[{\"@type\":\"WebPage\",\"@id\":\"https:\/\/wiges.se\/handla\/barn\/boxer-av-bambu-trunkmodell-svart\/\",\"url\":\"https:\/\/wiges.se\/handla\/barn\/boxer-av-bambu-trunkmodell-svart\/\",\"name\":\"Boxer av bambu trunkmodell - Svart - Wiges\",\"isPartOf\":{\"@id\":\"https:\/\/wiges.se\/handla\/#website\"},\"primaryImageOfPage\":{\"@id\":\"https:\/\/wiges.se\/handla\/barn\/boxer-av-bambu-trunkmodell-svart\/#primaryimage\"},\"image\":{\"@id\":\"https:\/\/wiges.se\/handla\/barn\/boxer-av-bambu-trunkmodell-svart\/#primaryimage\"},\"thumbnailUrl\":\"https:\/\/wiges.se\/handla\/wp-content\/uploads\/2025\/10\/00004840901-scaled.jpg\",\"datePublished\":\"2025-10-16T11:13:23+00:00\",\"dateModified\":\"2026-02-26T15:21:19+00:00\",\"breadcrumb\":{\"@id\":\"https:\/\/wiges.se\/handla\/barn\/boxer-av-bambu-trunkmodell-svart\/#breadcrumb\"},\"inLanguage\":\"sv-SE\",\"potentialAction\":[{\"@type\":\"ReadAction\",\"target\":[\"https:\/\/wiges.se\/handla\/barn\/boxer-av-bambu-trunkmodell-svart\/\"]}]},{\"@type\":\"ImageObject\",\"inLanguage\":\"sv-SE\",\"@id\":\"https:\/\/wiges.se\/handla\/barn\/boxer-av-bambu-trunkmodell-svart\/#primaryimage\",\"url\":\"https:\/\/wiges.se\/handla\/wp-content\/uploads\/2025\/10\/00004840901-scaled.jpg\",\"contentUrl\":\"https:\/\/wiges.se\/handla\/wp-content\/uploads\/2025\/10\/00004840901-scaled.jpg\",\"width\":1969,\"height\":2560},{\"@type\":\"BreadcrumbList\",\"@id\":\"https:\/\/wiges.se\/handla\/barn\/boxer-av-bambu-trunkmodell-svart\/#breadcrumb\",\"itemListElement\":[{\"@type\":\"ListItem\",\"position\":1,\"name\":\"Hem\",\"item\":\"https:\/\/wiges.se\/handla\/\"},{\"@type\":\"ListItem\",\"position\":2,\"name\":\"Butik\",\"item\":\"https:\/\/wiges.se\/handla\/butik\/\"},{\"@type\":\"ListItem\",\"position\":3,\"name\":\"Barn\",\"item\":\"https:\/\/wiges.se\/handla\/barn\/\"},{\"@type\":\"ListItem\",\"position\":4,\"name\":\"Underkl\u00e4der\",\"item\":\"https:\/\/wiges.se\/handla\/barn\/bambu-barn\/underklader-bambu-barn\/\"},{\"@type\":\"ListItem\",\"position\":5,\"name\":\"Boxer av bambu trunkmodell &#8211; Svart\"}]},{\"@type\":\"WebSite\",\"@id\":\"https:\/\/wiges.se\/handla\/#website\",\"url\":\"https:\/\/wiges.se\/handla\/\",\"name\":\"Wiges\",\"description\":\"\",\"potentialAction\":[{\"@type\":\"SearchAction\",\"target\":{\"@type\":\"EntryPoint\",\"urlTemplate\":\"https:\/\/wiges.se\/handla\/?s={search_term_string}\"},\"query-input\":{\"@type\":\"PropertyValueSpecification\",\"valueRequired\":true,\"valueName\":\"search_term_string\"}}],\"inLanguage\":\"sv-SE\"}]}<\/script>\n<!-- \/ Yoast SEO plugin. -->","yoast_head_json":{"title":"Boxer av bambu trunkmodell - Svart - Wiges","robots":{"index":"index","follow":"follow","max-snippet":"max-snippet:-1","max-image-preview":"max-image-preview:large","max-video-preview":"max-video-preview:-1"},"canonical":"https:\/\/wiges.se\/handla\/barn\/boxer-av-bambu-trunkmodell-svart\/","og_locale":"sv_SE","og_type":"article","og_title":"Boxer av bambu trunkmodell - Svart - Wiges","og_description":"Enf\u00e4rgad boxer i trunkmodell. Av mjuk och sk\u00f6n bambu. Bambuns naturliga egenskaper g\u00f6r att fukt transporteras bort fr\u00e5n kroppen och h\u00e5ller huden fr\u00e4sch l\u00e4ngre. Maximal komfort och perfekt passform med tv\u00e5v\u00e4gs-stretch och bred res\u00e5r i midjan.","og_url":"https:\/\/wiges.se\/handla\/barn\/boxer-av-bambu-trunkmodell-svart\/","og_site_name":"Wiges","article_modified_time":"2026-02-26T15:21:19+00:00","og_image":[{"width":1969,"height":2560,"url":"https:\/\/wiges.se\/handla\/wp-content\/uploads\/2025\/10\/00004840901-scaled.jpg","type":"image\/jpeg"}],"twitter_card":"summary_large_image","schema":{"@context":"https:\/\/schema.org","@graph":[{"@type":"WebPage","@id":"https:\/\/wiges.se\/handla\/barn\/boxer-av-bambu-trunkmodell-svart\/","url":"https:\/\/wiges.se\/handla\/barn\/boxer-av-bambu-trunkmodell-svart\/","name":"Boxer av bambu trunkmodell - Svart - Wiges","isPartOf":{"@id":"https:\/\/wiges.se\/handla\/#website"},"primaryImageOfPage":{"@id":"https:\/\/wiges.se\/handla\/barn\/boxer-av-bambu-trunkmodell-svart\/#primaryimage"},"image":{"@id":"https:\/\/wiges.se\/handla\/barn\/boxer-av-bambu-trunkmodell-svart\/#primaryimage"},"thumbnailUrl":"https:\/\/wiges.se\/handla\/wp-content\/uploads\/2025\/10\/00004840901-scaled.jpg","datePublished":"2025-10-16T11:13:23+00:00","dateModified":"2026-02-26T15:21:19+00:00","breadcrumb":{"@id":"https:\/\/wiges.se\/handla\/barn\/boxer-av-bambu-trunkmodell-svart\/#breadcrumb"},"inLanguage":"sv-SE","potentialAction":[{"@type":"ReadAction","target":["https:\/\/wiges.se\/handla\/barn\/boxer-av-bambu-trunkmodell-svart\/"]}]},{"@type":"ImageObject","inLanguage":"sv-SE","@id":"https:\/\/wiges.se\/handla\/barn\/boxer-av-bambu-trunkmodell-svart\/#primaryimage","url":"https:\/\/wiges.se\/handla\/wp-content\/uploads\/2025\/10\/00004840901-scaled.jpg","contentUrl":"https:\/\/wiges.se\/handla\/wp-content\/uploads\/2025\/10\/00004840901-scaled.jpg","width":1969,"height":2560},{"@type":"BreadcrumbList","@id":"https:\/\/wiges.se\/handla\/barn\/boxer-av-bambu-trunkmodell-svart\/#breadcrumb","itemListElement":[{"@type":"ListItem","position":1,"name":"Hem","item":"https:\/\/wiges.se\/handla\/"},{"@type":"ListItem","position":2,"name":"Butik","item":"https:\/\/wiges.se\/handla\/butik\/"},{"@type":"ListItem","position":3,"name":"Barn","item":"https:\/\/wiges.se\/handla\/barn\/"},{"@type":"ListItem","position":4,"name":"Underkl\u00e4der","item":"https:\/\/wiges.se\/handla\/barn\/bambu-barn\/underklader-bambu-barn\/"},{"@type":"ListItem","position":5,"name":"Boxer av bambu trunkmodell &#8211; Svart"}]},{"@type":"WebSite","@id":"https:\/\/wiges.se\/handla\/#website","url":"https:\/\/wiges.se\/handla\/","name":"Wiges","description":"","potentialAction":[{"@type":"SearchAction","target":{"@type":"EntryPoint","urlTemplate":"https:\/\/wiges.se\/handla\/?s={search_term_string}"},"query-input":{"@type":"PropertyValueSpecification","valueRequired":true,"valueName":"search_term_string"}}],"inLanguage":"sv-SE"}]}},"_links":{"self":[{"href":"https:\/\/wiges.se\/handla\/wp-json\/wp\/v2\/product\/3143","targetHints":{"allow":["GET"]}}],"collection":[{"href":"https:\/\/wiges.se\/handla\/wp-json\/wp\/v2\/product"}],"about":[{"href":"https:\/\/wiges.se\/handla\/wp-json\/wp\/v2\/types\/product"}],"replies":[{"embeddable":true,"href":"https:\/\/wiges.se\/handla\/wp-json\/wp\/v2\/comments?post=3143"}],"wp:featuredmedia":[{"embeddable":true,"href":"https:\/\/wiges.se\/handla\/wp-json\/wp\/v2\/media\/3142"}],"wp:attachment":[{"href":"https:\/\/wiges.se\/handla\/wp-json\/wp\/v2\/media?parent=3143"}],"wp:term":[{"taxonomy":"product_brand","embeddable":true,"href":"https:\/\/wiges.se\/handla\/wp-json\/wp\/v2\/product_brand?post=3143"},{"taxonomy":"product_cat","embeddable":true,"href":"https:\/\/wiges.se\/handla\/wp-json\/wp\/v2\/product_cat?post=3143"},{"taxonomy":"product_tag","embeddable":true,"href":"https:\/\/wiges.se\/handla\/wp-json\/wp\/v2\/product_tag?post=3143"}],"curies":[{"name":"wp","href":"https:\/\/api.w.org\/{rel}","templated":true}]}}