{"id":2872,"date":"2025-10-16T13:05:48","date_gmt":"2025-10-16T11:05:48","guid":{"rendered":"https:\/\/wiges.se\/handla\/?post_type=product&#038;p=2872"},"modified":"2026-04-20T14:21:09","modified_gmt":"2026-04-20T12:21:09","slug":"2-pack-jagarsock-av-ullblandning-gron","status":"publish","type":"product","link":"https:\/\/wiges.se\/handla\/herr\/strumpor\/friluftstrumpor\/2-pack-jagarsock-av-ullblandning-gron\/","title":{"rendered":"2-pack j\u00e4garsock av ullblandning &#8211; Gr\u00f6n"},"content":{"rendered":"","protected":false},"excerpt":{"rendered":"<p>2-pack j\u00e4garsocka av slitstark ullblandning. Ullens naturliga egenskaper g\u00f6r strumpan b\u00e5de v\u00e4rmande och fukttransporterande, vilket h\u00e5ller f\u00f6tterna torra och fr\u00e4scha \u00e4ven vid h\u00f6g aktivitet eller kyligt v\u00e4der. Den kraftiga kvaliteten g\u00f6r sockan extra h\u00e5llbar och perfekt f\u00f6r jakt, vandring, fiske och annat friluftsliv. En klassisk och funktionell ullstrumpa f\u00f6r dig som prioriterar b\u00e5de komfort och slitstyrka.<\/p>\n","protected":false},"featured_media":2871,"comment_status":"open","ping_status":"closed","template":"","meta":{"_acf_changed":false},"product_brand":[],"product_cat":[66,69,131,67,78,109],"product_tag":[],"class_list":{"0":"post-2872","1":"product","2":"type-product","3":"status-publish","4":"has-post-thumbnail","6":"product_cat-dam","7":"product_cat-strumpor","8":"product_cat-friluftstrumpor-strumpor","9":"product_cat-herr","10":"product_cat-strumpor-herr","11":"product_cat-friluftstrumpor","13":"first","14":"instock","15":"taxable","16":"shipping-taxable","17":"purchasable","18":"product-type-variable"},"acf":[],"yoast_head":"<!-- This site is optimized with the Yoast SEO plugin v26.7 - https:\/\/yoast.com\/wordpress\/plugins\/seo\/ -->\n<title>2-pack j\u00e4garsock av ullblandning - Gr\u00f6n - Wiges<\/title>\n<meta name=\"robots\" content=\"index, follow, max-snippet:-1, max-image-preview:large, max-video-preview:-1\" \/>\n<link rel=\"canonical\" href=\"https:\/\/wiges.se\/handla\/herr\/strumpor\/friluftstrumpor\/2-pack-jagarsock-av-ullblandning-gron\/\" \/>\n<meta property=\"og:locale\" content=\"sv_SE\" \/>\n<meta property=\"og:type\" content=\"article\" \/>\n<meta property=\"og:title\" content=\"2-pack j\u00e4garsock av ullblandning - Gr\u00f6n - Wiges\" \/>\n<meta property=\"og:description\" content=\"2-pack j\u00e4garsocka av slitstark ullblandning. Ullens naturliga egenskaper g\u00f6r strumpan b\u00e5de v\u00e4rmande och fukttransporterande, vilket h\u00e5ller f\u00f6tterna torra och fr\u00e4scha \u00e4ven vid h\u00f6g aktivitet eller kyligt v\u00e4der. Den kraftiga kvaliteten g\u00f6r sockan extra h\u00e5llbar och perfekt f\u00f6r jakt, vandring, fiske och annat friluftsliv. En klassisk och funktionell ullstrumpa f\u00f6r dig som prioriterar b\u00e5de komfort och slitstyrka.\" \/>\n<meta property=\"og:url\" content=\"https:\/\/wiges.se\/handla\/herr\/strumpor\/friluftstrumpor\/2-pack-jagarsock-av-ullblandning-gron\/\" \/>\n<meta property=\"og:site_name\" content=\"Wiges\" \/>\n<meta property=\"article:modified_time\" content=\"2026-04-20T12:21:09+00:00\" \/>\n<meta property=\"og:image\" content=\"https:\/\/wiges.se\/handla\/wp-content\/uploads\/2025\/10\/00005524406-scaled.jpg\" \/>\n\t<meta property=\"og:image:width\" content=\"1969\" \/>\n\t<meta property=\"og:image:height\" content=\"2560\" \/>\n\t<meta property=\"og:image:type\" content=\"image\/jpeg\" \/>\n<meta name=\"twitter:card\" content=\"summary_large_image\" \/>\n<script type=\"application\/ld+json\" class=\"yoast-schema-graph\">{\"@context\":\"https:\/\/schema.org\",\"@graph\":[{\"@type\":\"WebPage\",\"@id\":\"https:\/\/wiges.se\/handla\/herr\/strumpor\/friluftstrumpor\/2-pack-jagarsock-av-ullblandning-gron\/\",\"url\":\"https:\/\/wiges.se\/handla\/herr\/strumpor\/friluftstrumpor\/2-pack-jagarsock-av-ullblandning-gron\/\",\"name\":\"2-pack j\u00e4garsock av ullblandning - Gr\u00f6n - Wiges\",\"isPartOf\":{\"@id\":\"https:\/\/wiges.se\/handla\/#website\"},\"primaryImageOfPage\":{\"@id\":\"https:\/\/wiges.se\/handla\/herr\/strumpor\/friluftstrumpor\/2-pack-jagarsock-av-ullblandning-gron\/#primaryimage\"},\"image\":{\"@id\":\"https:\/\/wiges.se\/handla\/herr\/strumpor\/friluftstrumpor\/2-pack-jagarsock-av-ullblandning-gron\/#primaryimage\"},\"thumbnailUrl\":\"https:\/\/wiges.se\/handla\/wp-content\/uploads\/2025\/10\/00005524406-scaled.jpg\",\"datePublished\":\"2025-10-16T11:05:48+00:00\",\"dateModified\":\"2026-04-20T12:21:09+00:00\",\"breadcrumb\":{\"@id\":\"https:\/\/wiges.se\/handla\/herr\/strumpor\/friluftstrumpor\/2-pack-jagarsock-av-ullblandning-gron\/#breadcrumb\"},\"inLanguage\":\"sv-SE\",\"potentialAction\":[{\"@type\":\"ReadAction\",\"target\":[\"https:\/\/wiges.se\/handla\/herr\/strumpor\/friluftstrumpor\/2-pack-jagarsock-av-ullblandning-gron\/\"]}]},{\"@type\":\"ImageObject\",\"inLanguage\":\"sv-SE\",\"@id\":\"https:\/\/wiges.se\/handla\/herr\/strumpor\/friluftstrumpor\/2-pack-jagarsock-av-ullblandning-gron\/#primaryimage\",\"url\":\"https:\/\/wiges.se\/handla\/wp-content\/uploads\/2025\/10\/00005524406-scaled.jpg\",\"contentUrl\":\"https:\/\/wiges.se\/handla\/wp-content\/uploads\/2025\/10\/00005524406-scaled.jpg\",\"width\":1969,\"height\":2560},{\"@type\":\"BreadcrumbList\",\"@id\":\"https:\/\/wiges.se\/handla\/herr\/strumpor\/friluftstrumpor\/2-pack-jagarsock-av-ullblandning-gron\/#breadcrumb\",\"itemListElement\":[{\"@type\":\"ListItem\",\"position\":1,\"name\":\"Hem\",\"item\":\"https:\/\/wiges.se\/handla\/\"},{\"@type\":\"ListItem\",\"position\":2,\"name\":\"Butik\",\"item\":\"https:\/\/wiges.se\/handla\/butik\/\"},{\"@type\":\"ListItem\",\"position\":3,\"name\":\"Herr\",\"item\":\"https:\/\/wiges.se\/handla\/herr\/\"},{\"@type\":\"ListItem\",\"position\":4,\"name\":\"Strumpor\",\"item\":\"https:\/\/wiges.se\/handla\/herr\/strumpor\/\"},{\"@type\":\"ListItem\",\"position\":5,\"name\":\"Friluftstrumpor\",\"item\":\"https:\/\/wiges.se\/handla\/herr\/strumpor\/friluftstrumpor\/\"},{\"@type\":\"ListItem\",\"position\":6,\"name\":\"2-pack j\u00e4garsock av ullblandning &#8211; Gr\u00f6n\"}]},{\"@type\":\"WebSite\",\"@id\":\"https:\/\/wiges.se\/handla\/#website\",\"url\":\"https:\/\/wiges.se\/handla\/\",\"name\":\"Wiges\",\"description\":\"\",\"potentialAction\":[{\"@type\":\"SearchAction\",\"target\":{\"@type\":\"EntryPoint\",\"urlTemplate\":\"https:\/\/wiges.se\/handla\/?s={search_term_string}\"},\"query-input\":{\"@type\":\"PropertyValueSpecification\",\"valueRequired\":true,\"valueName\":\"search_term_string\"}}],\"inLanguage\":\"sv-SE\"}]}<\/script>\n<!-- \/ Yoast SEO plugin. -->","yoast_head_json":{"title":"2-pack j\u00e4garsock av ullblandning - Gr\u00f6n - Wiges","robots":{"index":"index","follow":"follow","max-snippet":"max-snippet:-1","max-image-preview":"max-image-preview:large","max-video-preview":"max-video-preview:-1"},"canonical":"https:\/\/wiges.se\/handla\/herr\/strumpor\/friluftstrumpor\/2-pack-jagarsock-av-ullblandning-gron\/","og_locale":"sv_SE","og_type":"article","og_title":"2-pack j\u00e4garsock av ullblandning - Gr\u00f6n - Wiges","og_description":"2-pack j\u00e4garsocka av slitstark ullblandning. Ullens naturliga egenskaper g\u00f6r strumpan b\u00e5de v\u00e4rmande och fukttransporterande, vilket h\u00e5ller f\u00f6tterna torra och fr\u00e4scha \u00e4ven vid h\u00f6g aktivitet eller kyligt v\u00e4der. Den kraftiga kvaliteten g\u00f6r sockan extra h\u00e5llbar och perfekt f\u00f6r jakt, vandring, fiske och annat friluftsliv. En klassisk och funktionell ullstrumpa f\u00f6r dig som prioriterar b\u00e5de komfort och slitstyrka.","og_url":"https:\/\/wiges.se\/handla\/herr\/strumpor\/friluftstrumpor\/2-pack-jagarsock-av-ullblandning-gron\/","og_site_name":"Wiges","article_modified_time":"2026-04-20T12:21:09+00:00","og_image":[{"width":1969,"height":2560,"url":"https:\/\/wiges.se\/handla\/wp-content\/uploads\/2025\/10\/00005524406-scaled.jpg","type":"image\/jpeg"}],"twitter_card":"summary_large_image","schema":{"@context":"https:\/\/schema.org","@graph":[{"@type":"WebPage","@id":"https:\/\/wiges.se\/handla\/herr\/strumpor\/friluftstrumpor\/2-pack-jagarsock-av-ullblandning-gron\/","url":"https:\/\/wiges.se\/handla\/herr\/strumpor\/friluftstrumpor\/2-pack-jagarsock-av-ullblandning-gron\/","name":"2-pack j\u00e4garsock av ullblandning - Gr\u00f6n - Wiges","isPartOf":{"@id":"https:\/\/wiges.se\/handla\/#website"},"primaryImageOfPage":{"@id":"https:\/\/wiges.se\/handla\/herr\/strumpor\/friluftstrumpor\/2-pack-jagarsock-av-ullblandning-gron\/#primaryimage"},"image":{"@id":"https:\/\/wiges.se\/handla\/herr\/strumpor\/friluftstrumpor\/2-pack-jagarsock-av-ullblandning-gron\/#primaryimage"},"thumbnailUrl":"https:\/\/wiges.se\/handla\/wp-content\/uploads\/2025\/10\/00005524406-scaled.jpg","datePublished":"2025-10-16T11:05:48+00:00","dateModified":"2026-04-20T12:21:09+00:00","breadcrumb":{"@id":"https:\/\/wiges.se\/handla\/herr\/strumpor\/friluftstrumpor\/2-pack-jagarsock-av-ullblandning-gron\/#breadcrumb"},"inLanguage":"sv-SE","potentialAction":[{"@type":"ReadAction","target":["https:\/\/wiges.se\/handla\/herr\/strumpor\/friluftstrumpor\/2-pack-jagarsock-av-ullblandning-gron\/"]}]},{"@type":"ImageObject","inLanguage":"sv-SE","@id":"https:\/\/wiges.se\/handla\/herr\/strumpor\/friluftstrumpor\/2-pack-jagarsock-av-ullblandning-gron\/#primaryimage","url":"https:\/\/wiges.se\/handla\/wp-content\/uploads\/2025\/10\/00005524406-scaled.jpg","contentUrl":"https:\/\/wiges.se\/handla\/wp-content\/uploads\/2025\/10\/00005524406-scaled.jpg","width":1969,"height":2560},{"@type":"BreadcrumbList","@id":"https:\/\/wiges.se\/handla\/herr\/strumpor\/friluftstrumpor\/2-pack-jagarsock-av-ullblandning-gron\/#breadcrumb","itemListElement":[{"@type":"ListItem","position":1,"name":"Hem","item":"https:\/\/wiges.se\/handla\/"},{"@type":"ListItem","position":2,"name":"Butik","item":"https:\/\/wiges.se\/handla\/butik\/"},{"@type":"ListItem","position":3,"name":"Herr","item":"https:\/\/wiges.se\/handla\/herr\/"},{"@type":"ListItem","position":4,"name":"Strumpor","item":"https:\/\/wiges.se\/handla\/herr\/strumpor\/"},{"@type":"ListItem","position":5,"name":"Friluftstrumpor","item":"https:\/\/wiges.se\/handla\/herr\/strumpor\/friluftstrumpor\/"},{"@type":"ListItem","position":6,"name":"2-pack j\u00e4garsock av ullblandning &#8211; Gr\u00f6n"}]},{"@type":"WebSite","@id":"https:\/\/wiges.se\/handla\/#website","url":"https:\/\/wiges.se\/handla\/","name":"Wiges","description":"","potentialAction":[{"@type":"SearchAction","target":{"@type":"EntryPoint","urlTemplate":"https:\/\/wiges.se\/handla\/?s={search_term_string}"},"query-input":{"@type":"PropertyValueSpecification","valueRequired":true,"valueName":"search_term_string"}}],"inLanguage":"sv-SE"}]}},"_links":{"self":[{"href":"https:\/\/wiges.se\/handla\/wp-json\/wp\/v2\/product\/2872","targetHints":{"allow":["GET"]}}],"collection":[{"href":"https:\/\/wiges.se\/handla\/wp-json\/wp\/v2\/product"}],"about":[{"href":"https:\/\/wiges.se\/handla\/wp-json\/wp\/v2\/types\/product"}],"replies":[{"embeddable":true,"href":"https:\/\/wiges.se\/handla\/wp-json\/wp\/v2\/comments?post=2872"}],"wp:featuredmedia":[{"embeddable":true,"href":"https:\/\/wiges.se\/handla\/wp-json\/wp\/v2\/media\/2871"}],"wp:attachment":[{"href":"https:\/\/wiges.se\/handla\/wp-json\/wp\/v2\/media?parent=2872"}],"wp:term":[{"taxonomy":"product_brand","embeddable":true,"href":"https:\/\/wiges.se\/handla\/wp-json\/wp\/v2\/product_brand?post=2872"},{"taxonomy":"product_cat","embeddable":true,"href":"https:\/\/wiges.se\/handla\/wp-json\/wp\/v2\/product_cat?post=2872"},{"taxonomy":"product_tag","embeddable":true,"href":"https:\/\/wiges.se\/handla\/wp-json\/wp\/v2\/product_tag?post=2872"}],"curies":[{"name":"wp","href":"https:\/\/api.w.org\/{rel}","templated":true}]}}