{"id":2661,"date":"2025-10-16T12:58:58","date_gmt":"2025-10-16T10:58:58","guid":{"rendered":"https:\/\/wiges.se\/handla\/?post_type=product&#038;p=2661"},"modified":"2026-01-15T12:41:23","modified_gmt":"2026-01-15T11:41:23","slug":"nattlinne-av-bambu-blagron-2","status":"publish","type":"product","link":"https:\/\/wiges.se\/handla\/dam\/bambu\/nattklader-i-bambu\/nattlinne-av-bambu-blagron-2\/","title":{"rendered":"Nattlinne av bambu &#8211; Bl\u00e5gr\u00f6n"},"content":{"rendered":"","protected":false},"excerpt":{"rendered":"<p>Nattline av mjuk bambu med kort \u00e4rm. Kort slits i sidorna.<\/p>\n","protected":false},"featured_media":2660,"comment_status":"open","ping_status":"closed","template":"","meta":{"_acf_changed":false},"product_brand":[],"product_cat":[66,73,138,74,149,293],"product_tag":[],"class_list":{"0":"post-2661","1":"product","2":"type-product","3":"status-publish","4":"has-post-thumbnail","6":"product_cat-dam","7":"product_cat-nattklader","8":"product_cat-nattlinnen","9":"product_cat-bambu","10":"product_cat-nattklader-i-bambu-bambu","11":"product_cat-bambu-2","13":"first","14":"outofstock","15":"taxable","16":"shipping-taxable","17":"product-type-variable"},"acf":[],"yoast_head":"<!-- This site is optimized with the Yoast SEO plugin v26.7 - https:\/\/yoast.com\/wordpress\/plugins\/seo\/ -->\n<title>Nattlinne av bambu - Bl\u00e5gr\u00f6n - Wiges<\/title>\n<meta name=\"robots\" content=\"index, follow, max-snippet:-1, max-image-preview:large, max-video-preview:-1\" \/>\n<link rel=\"canonical\" href=\"https:\/\/wiges.se\/handla\/dam\/bambu\/nattklader-i-bambu\/nattlinne-av-bambu-blagron-2\/\" \/>\n<meta property=\"og:locale\" content=\"sv_SE\" \/>\n<meta property=\"og:type\" content=\"article\" \/>\n<meta property=\"og:title\" content=\"Nattlinne av bambu - Bl\u00e5gr\u00f6n - Wiges\" \/>\n<meta property=\"og:description\" content=\"Nattline av mjuk bambu med kort \u00e4rm. Kort slits i sidorna.\" \/>\n<meta property=\"og:url\" content=\"https:\/\/wiges.se\/handla\/dam\/bambu\/nattklader-i-bambu\/nattlinne-av-bambu-blagron-2\/\" \/>\n<meta property=\"og:site_name\" content=\"Wiges\" \/>\n<meta property=\"article:modified_time\" content=\"2026-01-15T11:41:23+00:00\" \/>\n<meta property=\"og:image\" content=\"https:\/\/wiges.se\/handla\/wp-content\/uploads\/2025\/10\/000090302V1-scaled.jpg\" \/>\n\t<meta property=\"og:image:width\" content=\"1969\" \/>\n\t<meta property=\"og:image:height\" content=\"2560\" \/>\n\t<meta property=\"og:image:type\" content=\"image\/jpeg\" \/>\n<meta name=\"twitter:card\" content=\"summary_large_image\" \/>\n<script type=\"application\/ld+json\" class=\"yoast-schema-graph\">{\"@context\":\"https:\/\/schema.org\",\"@graph\":[{\"@type\":\"WebPage\",\"@id\":\"https:\/\/wiges.se\/handla\/dam\/bambu\/nattklader-i-bambu\/nattlinne-av-bambu-blagron-2\/\",\"url\":\"https:\/\/wiges.se\/handla\/dam\/bambu\/nattklader-i-bambu\/nattlinne-av-bambu-blagron-2\/\",\"name\":\"Nattlinne av bambu - Bl\u00e5gr\u00f6n - Wiges\",\"isPartOf\":{\"@id\":\"https:\/\/wiges.se\/handla\/#website\"},\"primaryImageOfPage\":{\"@id\":\"https:\/\/wiges.se\/handla\/dam\/bambu\/nattklader-i-bambu\/nattlinne-av-bambu-blagron-2\/#primaryimage\"},\"image\":{\"@id\":\"https:\/\/wiges.se\/handla\/dam\/bambu\/nattklader-i-bambu\/nattlinne-av-bambu-blagron-2\/#primaryimage\"},\"thumbnailUrl\":\"https:\/\/wiges.se\/handla\/wp-content\/uploads\/2025\/10\/000090302V1-scaled.jpg\",\"datePublished\":\"2025-10-16T10:58:58+00:00\",\"dateModified\":\"2026-01-15T11:41:23+00:00\",\"breadcrumb\":{\"@id\":\"https:\/\/wiges.se\/handla\/dam\/bambu\/nattklader-i-bambu\/nattlinne-av-bambu-blagron-2\/#breadcrumb\"},\"inLanguage\":\"sv-SE\",\"potentialAction\":[{\"@type\":\"ReadAction\",\"target\":[\"https:\/\/wiges.se\/handla\/dam\/bambu\/nattklader-i-bambu\/nattlinne-av-bambu-blagron-2\/\"]}]},{\"@type\":\"ImageObject\",\"inLanguage\":\"sv-SE\",\"@id\":\"https:\/\/wiges.se\/handla\/dam\/bambu\/nattklader-i-bambu\/nattlinne-av-bambu-blagron-2\/#primaryimage\",\"url\":\"https:\/\/wiges.se\/handla\/wp-content\/uploads\/2025\/10\/000090302V1-scaled.jpg\",\"contentUrl\":\"https:\/\/wiges.se\/handla\/wp-content\/uploads\/2025\/10\/000090302V1-scaled.jpg\",\"width\":1969,\"height\":2560},{\"@type\":\"BreadcrumbList\",\"@id\":\"https:\/\/wiges.se\/handla\/dam\/bambu\/nattklader-i-bambu\/nattlinne-av-bambu-blagron-2\/#breadcrumb\",\"itemListElement\":[{\"@type\":\"ListItem\",\"position\":1,\"name\":\"Hem\",\"item\":\"https:\/\/wiges.se\/handla\/\"},{\"@type\":\"ListItem\",\"position\":2,\"name\":\"Butik\",\"item\":\"https:\/\/wiges.se\/handla\/butik\/\"},{\"@type\":\"ListItem\",\"position\":3,\"name\":\"Dam\",\"item\":\"https:\/\/wiges.se\/handla\/dam\/\"},{\"@type\":\"ListItem\",\"position\":4,\"name\":\"Bambu\",\"item\":\"https:\/\/wiges.se\/handla\/dam\/bambu\/\"},{\"@type\":\"ListItem\",\"position\":5,\"name\":\"Nattkl\u00e4der i bambu\",\"item\":\"https:\/\/wiges.se\/handla\/dam\/bambu\/nattklader-i-bambu\/\"},{\"@type\":\"ListItem\",\"position\":6,\"name\":\"Nattlinne av bambu &#8211; Bl\u00e5gr\u00f6n\"}]},{\"@type\":\"WebSite\",\"@id\":\"https:\/\/wiges.se\/handla\/#website\",\"url\":\"https:\/\/wiges.se\/handla\/\",\"name\":\"Wiges\",\"description\":\"\",\"potentialAction\":[{\"@type\":\"SearchAction\",\"target\":{\"@type\":\"EntryPoint\",\"urlTemplate\":\"https:\/\/wiges.se\/handla\/?s={search_term_string}\"},\"query-input\":{\"@type\":\"PropertyValueSpecification\",\"valueRequired\":true,\"valueName\":\"search_term_string\"}}],\"inLanguage\":\"sv-SE\"}]}<\/script>\n<!-- \/ Yoast SEO plugin. -->","yoast_head_json":{"title":"Nattlinne av bambu - Bl\u00e5gr\u00f6n - Wiges","robots":{"index":"index","follow":"follow","max-snippet":"max-snippet:-1","max-image-preview":"max-image-preview:large","max-video-preview":"max-video-preview:-1"},"canonical":"https:\/\/wiges.se\/handla\/dam\/bambu\/nattklader-i-bambu\/nattlinne-av-bambu-blagron-2\/","og_locale":"sv_SE","og_type":"article","og_title":"Nattlinne av bambu - Bl\u00e5gr\u00f6n - Wiges","og_description":"Nattline av mjuk bambu med kort \u00e4rm. Kort slits i sidorna.","og_url":"https:\/\/wiges.se\/handla\/dam\/bambu\/nattklader-i-bambu\/nattlinne-av-bambu-blagron-2\/","og_site_name":"Wiges","article_modified_time":"2026-01-15T11:41:23+00:00","og_image":[{"width":1969,"height":2560,"url":"https:\/\/wiges.se\/handla\/wp-content\/uploads\/2025\/10\/000090302V1-scaled.jpg","type":"image\/jpeg"}],"twitter_card":"summary_large_image","schema":{"@context":"https:\/\/schema.org","@graph":[{"@type":"WebPage","@id":"https:\/\/wiges.se\/handla\/dam\/bambu\/nattklader-i-bambu\/nattlinne-av-bambu-blagron-2\/","url":"https:\/\/wiges.se\/handla\/dam\/bambu\/nattklader-i-bambu\/nattlinne-av-bambu-blagron-2\/","name":"Nattlinne av bambu - Bl\u00e5gr\u00f6n - Wiges","isPartOf":{"@id":"https:\/\/wiges.se\/handla\/#website"},"primaryImageOfPage":{"@id":"https:\/\/wiges.se\/handla\/dam\/bambu\/nattklader-i-bambu\/nattlinne-av-bambu-blagron-2\/#primaryimage"},"image":{"@id":"https:\/\/wiges.se\/handla\/dam\/bambu\/nattklader-i-bambu\/nattlinne-av-bambu-blagron-2\/#primaryimage"},"thumbnailUrl":"https:\/\/wiges.se\/handla\/wp-content\/uploads\/2025\/10\/000090302V1-scaled.jpg","datePublished":"2025-10-16T10:58:58+00:00","dateModified":"2026-01-15T11:41:23+00:00","breadcrumb":{"@id":"https:\/\/wiges.se\/handla\/dam\/bambu\/nattklader-i-bambu\/nattlinne-av-bambu-blagron-2\/#breadcrumb"},"inLanguage":"sv-SE","potentialAction":[{"@type":"ReadAction","target":["https:\/\/wiges.se\/handla\/dam\/bambu\/nattklader-i-bambu\/nattlinne-av-bambu-blagron-2\/"]}]},{"@type":"ImageObject","inLanguage":"sv-SE","@id":"https:\/\/wiges.se\/handla\/dam\/bambu\/nattklader-i-bambu\/nattlinne-av-bambu-blagron-2\/#primaryimage","url":"https:\/\/wiges.se\/handla\/wp-content\/uploads\/2025\/10\/000090302V1-scaled.jpg","contentUrl":"https:\/\/wiges.se\/handla\/wp-content\/uploads\/2025\/10\/000090302V1-scaled.jpg","width":1969,"height":2560},{"@type":"BreadcrumbList","@id":"https:\/\/wiges.se\/handla\/dam\/bambu\/nattklader-i-bambu\/nattlinne-av-bambu-blagron-2\/#breadcrumb","itemListElement":[{"@type":"ListItem","position":1,"name":"Hem","item":"https:\/\/wiges.se\/handla\/"},{"@type":"ListItem","position":2,"name":"Butik","item":"https:\/\/wiges.se\/handla\/butik\/"},{"@type":"ListItem","position":3,"name":"Dam","item":"https:\/\/wiges.se\/handla\/dam\/"},{"@type":"ListItem","position":4,"name":"Bambu","item":"https:\/\/wiges.se\/handla\/dam\/bambu\/"},{"@type":"ListItem","position":5,"name":"Nattkl\u00e4der i bambu","item":"https:\/\/wiges.se\/handla\/dam\/bambu\/nattklader-i-bambu\/"},{"@type":"ListItem","position":6,"name":"Nattlinne av bambu &#8211; Bl\u00e5gr\u00f6n"}]},{"@type":"WebSite","@id":"https:\/\/wiges.se\/handla\/#website","url":"https:\/\/wiges.se\/handla\/","name":"Wiges","description":"","potentialAction":[{"@type":"SearchAction","target":{"@type":"EntryPoint","urlTemplate":"https:\/\/wiges.se\/handla\/?s={search_term_string}"},"query-input":{"@type":"PropertyValueSpecification","valueRequired":true,"valueName":"search_term_string"}}],"inLanguage":"sv-SE"}]}},"_links":{"self":[{"href":"https:\/\/wiges.se\/handla\/wp-json\/wp\/v2\/product\/2661","targetHints":{"allow":["GET"]}}],"collection":[{"href":"https:\/\/wiges.se\/handla\/wp-json\/wp\/v2\/product"}],"about":[{"href":"https:\/\/wiges.se\/handla\/wp-json\/wp\/v2\/types\/product"}],"replies":[{"embeddable":true,"href":"https:\/\/wiges.se\/handla\/wp-json\/wp\/v2\/comments?post=2661"}],"wp:featuredmedia":[{"embeddable":true,"href":"https:\/\/wiges.se\/handla\/wp-json\/wp\/v2\/media\/2660"}],"wp:attachment":[{"href":"https:\/\/wiges.se\/handla\/wp-json\/wp\/v2\/media?parent=2661"}],"wp:term":[{"taxonomy":"product_brand","embeddable":true,"href":"https:\/\/wiges.se\/handla\/wp-json\/wp\/v2\/product_brand?post=2661"},{"taxonomy":"product_cat","embeddable":true,"href":"https:\/\/wiges.se\/handla\/wp-json\/wp\/v2\/product_cat?post=2661"},{"taxonomy":"product_tag","embeddable":true,"href":"https:\/\/wiges.se\/handla\/wp-json\/wp\/v2\/product_tag?post=2661"}],"curies":[{"name":"wp","href":"https:\/\/api.w.org\/{rel}","templated":true}]}}