{"id":2587,"date":"2025-10-16T12:56:58","date_gmt":"2025-10-16T10:56:58","guid":{"rendered":"https:\/\/wiges.se\/handla\/?post_type=product&#038;p=2587"},"modified":"2026-03-27T10:43:44","modified_gmt":"2026-03-27T09:43:44","slug":"tunn-strumpa-av-bambu-och-merinoull-svart","status":"publish","type":"product","link":"https:\/\/wiges.se\/handla\/herr\/bambu\/bambustrumpor\/tunn-strumpa-av-bambu-och-merinoull-svart\/","title":{"rendered":"Tunn strumpa av bambu och merinoull &#8211; Svart"},"content":{"rendered":"","protected":false},"excerpt":{"rendered":"<p>Tunn strumpa i en lyxig mix av bambuviskos och merinoull. Strumpan har en f\u00f6rst\u00e4rkt sula som \u00f6kar slitstyrkan. Bambuns naturliga egenskaper g\u00f6r att strumpan \u00e4r b\u00e5de fukt och temperaturreglerande, vilket g\u00f6r att den h\u00e5ller f\u00f6tterna torra och fr\u00e4scha l\u00e4ngre. Merinoullen bidrar med v\u00e4rme och naturlig andningsf\u00f6rm\u00e5ga.<\/p>\n","protected":false},"featured_media":2586,"comment_status":"open","ping_status":"closed","template":"","meta":{"_acf_changed":false},"product_brand":[],"product_cat":[66,69,125,131,135,147,67,78,103,109,81,94,293],"product_tag":[],"class_list":{"0":"post-2587","1":"product","2":"type-product","3":"status-publish","4":"has-post-thumbnail","6":"product_cat-dam","7":"product_cat-strumpor","8":"product_cat-enfargade-strumpor-strumpor","9":"product_cat-friluftstrumpor-strumpor","10":"product_cat-varma-strumpor-strumpor","11":"product_cat-bambustrumpor-bambu","12":"product_cat-herr","13":"product_cat-strumpor-herr","14":"product_cat-enfargade-strumpor","15":"product_cat-friluftstrumpor","16":"product_cat-bambu-herr","17":"product_cat-bambustrumpor","18":"product_cat-bambu-2","20":"first","21":"instock","22":"taxable","23":"shipping-taxable","24":"purchasable","25":"product-type-variable"},"acf":[],"yoast_head":"<!-- This site is optimized with the Yoast SEO plugin v26.7 - https:\/\/yoast.com\/wordpress\/plugins\/seo\/ -->\n<title>Tunn strumpa av bambu och merinoull - Svart - Wiges<\/title>\n<meta name=\"robots\" content=\"index, follow, max-snippet:-1, max-image-preview:large, max-video-preview:-1\" \/>\n<link rel=\"canonical\" href=\"https:\/\/wiges.se\/handla\/herr\/bambu\/bambustrumpor\/tunn-strumpa-av-bambu-och-merinoull-svart\/\" \/>\n<meta property=\"og:locale\" content=\"sv_SE\" \/>\n<meta property=\"og:type\" content=\"article\" \/>\n<meta property=\"og:title\" content=\"Tunn strumpa av bambu och merinoull - Svart - Wiges\" \/>\n<meta property=\"og:description\" content=\"Tunn strumpa i en lyxig mix av bambuviskos och merinoull. Strumpan har en f\u00f6rst\u00e4rkt sula som \u00f6kar slitstyrkan. Bambuns naturliga egenskaper g\u00f6r att strumpan \u00e4r b\u00e5de fukt och temperaturreglerande, vilket g\u00f6r att den h\u00e5ller f\u00f6tterna torra och fr\u00e4scha l\u00e4ngre. Merinoullen bidrar med v\u00e4rme och naturlig andningsf\u00f6rm\u00e5ga.\" \/>\n<meta property=\"og:url\" content=\"https:\/\/wiges.se\/handla\/herr\/bambu\/bambustrumpor\/tunn-strumpa-av-bambu-och-merinoull-svart\/\" \/>\n<meta property=\"og:site_name\" content=\"Wiges\" \/>\n<meta property=\"article:modified_time\" content=\"2026-03-27T09:43:44+00:00\" \/>\n<meta property=\"og:image\" content=\"https:\/\/wiges.se\/handla\/wp-content\/uploads\/2025\/10\/00000581201-scaled.jpg\" \/>\n\t<meta property=\"og:image:width\" content=\"1969\" \/>\n\t<meta property=\"og:image:height\" content=\"2560\" \/>\n\t<meta property=\"og:image:type\" content=\"image\/jpeg\" \/>\n<meta name=\"twitter:card\" content=\"summary_large_image\" \/>\n<script type=\"application\/ld+json\" class=\"yoast-schema-graph\">{\"@context\":\"https:\/\/schema.org\",\"@graph\":[{\"@type\":\"WebPage\",\"@id\":\"https:\/\/wiges.se\/handla\/herr\/bambu\/bambustrumpor\/tunn-strumpa-av-bambu-och-merinoull-svart\/\",\"url\":\"https:\/\/wiges.se\/handla\/herr\/bambu\/bambustrumpor\/tunn-strumpa-av-bambu-och-merinoull-svart\/\",\"name\":\"Tunn strumpa av bambu och merinoull - Svart - Wiges\",\"isPartOf\":{\"@id\":\"https:\/\/wiges.se\/handla\/#website\"},\"primaryImageOfPage\":{\"@id\":\"https:\/\/wiges.se\/handla\/herr\/bambu\/bambustrumpor\/tunn-strumpa-av-bambu-och-merinoull-svart\/#primaryimage\"},\"image\":{\"@id\":\"https:\/\/wiges.se\/handla\/herr\/bambu\/bambustrumpor\/tunn-strumpa-av-bambu-och-merinoull-svart\/#primaryimage\"},\"thumbnailUrl\":\"https:\/\/wiges.se\/handla\/wp-content\/uploads\/2025\/10\/00000581201-scaled.jpg\",\"datePublished\":\"2025-10-16T10:56:58+00:00\",\"dateModified\":\"2026-03-27T09:43:44+00:00\",\"breadcrumb\":{\"@id\":\"https:\/\/wiges.se\/handla\/herr\/bambu\/bambustrumpor\/tunn-strumpa-av-bambu-och-merinoull-svart\/#breadcrumb\"},\"inLanguage\":\"sv-SE\",\"potentialAction\":[{\"@type\":\"ReadAction\",\"target\":[\"https:\/\/wiges.se\/handla\/herr\/bambu\/bambustrumpor\/tunn-strumpa-av-bambu-och-merinoull-svart\/\"]}]},{\"@type\":\"ImageObject\",\"inLanguage\":\"sv-SE\",\"@id\":\"https:\/\/wiges.se\/handla\/herr\/bambu\/bambustrumpor\/tunn-strumpa-av-bambu-och-merinoull-svart\/#primaryimage\",\"url\":\"https:\/\/wiges.se\/handla\/wp-content\/uploads\/2025\/10\/00000581201-scaled.jpg\",\"contentUrl\":\"https:\/\/wiges.se\/handla\/wp-content\/uploads\/2025\/10\/00000581201-scaled.jpg\",\"width\":1969,\"height\":2560},{\"@type\":\"BreadcrumbList\",\"@id\":\"https:\/\/wiges.se\/handla\/herr\/bambu\/bambustrumpor\/tunn-strumpa-av-bambu-och-merinoull-svart\/#breadcrumb\",\"itemListElement\":[{\"@type\":\"ListItem\",\"position\":1,\"name\":\"Hem\",\"item\":\"https:\/\/wiges.se\/handla\/\"},{\"@type\":\"ListItem\",\"position\":2,\"name\":\"Butik\",\"item\":\"https:\/\/wiges.se\/handla\/butik\/\"},{\"@type\":\"ListItem\",\"position\":3,\"name\":\"Herr\",\"item\":\"https:\/\/wiges.se\/handla\/herr\/\"},{\"@type\":\"ListItem\",\"position\":4,\"name\":\"Bambu\",\"item\":\"https:\/\/wiges.se\/handla\/herr\/bambu\/\"},{\"@type\":\"ListItem\",\"position\":5,\"name\":\"Bambustrumpor\",\"item\":\"https:\/\/wiges.se\/handla\/herr\/bambu\/bambustrumpor\/\"},{\"@type\":\"ListItem\",\"position\":6,\"name\":\"Tunn strumpa av bambu och merinoull &#8211; Svart\"}]},{\"@type\":\"WebSite\",\"@id\":\"https:\/\/wiges.se\/handla\/#website\",\"url\":\"https:\/\/wiges.se\/handla\/\",\"name\":\"Wiges\",\"description\":\"\",\"potentialAction\":[{\"@type\":\"SearchAction\",\"target\":{\"@type\":\"EntryPoint\",\"urlTemplate\":\"https:\/\/wiges.se\/handla\/?s={search_term_string}\"},\"query-input\":{\"@type\":\"PropertyValueSpecification\",\"valueRequired\":true,\"valueName\":\"search_term_string\"}}],\"inLanguage\":\"sv-SE\"}]}<\/script>\n<!-- \/ Yoast SEO plugin. -->","yoast_head_json":{"title":"Tunn strumpa av bambu och merinoull - Svart - Wiges","robots":{"index":"index","follow":"follow","max-snippet":"max-snippet:-1","max-image-preview":"max-image-preview:large","max-video-preview":"max-video-preview:-1"},"canonical":"https:\/\/wiges.se\/handla\/herr\/bambu\/bambustrumpor\/tunn-strumpa-av-bambu-och-merinoull-svart\/","og_locale":"sv_SE","og_type":"article","og_title":"Tunn strumpa av bambu och merinoull - Svart - Wiges","og_description":"Tunn strumpa i en lyxig mix av bambuviskos och merinoull. Strumpan har en f\u00f6rst\u00e4rkt sula som \u00f6kar slitstyrkan. Bambuns naturliga egenskaper g\u00f6r att strumpan \u00e4r b\u00e5de fukt och temperaturreglerande, vilket g\u00f6r att den h\u00e5ller f\u00f6tterna torra och fr\u00e4scha l\u00e4ngre. Merinoullen bidrar med v\u00e4rme och naturlig andningsf\u00f6rm\u00e5ga.","og_url":"https:\/\/wiges.se\/handla\/herr\/bambu\/bambustrumpor\/tunn-strumpa-av-bambu-och-merinoull-svart\/","og_site_name":"Wiges","article_modified_time":"2026-03-27T09:43:44+00:00","og_image":[{"width":1969,"height":2560,"url":"https:\/\/wiges.se\/handla\/wp-content\/uploads\/2025\/10\/00000581201-scaled.jpg","type":"image\/jpeg"}],"twitter_card":"summary_large_image","schema":{"@context":"https:\/\/schema.org","@graph":[{"@type":"WebPage","@id":"https:\/\/wiges.se\/handla\/herr\/bambu\/bambustrumpor\/tunn-strumpa-av-bambu-och-merinoull-svart\/","url":"https:\/\/wiges.se\/handla\/herr\/bambu\/bambustrumpor\/tunn-strumpa-av-bambu-och-merinoull-svart\/","name":"Tunn strumpa av bambu och merinoull - Svart - Wiges","isPartOf":{"@id":"https:\/\/wiges.se\/handla\/#website"},"primaryImageOfPage":{"@id":"https:\/\/wiges.se\/handla\/herr\/bambu\/bambustrumpor\/tunn-strumpa-av-bambu-och-merinoull-svart\/#primaryimage"},"image":{"@id":"https:\/\/wiges.se\/handla\/herr\/bambu\/bambustrumpor\/tunn-strumpa-av-bambu-och-merinoull-svart\/#primaryimage"},"thumbnailUrl":"https:\/\/wiges.se\/handla\/wp-content\/uploads\/2025\/10\/00000581201-scaled.jpg","datePublished":"2025-10-16T10:56:58+00:00","dateModified":"2026-03-27T09:43:44+00:00","breadcrumb":{"@id":"https:\/\/wiges.se\/handla\/herr\/bambu\/bambustrumpor\/tunn-strumpa-av-bambu-och-merinoull-svart\/#breadcrumb"},"inLanguage":"sv-SE","potentialAction":[{"@type":"ReadAction","target":["https:\/\/wiges.se\/handla\/herr\/bambu\/bambustrumpor\/tunn-strumpa-av-bambu-och-merinoull-svart\/"]}]},{"@type":"ImageObject","inLanguage":"sv-SE","@id":"https:\/\/wiges.se\/handla\/herr\/bambu\/bambustrumpor\/tunn-strumpa-av-bambu-och-merinoull-svart\/#primaryimage","url":"https:\/\/wiges.se\/handla\/wp-content\/uploads\/2025\/10\/00000581201-scaled.jpg","contentUrl":"https:\/\/wiges.se\/handla\/wp-content\/uploads\/2025\/10\/00000581201-scaled.jpg","width":1969,"height":2560},{"@type":"BreadcrumbList","@id":"https:\/\/wiges.se\/handla\/herr\/bambu\/bambustrumpor\/tunn-strumpa-av-bambu-och-merinoull-svart\/#breadcrumb","itemListElement":[{"@type":"ListItem","position":1,"name":"Hem","item":"https:\/\/wiges.se\/handla\/"},{"@type":"ListItem","position":2,"name":"Butik","item":"https:\/\/wiges.se\/handla\/butik\/"},{"@type":"ListItem","position":3,"name":"Herr","item":"https:\/\/wiges.se\/handla\/herr\/"},{"@type":"ListItem","position":4,"name":"Bambu","item":"https:\/\/wiges.se\/handla\/herr\/bambu\/"},{"@type":"ListItem","position":5,"name":"Bambustrumpor","item":"https:\/\/wiges.se\/handla\/herr\/bambu\/bambustrumpor\/"},{"@type":"ListItem","position":6,"name":"Tunn strumpa av bambu och merinoull &#8211; Svart"}]},{"@type":"WebSite","@id":"https:\/\/wiges.se\/handla\/#website","url":"https:\/\/wiges.se\/handla\/","name":"Wiges","description":"","potentialAction":[{"@type":"SearchAction","target":{"@type":"EntryPoint","urlTemplate":"https:\/\/wiges.se\/handla\/?s={search_term_string}"},"query-input":{"@type":"PropertyValueSpecification","valueRequired":true,"valueName":"search_term_string"}}],"inLanguage":"sv-SE"}]}},"_links":{"self":[{"href":"https:\/\/wiges.se\/handla\/wp-json\/wp\/v2\/product\/2587","targetHints":{"allow":["GET"]}}],"collection":[{"href":"https:\/\/wiges.se\/handla\/wp-json\/wp\/v2\/product"}],"about":[{"href":"https:\/\/wiges.se\/handla\/wp-json\/wp\/v2\/types\/product"}],"replies":[{"embeddable":true,"href":"https:\/\/wiges.se\/handla\/wp-json\/wp\/v2\/comments?post=2587"}],"wp:featuredmedia":[{"embeddable":true,"href":"https:\/\/wiges.se\/handla\/wp-json\/wp\/v2\/media\/2586"}],"wp:attachment":[{"href":"https:\/\/wiges.se\/handla\/wp-json\/wp\/v2\/media?parent=2587"}],"wp:term":[{"taxonomy":"product_brand","embeddable":true,"href":"https:\/\/wiges.se\/handla\/wp-json\/wp\/v2\/product_brand?post=2587"},{"taxonomy":"product_cat","embeddable":true,"href":"https:\/\/wiges.se\/handla\/wp-json\/wp\/v2\/product_cat?post=2587"},{"taxonomy":"product_tag","embeddable":true,"href":"https:\/\/wiges.se\/handla\/wp-json\/wp\/v2\/product_tag?post=2587"}],"curies":[{"name":"wp","href":"https:\/\/api.w.org\/{rel}","templated":true}]}}