{"id":2526,"date":"2025-10-16T12:55:18","date_gmt":"2025-10-16T10:55:18","guid":{"rendered":"https:\/\/wiges.se\/handla\/?post_type=product&#038;p=2526"},"modified":"2026-03-23T10:12:03","modified_gmt":"2026-03-23T09:12:03","slug":"2-pack-boxer-av-bambu-bla-blamelange","status":"publish","type":"product","link":"https:\/\/wiges.se\/handla\/herr\/bambu\/underklader\/2-pack-boxer-av-bambu-bla-blamelange\/","title":{"rendered":"2-pack boxer av bambu &#8211; Tiger"},"content":{"rendered":"","protected":false},"excerpt":{"rendered":"<p>2-pack boxerkalsong av mjuk och sk\u00f6n viskos av bambu med n\u00e5got l\u00e4ngre ben. Bambuns naturliga egenskaper g\u00f6r att fukt transporteras bort fr\u00e5n kroppen och h\u00e5ller huden fr\u00e4sch l\u00e4ngre. Designad med mjuka s\u00f6mmar som inte skaver samt bred res\u00e5r med borstad insida f\u00f6r maximal komfort. Varje f\u00f6rpackning inneh\u00e5ller en enf\u00e4rgad och en m\u00f6nstrad boxer.<\/p>\n","protected":false},"featured_media":2525,"comment_status":"open","ping_status":"closed","template":"","meta":{"_acf_changed":false},"product_brand":[],"product_cat":[67,79,102,81,95,293],"product_tag":[],"class_list":{"0":"post-2526","1":"product","2":"type-product","3":"status-publish","4":"has-post-thumbnail","6":"product_cat-herr","7":"product_cat-underklader-herr","8":"product_cat-kalsong","9":"product_cat-bambu-herr","10":"product_cat-underklader-i-bambu","11":"product_cat-bambu-2","13":"first","14":"instock","15":"sale","16":"taxable","17":"shipping-taxable","18":"purchasable","19":"product-type-variable"},"acf":[],"yoast_head":"<!-- This site is optimized with the Yoast SEO plugin v26.7 - https:\/\/yoast.com\/wordpress\/plugins\/seo\/ -->\n<title>2-pack boxer av bambu - Tiger - Wiges<\/title>\n<meta name=\"robots\" content=\"index, follow, max-snippet:-1, max-image-preview:large, max-video-preview:-1\" \/>\n<link rel=\"canonical\" href=\"https:\/\/wiges.se\/handla\/herr\/bambu\/underklader\/2-pack-boxer-av-bambu-bla-blamelange\/\" \/>\n<meta property=\"og:locale\" content=\"sv_SE\" \/>\n<meta property=\"og:type\" content=\"article\" \/>\n<meta property=\"og:title\" content=\"2-pack boxer av bambu - Tiger - Wiges\" \/>\n<meta property=\"og:description\" content=\"2-pack boxerkalsong av mjuk och sk\u00f6n viskos av bambu med n\u00e5got l\u00e4ngre ben. Bambuns naturliga egenskaper g\u00f6r att fukt transporteras bort fr\u00e5n kroppen och h\u00e5ller huden fr\u00e4sch l\u00e4ngre. Designad med mjuka s\u00f6mmar som inte skaver samt bred res\u00e5r med borstad insida f\u00f6r maximal komfort. Varje f\u00f6rpackning inneh\u00e5ller en enf\u00e4rgad och en m\u00f6nstrad boxer.\" \/>\n<meta property=\"og:url\" content=\"https:\/\/wiges.se\/handla\/herr\/bambu\/underklader\/2-pack-boxer-av-bambu-bla-blamelange\/\" \/>\n<meta property=\"og:site_name\" content=\"Wiges\" \/>\n<meta property=\"article:modified_time\" content=\"2026-03-23T09:12:03+00:00\" \/>\n<meta property=\"og:image\" content=\"https:\/\/wiges.se\/handla\/wp-content\/uploads\/2025\/10\/00006837438-scaled.jpg\" \/>\n\t<meta property=\"og:image:width\" content=\"1969\" \/>\n\t<meta property=\"og:image:height\" content=\"2560\" \/>\n\t<meta property=\"og:image:type\" content=\"image\/jpeg\" \/>\n<meta name=\"twitter:card\" content=\"summary_large_image\" \/>\n<script type=\"application\/ld+json\" class=\"yoast-schema-graph\">{\"@context\":\"https:\/\/schema.org\",\"@graph\":[{\"@type\":\"WebPage\",\"@id\":\"https:\/\/wiges.se\/handla\/herr\/bambu\/underklader\/2-pack-boxer-av-bambu-bla-blamelange\/\",\"url\":\"https:\/\/wiges.se\/handla\/herr\/bambu\/underklader\/2-pack-boxer-av-bambu-bla-blamelange\/\",\"name\":\"2-pack boxer av bambu - Tiger - Wiges\",\"isPartOf\":{\"@id\":\"https:\/\/wiges.se\/handla\/#website\"},\"primaryImageOfPage\":{\"@id\":\"https:\/\/wiges.se\/handla\/herr\/bambu\/underklader\/2-pack-boxer-av-bambu-bla-blamelange\/#primaryimage\"},\"image\":{\"@id\":\"https:\/\/wiges.se\/handla\/herr\/bambu\/underklader\/2-pack-boxer-av-bambu-bla-blamelange\/#primaryimage\"},\"thumbnailUrl\":\"https:\/\/wiges.se\/handla\/wp-content\/uploads\/2025\/10\/00006837438-scaled.jpg\",\"datePublished\":\"2025-10-16T10:55:18+00:00\",\"dateModified\":\"2026-03-23T09:12:03+00:00\",\"breadcrumb\":{\"@id\":\"https:\/\/wiges.se\/handla\/herr\/bambu\/underklader\/2-pack-boxer-av-bambu-bla-blamelange\/#breadcrumb\"},\"inLanguage\":\"sv-SE\",\"potentialAction\":[{\"@type\":\"ReadAction\",\"target\":[\"https:\/\/wiges.se\/handla\/herr\/bambu\/underklader\/2-pack-boxer-av-bambu-bla-blamelange\/\"]}]},{\"@type\":\"ImageObject\",\"inLanguage\":\"sv-SE\",\"@id\":\"https:\/\/wiges.se\/handla\/herr\/bambu\/underklader\/2-pack-boxer-av-bambu-bla-blamelange\/#primaryimage\",\"url\":\"https:\/\/wiges.se\/handla\/wp-content\/uploads\/2025\/10\/00006837438-scaled.jpg\",\"contentUrl\":\"https:\/\/wiges.se\/handla\/wp-content\/uploads\/2025\/10\/00006837438-scaled.jpg\",\"width\":1969,\"height\":2560},{\"@type\":\"BreadcrumbList\",\"@id\":\"https:\/\/wiges.se\/handla\/herr\/bambu\/underklader\/2-pack-boxer-av-bambu-bla-blamelange\/#breadcrumb\",\"itemListElement\":[{\"@type\":\"ListItem\",\"position\":1,\"name\":\"Hem\",\"item\":\"https:\/\/wiges.se\/handla\/\"},{\"@type\":\"ListItem\",\"position\":2,\"name\":\"Butik\",\"item\":\"https:\/\/wiges.se\/handla\/butik\/\"},{\"@type\":\"ListItem\",\"position\":3,\"name\":\"Herr\",\"item\":\"https:\/\/wiges.se\/handla\/herr\/\"},{\"@type\":\"ListItem\",\"position\":4,\"name\":\"Underkl\u00e4der\",\"item\":\"https:\/\/wiges.se\/handla\/herr\/underklader\/\"},{\"@type\":\"ListItem\",\"position\":5,\"name\":\"Kalsonger\",\"item\":\"https:\/\/wiges.se\/handla\/herr\/underklader\/kalsong\/\"},{\"@type\":\"ListItem\",\"position\":6,\"name\":\"2-pack boxer av bambu &#8211; Tiger\"}]},{\"@type\":\"WebSite\",\"@id\":\"https:\/\/wiges.se\/handla\/#website\",\"url\":\"https:\/\/wiges.se\/handla\/\",\"name\":\"Wiges\",\"description\":\"\",\"potentialAction\":[{\"@type\":\"SearchAction\",\"target\":{\"@type\":\"EntryPoint\",\"urlTemplate\":\"https:\/\/wiges.se\/handla\/?s={search_term_string}\"},\"query-input\":{\"@type\":\"PropertyValueSpecification\",\"valueRequired\":true,\"valueName\":\"search_term_string\"}}],\"inLanguage\":\"sv-SE\"}]}<\/script>\n<!-- \/ Yoast SEO plugin. -->","yoast_head_json":{"title":"2-pack boxer av bambu - Tiger - Wiges","robots":{"index":"index","follow":"follow","max-snippet":"max-snippet:-1","max-image-preview":"max-image-preview:large","max-video-preview":"max-video-preview:-1"},"canonical":"https:\/\/wiges.se\/handla\/herr\/bambu\/underklader\/2-pack-boxer-av-bambu-bla-blamelange\/","og_locale":"sv_SE","og_type":"article","og_title":"2-pack boxer av bambu - Tiger - Wiges","og_description":"2-pack boxerkalsong av mjuk och sk\u00f6n viskos av bambu med n\u00e5got l\u00e4ngre ben. Bambuns naturliga egenskaper g\u00f6r att fukt transporteras bort fr\u00e5n kroppen och h\u00e5ller huden fr\u00e4sch l\u00e4ngre. Designad med mjuka s\u00f6mmar som inte skaver samt bred res\u00e5r med borstad insida f\u00f6r maximal komfort. Varje f\u00f6rpackning inneh\u00e5ller en enf\u00e4rgad och en m\u00f6nstrad boxer.","og_url":"https:\/\/wiges.se\/handla\/herr\/bambu\/underklader\/2-pack-boxer-av-bambu-bla-blamelange\/","og_site_name":"Wiges","article_modified_time":"2026-03-23T09:12:03+00:00","og_image":[{"width":1969,"height":2560,"url":"https:\/\/wiges.se\/handla\/wp-content\/uploads\/2025\/10\/00006837438-scaled.jpg","type":"image\/jpeg"}],"twitter_card":"summary_large_image","schema":{"@context":"https:\/\/schema.org","@graph":[{"@type":"WebPage","@id":"https:\/\/wiges.se\/handla\/herr\/bambu\/underklader\/2-pack-boxer-av-bambu-bla-blamelange\/","url":"https:\/\/wiges.se\/handla\/herr\/bambu\/underklader\/2-pack-boxer-av-bambu-bla-blamelange\/","name":"2-pack boxer av bambu - Tiger - Wiges","isPartOf":{"@id":"https:\/\/wiges.se\/handla\/#website"},"primaryImageOfPage":{"@id":"https:\/\/wiges.se\/handla\/herr\/bambu\/underklader\/2-pack-boxer-av-bambu-bla-blamelange\/#primaryimage"},"image":{"@id":"https:\/\/wiges.se\/handla\/herr\/bambu\/underklader\/2-pack-boxer-av-bambu-bla-blamelange\/#primaryimage"},"thumbnailUrl":"https:\/\/wiges.se\/handla\/wp-content\/uploads\/2025\/10\/00006837438-scaled.jpg","datePublished":"2025-10-16T10:55:18+00:00","dateModified":"2026-03-23T09:12:03+00:00","breadcrumb":{"@id":"https:\/\/wiges.se\/handla\/herr\/bambu\/underklader\/2-pack-boxer-av-bambu-bla-blamelange\/#breadcrumb"},"inLanguage":"sv-SE","potentialAction":[{"@type":"ReadAction","target":["https:\/\/wiges.se\/handla\/herr\/bambu\/underklader\/2-pack-boxer-av-bambu-bla-blamelange\/"]}]},{"@type":"ImageObject","inLanguage":"sv-SE","@id":"https:\/\/wiges.se\/handla\/herr\/bambu\/underklader\/2-pack-boxer-av-bambu-bla-blamelange\/#primaryimage","url":"https:\/\/wiges.se\/handla\/wp-content\/uploads\/2025\/10\/00006837438-scaled.jpg","contentUrl":"https:\/\/wiges.se\/handla\/wp-content\/uploads\/2025\/10\/00006837438-scaled.jpg","width":1969,"height":2560},{"@type":"BreadcrumbList","@id":"https:\/\/wiges.se\/handla\/herr\/bambu\/underklader\/2-pack-boxer-av-bambu-bla-blamelange\/#breadcrumb","itemListElement":[{"@type":"ListItem","position":1,"name":"Hem","item":"https:\/\/wiges.se\/handla\/"},{"@type":"ListItem","position":2,"name":"Butik","item":"https:\/\/wiges.se\/handla\/butik\/"},{"@type":"ListItem","position":3,"name":"Herr","item":"https:\/\/wiges.se\/handla\/herr\/"},{"@type":"ListItem","position":4,"name":"Underkl\u00e4der","item":"https:\/\/wiges.se\/handla\/herr\/underklader\/"},{"@type":"ListItem","position":5,"name":"Kalsonger","item":"https:\/\/wiges.se\/handla\/herr\/underklader\/kalsong\/"},{"@type":"ListItem","position":6,"name":"2-pack boxer av bambu &#8211; Tiger"}]},{"@type":"WebSite","@id":"https:\/\/wiges.se\/handla\/#website","url":"https:\/\/wiges.se\/handla\/","name":"Wiges","description":"","potentialAction":[{"@type":"SearchAction","target":{"@type":"EntryPoint","urlTemplate":"https:\/\/wiges.se\/handla\/?s={search_term_string}"},"query-input":{"@type":"PropertyValueSpecification","valueRequired":true,"valueName":"search_term_string"}}],"inLanguage":"sv-SE"}]}},"_links":{"self":[{"href":"https:\/\/wiges.se\/handla\/wp-json\/wp\/v2\/product\/2526","targetHints":{"allow":["GET"]}}],"collection":[{"href":"https:\/\/wiges.se\/handla\/wp-json\/wp\/v2\/product"}],"about":[{"href":"https:\/\/wiges.se\/handla\/wp-json\/wp\/v2\/types\/product"}],"replies":[{"embeddable":true,"href":"https:\/\/wiges.se\/handla\/wp-json\/wp\/v2\/comments?post=2526"}],"wp:featuredmedia":[{"embeddable":true,"href":"https:\/\/wiges.se\/handla\/wp-json\/wp\/v2\/media\/2525"}],"wp:attachment":[{"href":"https:\/\/wiges.se\/handla\/wp-json\/wp\/v2\/media?parent=2526"}],"wp:term":[{"taxonomy":"product_brand","embeddable":true,"href":"https:\/\/wiges.se\/handla\/wp-json\/wp\/v2\/product_brand?post=2526"},{"taxonomy":"product_cat","embeddable":true,"href":"https:\/\/wiges.se\/handla\/wp-json\/wp\/v2\/product_cat?post=2526"},{"taxonomy":"product_tag","embeddable":true,"href":"https:\/\/wiges.se\/handla\/wp-json\/wp\/v2\/product_tag?post=2526"}],"curies":[{"name":"wp","href":"https:\/\/api.w.org\/{rel}","templated":true}]}}