{"id":2519,"date":"2025-10-16T12:55:05","date_gmt":"2025-10-16T10:55:05","guid":{"rendered":"https:\/\/wiges.se\/handla\/?post_type=product&#038;p=2519"},"modified":"2026-01-26T17:01:13","modified_gmt":"2026-01-26T16:01:13","slug":"trosa-seamless-svart","status":"publish","type":"product","link":"https:\/\/wiges.se\/handla\/dam\/underklader\/trosor\/trosa-seamless-svart\/","title":{"rendered":"Trosa seamless &#8211; Svart"},"content":{"rendered":"","protected":false},"excerpt":{"rendered":"<p>Trosa konstruerad med minimalt antal s\u00f6mmar f\u00f6r en s\u00f6ml\u00f6s, behaglig k\u00e4nsla mot huden. Fodrad gren.<\/p>\n","protected":false},"featured_media":2518,"comment_status":"open","ping_status":"closed","template":"","meta":{"_acf_changed":false},"product_brand":[],"product_cat":[66,70,121],"product_tag":[],"class_list":{"0":"post-2519","1":"product","2":"type-product","3":"status-publish","4":"has-post-thumbnail","6":"product_cat-dam","7":"product_cat-underklader","8":"product_cat-trosor","10":"first","11":"instock","12":"taxable","13":"shipping-taxable","14":"purchasable","15":"product-type-variable"},"acf":[],"yoast_head":"<!-- This site is optimized with the Yoast SEO plugin v26.7 - https:\/\/yoast.com\/wordpress\/plugins\/seo\/ -->\n<title>Trosa seamless - Svart - Wiges<\/title>\n<meta name=\"robots\" content=\"index, follow, max-snippet:-1, max-image-preview:large, max-video-preview:-1\" \/>\n<link rel=\"canonical\" href=\"https:\/\/wiges.se\/handla\/dam\/underklader\/trosor\/trosa-seamless-svart\/\" \/>\n<meta property=\"og:locale\" content=\"sv_SE\" \/>\n<meta property=\"og:type\" content=\"article\" \/>\n<meta property=\"og:title\" content=\"Trosa seamless - Svart - Wiges\" \/>\n<meta property=\"og:description\" content=\"Trosa konstruerad med minimalt antal s\u00f6mmar f\u00f6r en s\u00f6ml\u00f6s, behaglig k\u00e4nsla mot huden. Fodrad gren.\" \/>\n<meta property=\"og:url\" content=\"https:\/\/wiges.se\/handla\/dam\/underklader\/trosor\/trosa-seamless-svart\/\" \/>\n<meta property=\"og:site_name\" content=\"Wiges\" \/>\n<meta property=\"article:modified_time\" content=\"2026-01-26T16:01:13+00:00\" \/>\n<meta property=\"og:image\" content=\"https:\/\/wiges.se\/handla\/wp-content\/uploads\/2025\/10\/00007898801_f.jpg\" \/>\n\t<meta property=\"og:image:width\" content=\"1600\" \/>\n\t<meta property=\"og:image:height\" content=\"2000\" \/>\n\t<meta property=\"og:image:type\" content=\"image\/jpeg\" \/>\n<meta name=\"twitter:card\" content=\"summary_large_image\" \/>\n<script type=\"application\/ld+json\" class=\"yoast-schema-graph\">{\"@context\":\"https:\/\/schema.org\",\"@graph\":[{\"@type\":\"WebPage\",\"@id\":\"https:\/\/wiges.se\/handla\/dam\/underklader\/trosor\/trosa-seamless-svart\/\",\"url\":\"https:\/\/wiges.se\/handla\/dam\/underklader\/trosor\/trosa-seamless-svart\/\",\"name\":\"Trosa seamless - Svart - Wiges\",\"isPartOf\":{\"@id\":\"https:\/\/wiges.se\/handla\/#website\"},\"primaryImageOfPage\":{\"@id\":\"https:\/\/wiges.se\/handla\/dam\/underklader\/trosor\/trosa-seamless-svart\/#primaryimage\"},\"image\":{\"@id\":\"https:\/\/wiges.se\/handla\/dam\/underklader\/trosor\/trosa-seamless-svart\/#primaryimage\"},\"thumbnailUrl\":\"https:\/\/wiges.se\/handla\/wp-content\/uploads\/2025\/10\/00007898801_f.jpg\",\"datePublished\":\"2025-10-16T10:55:05+00:00\",\"dateModified\":\"2026-01-26T16:01:13+00:00\",\"breadcrumb\":{\"@id\":\"https:\/\/wiges.se\/handla\/dam\/underklader\/trosor\/trosa-seamless-svart\/#breadcrumb\"},\"inLanguage\":\"sv-SE\",\"potentialAction\":[{\"@type\":\"ReadAction\",\"target\":[\"https:\/\/wiges.se\/handla\/dam\/underklader\/trosor\/trosa-seamless-svart\/\"]}]},{\"@type\":\"ImageObject\",\"inLanguage\":\"sv-SE\",\"@id\":\"https:\/\/wiges.se\/handla\/dam\/underklader\/trosor\/trosa-seamless-svart\/#primaryimage\",\"url\":\"https:\/\/wiges.se\/handla\/wp-content\/uploads\/2025\/10\/00007898801_f.jpg\",\"contentUrl\":\"https:\/\/wiges.se\/handla\/wp-content\/uploads\/2025\/10\/00007898801_f.jpg\",\"width\":1600,\"height\":2000},{\"@type\":\"BreadcrumbList\",\"@id\":\"https:\/\/wiges.se\/handla\/dam\/underklader\/trosor\/trosa-seamless-svart\/#breadcrumb\",\"itemListElement\":[{\"@type\":\"ListItem\",\"position\":1,\"name\":\"Hem\",\"item\":\"https:\/\/wiges.se\/handla\/\"},{\"@type\":\"ListItem\",\"position\":2,\"name\":\"Butik\",\"item\":\"https:\/\/wiges.se\/handla\/butik\/\"},{\"@type\":\"ListItem\",\"position\":3,\"name\":\"Dam\",\"item\":\"https:\/\/wiges.se\/handla\/dam\/\"},{\"@type\":\"ListItem\",\"position\":4,\"name\":\"Underkl\u00e4der\",\"item\":\"https:\/\/wiges.se\/handla\/dam\/underklader\/\"},{\"@type\":\"ListItem\",\"position\":5,\"name\":\"Trosor\",\"item\":\"https:\/\/wiges.se\/handla\/dam\/underklader\/trosor\/\"},{\"@type\":\"ListItem\",\"position\":6,\"name\":\"Trosa seamless &#8211; Svart\"}]},{\"@type\":\"WebSite\",\"@id\":\"https:\/\/wiges.se\/handla\/#website\",\"url\":\"https:\/\/wiges.se\/handla\/\",\"name\":\"Wiges\",\"description\":\"\",\"potentialAction\":[{\"@type\":\"SearchAction\",\"target\":{\"@type\":\"EntryPoint\",\"urlTemplate\":\"https:\/\/wiges.se\/handla\/?s={search_term_string}\"},\"query-input\":{\"@type\":\"PropertyValueSpecification\",\"valueRequired\":true,\"valueName\":\"search_term_string\"}}],\"inLanguage\":\"sv-SE\"}]}<\/script>\n<!-- \/ Yoast SEO plugin. -->","yoast_head_json":{"title":"Trosa seamless - Svart - Wiges","robots":{"index":"index","follow":"follow","max-snippet":"max-snippet:-1","max-image-preview":"max-image-preview:large","max-video-preview":"max-video-preview:-1"},"canonical":"https:\/\/wiges.se\/handla\/dam\/underklader\/trosor\/trosa-seamless-svart\/","og_locale":"sv_SE","og_type":"article","og_title":"Trosa seamless - Svart - Wiges","og_description":"Trosa konstruerad med minimalt antal s\u00f6mmar f\u00f6r en s\u00f6ml\u00f6s, behaglig k\u00e4nsla mot huden. Fodrad gren.","og_url":"https:\/\/wiges.se\/handla\/dam\/underklader\/trosor\/trosa-seamless-svart\/","og_site_name":"Wiges","article_modified_time":"2026-01-26T16:01:13+00:00","og_image":[{"width":1600,"height":2000,"url":"https:\/\/wiges.se\/handla\/wp-content\/uploads\/2025\/10\/00007898801_f.jpg","type":"image\/jpeg"}],"twitter_card":"summary_large_image","schema":{"@context":"https:\/\/schema.org","@graph":[{"@type":"WebPage","@id":"https:\/\/wiges.se\/handla\/dam\/underklader\/trosor\/trosa-seamless-svart\/","url":"https:\/\/wiges.se\/handla\/dam\/underklader\/trosor\/trosa-seamless-svart\/","name":"Trosa seamless - Svart - Wiges","isPartOf":{"@id":"https:\/\/wiges.se\/handla\/#website"},"primaryImageOfPage":{"@id":"https:\/\/wiges.se\/handla\/dam\/underklader\/trosor\/trosa-seamless-svart\/#primaryimage"},"image":{"@id":"https:\/\/wiges.se\/handla\/dam\/underklader\/trosor\/trosa-seamless-svart\/#primaryimage"},"thumbnailUrl":"https:\/\/wiges.se\/handla\/wp-content\/uploads\/2025\/10\/00007898801_f.jpg","datePublished":"2025-10-16T10:55:05+00:00","dateModified":"2026-01-26T16:01:13+00:00","breadcrumb":{"@id":"https:\/\/wiges.se\/handla\/dam\/underklader\/trosor\/trosa-seamless-svart\/#breadcrumb"},"inLanguage":"sv-SE","potentialAction":[{"@type":"ReadAction","target":["https:\/\/wiges.se\/handla\/dam\/underklader\/trosor\/trosa-seamless-svart\/"]}]},{"@type":"ImageObject","inLanguage":"sv-SE","@id":"https:\/\/wiges.se\/handla\/dam\/underklader\/trosor\/trosa-seamless-svart\/#primaryimage","url":"https:\/\/wiges.se\/handla\/wp-content\/uploads\/2025\/10\/00007898801_f.jpg","contentUrl":"https:\/\/wiges.se\/handla\/wp-content\/uploads\/2025\/10\/00007898801_f.jpg","width":1600,"height":2000},{"@type":"BreadcrumbList","@id":"https:\/\/wiges.se\/handla\/dam\/underklader\/trosor\/trosa-seamless-svart\/#breadcrumb","itemListElement":[{"@type":"ListItem","position":1,"name":"Hem","item":"https:\/\/wiges.se\/handla\/"},{"@type":"ListItem","position":2,"name":"Butik","item":"https:\/\/wiges.se\/handla\/butik\/"},{"@type":"ListItem","position":3,"name":"Dam","item":"https:\/\/wiges.se\/handla\/dam\/"},{"@type":"ListItem","position":4,"name":"Underkl\u00e4der","item":"https:\/\/wiges.se\/handla\/dam\/underklader\/"},{"@type":"ListItem","position":5,"name":"Trosor","item":"https:\/\/wiges.se\/handla\/dam\/underklader\/trosor\/"},{"@type":"ListItem","position":6,"name":"Trosa seamless &#8211; Svart"}]},{"@type":"WebSite","@id":"https:\/\/wiges.se\/handla\/#website","url":"https:\/\/wiges.se\/handla\/","name":"Wiges","description":"","potentialAction":[{"@type":"SearchAction","target":{"@type":"EntryPoint","urlTemplate":"https:\/\/wiges.se\/handla\/?s={search_term_string}"},"query-input":{"@type":"PropertyValueSpecification","valueRequired":true,"valueName":"search_term_string"}}],"inLanguage":"sv-SE"}]}},"_links":{"self":[{"href":"https:\/\/wiges.se\/handla\/wp-json\/wp\/v2\/product\/2519","targetHints":{"allow":["GET"]}}],"collection":[{"href":"https:\/\/wiges.se\/handla\/wp-json\/wp\/v2\/product"}],"about":[{"href":"https:\/\/wiges.se\/handla\/wp-json\/wp\/v2\/types\/product"}],"replies":[{"embeddable":true,"href":"https:\/\/wiges.se\/handla\/wp-json\/wp\/v2\/comments?post=2519"}],"wp:featuredmedia":[{"embeddable":true,"href":"https:\/\/wiges.se\/handla\/wp-json\/wp\/v2\/media\/2518"}],"wp:attachment":[{"href":"https:\/\/wiges.se\/handla\/wp-json\/wp\/v2\/media?parent=2519"}],"wp:term":[{"taxonomy":"product_brand","embeddable":true,"href":"https:\/\/wiges.se\/handla\/wp-json\/wp\/v2\/product_brand?post=2519"},{"taxonomy":"product_cat","embeddable":true,"href":"https:\/\/wiges.se\/handla\/wp-json\/wp\/v2\/product_cat?post=2519"},{"taxonomy":"product_tag","embeddable":true,"href":"https:\/\/wiges.se\/handla\/wp-json\/wp\/v2\/product_tag?post=2519"}],"curies":[{"name":"wp","href":"https:\/\/api.w.org\/{rel}","templated":true}]}}