{"id":2473,"date":"2025-10-16T12:53:41","date_gmt":"2025-10-16T10:53:41","guid":{"rendered":"https:\/\/wiges.se\/handla\/?post_type=product&#038;p=2473"},"modified":"2026-04-01T13:21:13","modified_gmt":"2026-04-01T11:21:13","slug":"strumpa-med-halkskydd-extra-los-resar-gra","status":"publish","type":"product","link":"https:\/\/wiges.se\/handla\/herr\/strumpor\/antihalkstrumpor\/strumpa-med-halkskydd-extra-los-resar-gra\/","title":{"rendered":"Strumpa med halkskydd extra l\u00f6s res\u00e5r &#8211; Gr\u00e5"},"content":{"rendered":"","protected":false},"excerpt":{"rendered":"<p>Strumpa med halkskydd och extra l\u00f6s res\u00e5r, 1-pack, quarterl\u00e4ngd p\u00e5 skaftet, transparent anti-halk. En r\u00e4tt utformad anti-halkstrumpa ger foten b\u00e4ttre grepp och skyddar mot hala underlag inomhus. Viktigt f\u00f6r personer med s\u00e4mre balans, nedsatt styrka och\/eller f\u00f6r de som lider av yrsel. L\u00f6s res\u00e5r i skaftet f\u00f6r extra komfort. Halkskydd i 100% silikon.<\/p>\n","protected":false},"featured_media":2471,"comment_status":"open","ping_status":"closed","template":"","meta":{"_acf_changed":false},"product_brand":[],"product_cat":[66,127,75,140,142,67,105,107,82,90,92,294],"product_tag":[],"class_list":{"0":"post-2473","1":"product","2":"type-product","3":"status-publish","4":"has-post-thumbnail","6":"product_cat-dam","7":"product_cat-antihalkstrumpor-strumpor","8":"product_cat-medical","9":"product_cat-antihalkstrumpor-medical","10":"product_cat-strumpor-med-los-resar-medical","11":"product_cat-herr","12":"product_cat-antihalkstrumpor-strumpor-herr","13":"product_cat-strumpor-med-los-resar-strumpor-herr","14":"product_cat-medical-herr","15":"product_cat-antihalkstrumpor","16":"product_cat-strumpor-med-los-resar","17":"product_cat-medical-2","19":"first","20":"instock","21":"taxable","22":"shipping-taxable","23":"purchasable","24":"product-type-variable"},"acf":[],"yoast_head":"<!-- This site is optimized with the Yoast SEO plugin v26.7 - https:\/\/yoast.com\/wordpress\/plugins\/seo\/ -->\n<title>Strumpa med halkskydd extra l\u00f6s res\u00e5r - Gr\u00e5 - Wiges<\/title>\n<meta name=\"robots\" content=\"index, follow, max-snippet:-1, max-image-preview:large, max-video-preview:-1\" \/>\n<link rel=\"canonical\" href=\"https:\/\/wiges.se\/handla\/herr\/strumpor\/antihalkstrumpor\/strumpa-med-halkskydd-extra-los-resar-gra\/\" \/>\n<meta property=\"og:locale\" content=\"sv_SE\" \/>\n<meta property=\"og:type\" content=\"article\" \/>\n<meta property=\"og:title\" content=\"Strumpa med halkskydd extra l\u00f6s res\u00e5r - Gr\u00e5 - Wiges\" \/>\n<meta property=\"og:description\" content=\"Strumpa med halkskydd och extra l\u00f6s res\u00e5r, 1-pack, quarterl\u00e4ngd p\u00e5 skaftet, transparent anti-halk. En r\u00e4tt utformad anti-halkstrumpa ger foten b\u00e4ttre grepp och skyddar mot hala underlag inomhus. Viktigt f\u00f6r personer med s\u00e4mre balans, nedsatt styrka och\/eller f\u00f6r de som lider av yrsel. L\u00f6s res\u00e5r i skaftet f\u00f6r extra komfort. Halkskydd i 100% silikon.\" \/>\n<meta property=\"og:url\" content=\"https:\/\/wiges.se\/handla\/herr\/strumpor\/antihalkstrumpor\/strumpa-med-halkskydd-extra-los-resar-gra\/\" \/>\n<meta property=\"og:site_name\" content=\"Wiges\" \/>\n<meta property=\"article:modified_time\" content=\"2026-04-01T11:21:13+00:00\" \/>\n<meta property=\"og:image\" content=\"https:\/\/wiges.se\/handla\/wp-content\/uploads\/2025\/10\/00005255103-scaled.jpg\" \/>\n\t<meta property=\"og:image:width\" content=\"1969\" \/>\n\t<meta property=\"og:image:height\" content=\"2560\" \/>\n\t<meta property=\"og:image:type\" content=\"image\/jpeg\" \/>\n<meta name=\"twitter:card\" content=\"summary_large_image\" \/>\n<meta name=\"twitter:label1\" content=\"Ber\u00e4knad l\u00e4stid\" \/>\n\t<meta name=\"twitter:data1\" content=\"1 minut\" \/>\n<script type=\"application\/ld+json\" class=\"yoast-schema-graph\">{\"@context\":\"https:\/\/schema.org\",\"@graph\":[{\"@type\":\"WebPage\",\"@id\":\"https:\/\/wiges.se\/handla\/herr\/strumpor\/antihalkstrumpor\/strumpa-med-halkskydd-extra-los-resar-gra\/\",\"url\":\"https:\/\/wiges.se\/handla\/herr\/strumpor\/antihalkstrumpor\/strumpa-med-halkskydd-extra-los-resar-gra\/\",\"name\":\"Strumpa med halkskydd extra l\u00f6s res\u00e5r - Gr\u00e5 - Wiges\",\"isPartOf\":{\"@id\":\"https:\/\/wiges.se\/handla\/#website\"},\"primaryImageOfPage\":{\"@id\":\"https:\/\/wiges.se\/handla\/herr\/strumpor\/antihalkstrumpor\/strumpa-med-halkskydd-extra-los-resar-gra\/#primaryimage\"},\"image\":{\"@id\":\"https:\/\/wiges.se\/handla\/herr\/strumpor\/antihalkstrumpor\/strumpa-med-halkskydd-extra-los-resar-gra\/#primaryimage\"},\"thumbnailUrl\":\"https:\/\/wiges.se\/handla\/wp-content\/uploads\/2025\/10\/00005255103-scaled.jpg\",\"datePublished\":\"2025-10-16T10:53:41+00:00\",\"dateModified\":\"2026-04-01T11:21:13+00:00\",\"breadcrumb\":{\"@id\":\"https:\/\/wiges.se\/handla\/herr\/strumpor\/antihalkstrumpor\/strumpa-med-halkskydd-extra-los-resar-gra\/#breadcrumb\"},\"inLanguage\":\"sv-SE\",\"potentialAction\":[{\"@type\":\"ReadAction\",\"target\":[\"https:\/\/wiges.se\/handla\/herr\/strumpor\/antihalkstrumpor\/strumpa-med-halkskydd-extra-los-resar-gra\/\"]}]},{\"@type\":\"ImageObject\",\"inLanguage\":\"sv-SE\",\"@id\":\"https:\/\/wiges.se\/handla\/herr\/strumpor\/antihalkstrumpor\/strumpa-med-halkskydd-extra-los-resar-gra\/#primaryimage\",\"url\":\"https:\/\/wiges.se\/handla\/wp-content\/uploads\/2025\/10\/00005255103-scaled.jpg\",\"contentUrl\":\"https:\/\/wiges.se\/handla\/wp-content\/uploads\/2025\/10\/00005255103-scaled.jpg\",\"width\":1969,\"height\":2560},{\"@type\":\"BreadcrumbList\",\"@id\":\"https:\/\/wiges.se\/handla\/herr\/strumpor\/antihalkstrumpor\/strumpa-med-halkskydd-extra-los-resar-gra\/#breadcrumb\",\"itemListElement\":[{\"@type\":\"ListItem\",\"position\":1,\"name\":\"Hem\",\"item\":\"https:\/\/wiges.se\/handla\/\"},{\"@type\":\"ListItem\",\"position\":2,\"name\":\"Butik\",\"item\":\"https:\/\/wiges.se\/handla\/butik\/\"},{\"@type\":\"ListItem\",\"position\":3,\"name\":\"Herr\",\"item\":\"https:\/\/wiges.se\/handla\/herr\/\"},{\"@type\":\"ListItem\",\"position\":4,\"name\":\"Strumpor\",\"item\":\"https:\/\/wiges.se\/handla\/herr\/strumpor\/\"},{\"@type\":\"ListItem\",\"position\":5,\"name\":\"Antihalkstrumpor\",\"item\":\"https:\/\/wiges.se\/handla\/herr\/strumpor\/antihalkstrumpor\/\"},{\"@type\":\"ListItem\",\"position\":6,\"name\":\"Strumpa med halkskydd extra l\u00f6s res\u00e5r &#8211; Gr\u00e5\"}]},{\"@type\":\"WebSite\",\"@id\":\"https:\/\/wiges.se\/handla\/#website\",\"url\":\"https:\/\/wiges.se\/handla\/\",\"name\":\"Wiges\",\"description\":\"\",\"potentialAction\":[{\"@type\":\"SearchAction\",\"target\":{\"@type\":\"EntryPoint\",\"urlTemplate\":\"https:\/\/wiges.se\/handla\/?s={search_term_string}\"},\"query-input\":{\"@type\":\"PropertyValueSpecification\",\"valueRequired\":true,\"valueName\":\"search_term_string\"}}],\"inLanguage\":\"sv-SE\"}]}<\/script>\n<!-- \/ Yoast SEO plugin. -->","yoast_head_json":{"title":"Strumpa med halkskydd extra l\u00f6s res\u00e5r - Gr\u00e5 - Wiges","robots":{"index":"index","follow":"follow","max-snippet":"max-snippet:-1","max-image-preview":"max-image-preview:large","max-video-preview":"max-video-preview:-1"},"canonical":"https:\/\/wiges.se\/handla\/herr\/strumpor\/antihalkstrumpor\/strumpa-med-halkskydd-extra-los-resar-gra\/","og_locale":"sv_SE","og_type":"article","og_title":"Strumpa med halkskydd extra l\u00f6s res\u00e5r - Gr\u00e5 - Wiges","og_description":"Strumpa med halkskydd och extra l\u00f6s res\u00e5r, 1-pack, quarterl\u00e4ngd p\u00e5 skaftet, transparent anti-halk. En r\u00e4tt utformad anti-halkstrumpa ger foten b\u00e4ttre grepp och skyddar mot hala underlag inomhus. Viktigt f\u00f6r personer med s\u00e4mre balans, nedsatt styrka och\/eller f\u00f6r de som lider av yrsel. L\u00f6s res\u00e5r i skaftet f\u00f6r extra komfort. Halkskydd i 100% silikon.","og_url":"https:\/\/wiges.se\/handla\/herr\/strumpor\/antihalkstrumpor\/strumpa-med-halkskydd-extra-los-resar-gra\/","og_site_name":"Wiges","article_modified_time":"2026-04-01T11:21:13+00:00","og_image":[{"width":1969,"height":2560,"url":"https:\/\/wiges.se\/handla\/wp-content\/uploads\/2025\/10\/00005255103-scaled.jpg","type":"image\/jpeg"}],"twitter_card":"summary_large_image","twitter_misc":{"Ber\u00e4knad l\u00e4stid":"1 minut"},"schema":{"@context":"https:\/\/schema.org","@graph":[{"@type":"WebPage","@id":"https:\/\/wiges.se\/handla\/herr\/strumpor\/antihalkstrumpor\/strumpa-med-halkskydd-extra-los-resar-gra\/","url":"https:\/\/wiges.se\/handla\/herr\/strumpor\/antihalkstrumpor\/strumpa-med-halkskydd-extra-los-resar-gra\/","name":"Strumpa med halkskydd extra l\u00f6s res\u00e5r - Gr\u00e5 - Wiges","isPartOf":{"@id":"https:\/\/wiges.se\/handla\/#website"},"primaryImageOfPage":{"@id":"https:\/\/wiges.se\/handla\/herr\/strumpor\/antihalkstrumpor\/strumpa-med-halkskydd-extra-los-resar-gra\/#primaryimage"},"image":{"@id":"https:\/\/wiges.se\/handla\/herr\/strumpor\/antihalkstrumpor\/strumpa-med-halkskydd-extra-los-resar-gra\/#primaryimage"},"thumbnailUrl":"https:\/\/wiges.se\/handla\/wp-content\/uploads\/2025\/10\/00005255103-scaled.jpg","datePublished":"2025-10-16T10:53:41+00:00","dateModified":"2026-04-01T11:21:13+00:00","breadcrumb":{"@id":"https:\/\/wiges.se\/handla\/herr\/strumpor\/antihalkstrumpor\/strumpa-med-halkskydd-extra-los-resar-gra\/#breadcrumb"},"inLanguage":"sv-SE","potentialAction":[{"@type":"ReadAction","target":["https:\/\/wiges.se\/handla\/herr\/strumpor\/antihalkstrumpor\/strumpa-med-halkskydd-extra-los-resar-gra\/"]}]},{"@type":"ImageObject","inLanguage":"sv-SE","@id":"https:\/\/wiges.se\/handla\/herr\/strumpor\/antihalkstrumpor\/strumpa-med-halkskydd-extra-los-resar-gra\/#primaryimage","url":"https:\/\/wiges.se\/handla\/wp-content\/uploads\/2025\/10\/00005255103-scaled.jpg","contentUrl":"https:\/\/wiges.se\/handla\/wp-content\/uploads\/2025\/10\/00005255103-scaled.jpg","width":1969,"height":2560},{"@type":"BreadcrumbList","@id":"https:\/\/wiges.se\/handla\/herr\/strumpor\/antihalkstrumpor\/strumpa-med-halkskydd-extra-los-resar-gra\/#breadcrumb","itemListElement":[{"@type":"ListItem","position":1,"name":"Hem","item":"https:\/\/wiges.se\/handla\/"},{"@type":"ListItem","position":2,"name":"Butik","item":"https:\/\/wiges.se\/handla\/butik\/"},{"@type":"ListItem","position":3,"name":"Herr","item":"https:\/\/wiges.se\/handla\/herr\/"},{"@type":"ListItem","position":4,"name":"Strumpor","item":"https:\/\/wiges.se\/handla\/herr\/strumpor\/"},{"@type":"ListItem","position":5,"name":"Antihalkstrumpor","item":"https:\/\/wiges.se\/handla\/herr\/strumpor\/antihalkstrumpor\/"},{"@type":"ListItem","position":6,"name":"Strumpa med halkskydd extra l\u00f6s res\u00e5r &#8211; Gr\u00e5"}]},{"@type":"WebSite","@id":"https:\/\/wiges.se\/handla\/#website","url":"https:\/\/wiges.se\/handla\/","name":"Wiges","description":"","potentialAction":[{"@type":"SearchAction","target":{"@type":"EntryPoint","urlTemplate":"https:\/\/wiges.se\/handla\/?s={search_term_string}"},"query-input":{"@type":"PropertyValueSpecification","valueRequired":true,"valueName":"search_term_string"}}],"inLanguage":"sv-SE"}]}},"_links":{"self":[{"href":"https:\/\/wiges.se\/handla\/wp-json\/wp\/v2\/product\/2473","targetHints":{"allow":["GET"]}}],"collection":[{"href":"https:\/\/wiges.se\/handla\/wp-json\/wp\/v2\/product"}],"about":[{"href":"https:\/\/wiges.se\/handla\/wp-json\/wp\/v2\/types\/product"}],"replies":[{"embeddable":true,"href":"https:\/\/wiges.se\/handla\/wp-json\/wp\/v2\/comments?post=2473"}],"wp:featuredmedia":[{"embeddable":true,"href":"https:\/\/wiges.se\/handla\/wp-json\/wp\/v2\/media\/2471"}],"wp:attachment":[{"href":"https:\/\/wiges.se\/handla\/wp-json\/wp\/v2\/media?parent=2473"}],"wp:term":[{"taxonomy":"product_brand","embeddable":true,"href":"https:\/\/wiges.se\/handla\/wp-json\/wp\/v2\/product_brand?post=2473"},{"taxonomy":"product_cat","embeddable":true,"href":"https:\/\/wiges.se\/handla\/wp-json\/wp\/v2\/product_cat?post=2473"},{"taxonomy":"product_tag","embeddable":true,"href":"https:\/\/wiges.se\/handla\/wp-json\/wp\/v2\/product_tag?post=2473"}],"curies":[{"name":"wp","href":"https:\/\/api.w.org\/{rel}","templated":true}]}}