{"id":2416,"date":"2025-10-16T12:51:32","date_gmt":"2025-10-16T10:51:32","guid":{"rendered":"https:\/\/wiges.se\/handla\/?post_type=product&#038;p=2416"},"modified":"2026-02-19T08:11:24","modified_gmt":"2026-02-19T07:11:24","slug":"monstrad-strumpa-av-bambu-med-kort-skaft-white-dots","status":"publish","type":"product","link":"https:\/\/wiges.se\/handla\/dam\/bambu\/bambustrumpor-bambu\/monstrad-strumpa-av-bambu-med-kort-skaft-white-dots\/","title":{"rendered":"M\u00f6nstrad strumpa av bambu med kort skaft &#8211; White dots"},"content":{"rendered":"","protected":false},"excerpt":{"rendered":"<p>M\u00f6nstrad bambusock med komfortres\u00e5r, 1-pack. Viskos av bambu \u00e4r mjukt, f\u00f6ljsamt och med sina runda lena fibrer extra bra f\u00f6r k\u00e4nslig hud. Bambu \u00e4r naturligt fuktreglerande och k\u00e4nns behagligt svalt n\u00e4r det \u00e4r varmt samtidigt som det v\u00e4rmer bra vid kallt v\u00e4der. Textilier av bambu \u00e4r ett betydligt mer milj\u00f6v\u00e4nligt material \u00e4n konventionellt odlad bomull om den tillverkas i ett slutet system.<\/p>\n","protected":false},"featured_media":5160,"comment_status":"open","ping_status":"closed","template":"","meta":{"_acf_changed":false},"product_brand":[],"product_cat":[66,69,126,128,74,147,293],"product_tag":[],"class_list":{"0":"post-2416","1":"product","2":"type-product","3":"status-publish","4":"has-post-thumbnail","6":"product_cat-dam","7":"product_cat-strumpor","8":"product_cat-monstrade-strumpor-strumpor","9":"product_cat-strumpor-med-kort-skaft-strumpor","10":"product_cat-bambu","11":"product_cat-bambustrumpor-bambu","12":"product_cat-bambu-2","14":"first","15":"instock","16":"taxable","17":"shipping-taxable","18":"purchasable","19":"product-type-variable"},"acf":[],"yoast_head":"<!-- This site is optimized with the Yoast SEO plugin v26.7 - https:\/\/yoast.com\/wordpress\/plugins\/seo\/ -->\n<title>M\u00f6nstrad strumpa av bambu med kort skaft - White dots - Wiges<\/title>\n<meta name=\"robots\" content=\"index, follow, max-snippet:-1, max-image-preview:large, max-video-preview:-1\" \/>\n<link rel=\"canonical\" href=\"https:\/\/wiges.se\/handla\/dam\/bambu\/bambustrumpor-bambu\/monstrad-strumpa-av-bambu-med-kort-skaft-white-dots\/\" \/>\n<meta property=\"og:locale\" content=\"sv_SE\" \/>\n<meta property=\"og:type\" content=\"article\" \/>\n<meta property=\"og:title\" content=\"M\u00f6nstrad strumpa av bambu med kort skaft - White dots - Wiges\" \/>\n<meta property=\"og:description\" content=\"M\u00f6nstrad bambusock med komfortres\u00e5r, 1-pack. Viskos av bambu \u00e4r mjukt, f\u00f6ljsamt och med sina runda lena fibrer extra bra f\u00f6r k\u00e4nslig hud. Bambu \u00e4r naturligt fuktreglerande och k\u00e4nns behagligt svalt n\u00e4r det \u00e4r varmt samtidigt som det v\u00e4rmer bra vid kallt v\u00e4der. Textilier av bambu \u00e4r ett betydligt mer milj\u00f6v\u00e4nligt material \u00e4n konventionellt odlad bomull om den tillverkas i ett slutet system.\" \/>\n<meta property=\"og:url\" content=\"https:\/\/wiges.se\/handla\/dam\/bambu\/bambustrumpor-bambu\/monstrad-strumpa-av-bambu-med-kort-skaft-white-dots\/\" \/>\n<meta property=\"og:site_name\" content=\"Wiges\" \/>\n<meta property=\"article:modified_time\" content=\"2026-02-19T07:11:24+00:00\" \/>\n<meta property=\"og:image\" content=\"https:\/\/wiges.se\/handla\/wp-content\/uploads\/2025\/10\/00000527342-1-scaled.jpg\" \/>\n\t<meta property=\"og:image:width\" content=\"1969\" \/>\n\t<meta property=\"og:image:height\" content=\"2560\" \/>\n\t<meta property=\"og:image:type\" content=\"image\/jpeg\" \/>\n<meta name=\"twitter:card\" content=\"summary_large_image\" \/>\n<script type=\"application\/ld+json\" class=\"yoast-schema-graph\">{\"@context\":\"https:\/\/schema.org\",\"@graph\":[{\"@type\":\"WebPage\",\"@id\":\"https:\/\/wiges.se\/handla\/dam\/bambu\/bambustrumpor-bambu\/monstrad-strumpa-av-bambu-med-kort-skaft-white-dots\/\",\"url\":\"https:\/\/wiges.se\/handla\/dam\/bambu\/bambustrumpor-bambu\/monstrad-strumpa-av-bambu-med-kort-skaft-white-dots\/\",\"name\":\"M\u00f6nstrad strumpa av bambu med kort skaft - White dots - Wiges\",\"isPartOf\":{\"@id\":\"https:\/\/wiges.se\/handla\/#website\"},\"primaryImageOfPage\":{\"@id\":\"https:\/\/wiges.se\/handla\/dam\/bambu\/bambustrumpor-bambu\/monstrad-strumpa-av-bambu-med-kort-skaft-white-dots\/#primaryimage\"},\"image\":{\"@id\":\"https:\/\/wiges.se\/handla\/dam\/bambu\/bambustrumpor-bambu\/monstrad-strumpa-av-bambu-med-kort-skaft-white-dots\/#primaryimage\"},\"thumbnailUrl\":\"https:\/\/wiges.se\/handla\/wp-content\/uploads\/2025\/10\/00000527342-1-scaled.jpg\",\"datePublished\":\"2025-10-16T10:51:32+00:00\",\"dateModified\":\"2026-02-19T07:11:24+00:00\",\"breadcrumb\":{\"@id\":\"https:\/\/wiges.se\/handla\/dam\/bambu\/bambustrumpor-bambu\/monstrad-strumpa-av-bambu-med-kort-skaft-white-dots\/#breadcrumb\"},\"inLanguage\":\"sv-SE\",\"potentialAction\":[{\"@type\":\"ReadAction\",\"target\":[\"https:\/\/wiges.se\/handla\/dam\/bambu\/bambustrumpor-bambu\/monstrad-strumpa-av-bambu-med-kort-skaft-white-dots\/\"]}]},{\"@type\":\"ImageObject\",\"inLanguage\":\"sv-SE\",\"@id\":\"https:\/\/wiges.se\/handla\/dam\/bambu\/bambustrumpor-bambu\/monstrad-strumpa-av-bambu-med-kort-skaft-white-dots\/#primaryimage\",\"url\":\"https:\/\/wiges.se\/handla\/wp-content\/uploads\/2025\/10\/00000527342-1-scaled.jpg\",\"contentUrl\":\"https:\/\/wiges.se\/handla\/wp-content\/uploads\/2025\/10\/00000527342-1-scaled.jpg\",\"width\":1969,\"height\":2560},{\"@type\":\"BreadcrumbList\",\"@id\":\"https:\/\/wiges.se\/handla\/dam\/bambu\/bambustrumpor-bambu\/monstrad-strumpa-av-bambu-med-kort-skaft-white-dots\/#breadcrumb\",\"itemListElement\":[{\"@type\":\"ListItem\",\"position\":1,\"name\":\"Hem\",\"item\":\"https:\/\/wiges.se\/handla\/\"},{\"@type\":\"ListItem\",\"position\":2,\"name\":\"Butik\",\"item\":\"https:\/\/wiges.se\/handla\/butik\/\"},{\"@type\":\"ListItem\",\"position\":3,\"name\":\"Dam\",\"item\":\"https:\/\/wiges.se\/handla\/dam\/\"},{\"@type\":\"ListItem\",\"position\":4,\"name\":\"Bambu\",\"item\":\"https:\/\/wiges.se\/handla\/dam\/bambu\/\"},{\"@type\":\"ListItem\",\"position\":5,\"name\":\"Bambustrumpor\",\"item\":\"https:\/\/wiges.se\/handla\/dam\/bambu\/bambustrumpor-bambu\/\"},{\"@type\":\"ListItem\",\"position\":6,\"name\":\"M\u00f6nstrad strumpa av bambu med kort skaft &#8211; White dots\"}]},{\"@type\":\"WebSite\",\"@id\":\"https:\/\/wiges.se\/handla\/#website\",\"url\":\"https:\/\/wiges.se\/handla\/\",\"name\":\"Wiges\",\"description\":\"\",\"potentialAction\":[{\"@type\":\"SearchAction\",\"target\":{\"@type\":\"EntryPoint\",\"urlTemplate\":\"https:\/\/wiges.se\/handla\/?s={search_term_string}\"},\"query-input\":{\"@type\":\"PropertyValueSpecification\",\"valueRequired\":true,\"valueName\":\"search_term_string\"}}],\"inLanguage\":\"sv-SE\"}]}<\/script>\n<!-- \/ Yoast SEO plugin. -->","yoast_head_json":{"title":"M\u00f6nstrad strumpa av bambu med kort skaft - White dots - Wiges","robots":{"index":"index","follow":"follow","max-snippet":"max-snippet:-1","max-image-preview":"max-image-preview:large","max-video-preview":"max-video-preview:-1"},"canonical":"https:\/\/wiges.se\/handla\/dam\/bambu\/bambustrumpor-bambu\/monstrad-strumpa-av-bambu-med-kort-skaft-white-dots\/","og_locale":"sv_SE","og_type":"article","og_title":"M\u00f6nstrad strumpa av bambu med kort skaft - White dots - Wiges","og_description":"M\u00f6nstrad bambusock med komfortres\u00e5r, 1-pack. Viskos av bambu \u00e4r mjukt, f\u00f6ljsamt och med sina runda lena fibrer extra bra f\u00f6r k\u00e4nslig hud. Bambu \u00e4r naturligt fuktreglerande och k\u00e4nns behagligt svalt n\u00e4r det \u00e4r varmt samtidigt som det v\u00e4rmer bra vid kallt v\u00e4der. Textilier av bambu \u00e4r ett betydligt mer milj\u00f6v\u00e4nligt material \u00e4n konventionellt odlad bomull om den tillverkas i ett slutet system.","og_url":"https:\/\/wiges.se\/handla\/dam\/bambu\/bambustrumpor-bambu\/monstrad-strumpa-av-bambu-med-kort-skaft-white-dots\/","og_site_name":"Wiges","article_modified_time":"2026-02-19T07:11:24+00:00","og_image":[{"width":1969,"height":2560,"url":"https:\/\/wiges.se\/handla\/wp-content\/uploads\/2025\/10\/00000527342-1-scaled.jpg","type":"image\/jpeg"}],"twitter_card":"summary_large_image","schema":{"@context":"https:\/\/schema.org","@graph":[{"@type":"WebPage","@id":"https:\/\/wiges.se\/handla\/dam\/bambu\/bambustrumpor-bambu\/monstrad-strumpa-av-bambu-med-kort-skaft-white-dots\/","url":"https:\/\/wiges.se\/handla\/dam\/bambu\/bambustrumpor-bambu\/monstrad-strumpa-av-bambu-med-kort-skaft-white-dots\/","name":"M\u00f6nstrad strumpa av bambu med kort skaft - White dots - Wiges","isPartOf":{"@id":"https:\/\/wiges.se\/handla\/#website"},"primaryImageOfPage":{"@id":"https:\/\/wiges.se\/handla\/dam\/bambu\/bambustrumpor-bambu\/monstrad-strumpa-av-bambu-med-kort-skaft-white-dots\/#primaryimage"},"image":{"@id":"https:\/\/wiges.se\/handla\/dam\/bambu\/bambustrumpor-bambu\/monstrad-strumpa-av-bambu-med-kort-skaft-white-dots\/#primaryimage"},"thumbnailUrl":"https:\/\/wiges.se\/handla\/wp-content\/uploads\/2025\/10\/00000527342-1-scaled.jpg","datePublished":"2025-10-16T10:51:32+00:00","dateModified":"2026-02-19T07:11:24+00:00","breadcrumb":{"@id":"https:\/\/wiges.se\/handla\/dam\/bambu\/bambustrumpor-bambu\/monstrad-strumpa-av-bambu-med-kort-skaft-white-dots\/#breadcrumb"},"inLanguage":"sv-SE","potentialAction":[{"@type":"ReadAction","target":["https:\/\/wiges.se\/handla\/dam\/bambu\/bambustrumpor-bambu\/monstrad-strumpa-av-bambu-med-kort-skaft-white-dots\/"]}]},{"@type":"ImageObject","inLanguage":"sv-SE","@id":"https:\/\/wiges.se\/handla\/dam\/bambu\/bambustrumpor-bambu\/monstrad-strumpa-av-bambu-med-kort-skaft-white-dots\/#primaryimage","url":"https:\/\/wiges.se\/handla\/wp-content\/uploads\/2025\/10\/00000527342-1-scaled.jpg","contentUrl":"https:\/\/wiges.se\/handla\/wp-content\/uploads\/2025\/10\/00000527342-1-scaled.jpg","width":1969,"height":2560},{"@type":"BreadcrumbList","@id":"https:\/\/wiges.se\/handla\/dam\/bambu\/bambustrumpor-bambu\/monstrad-strumpa-av-bambu-med-kort-skaft-white-dots\/#breadcrumb","itemListElement":[{"@type":"ListItem","position":1,"name":"Hem","item":"https:\/\/wiges.se\/handla\/"},{"@type":"ListItem","position":2,"name":"Butik","item":"https:\/\/wiges.se\/handla\/butik\/"},{"@type":"ListItem","position":3,"name":"Dam","item":"https:\/\/wiges.se\/handla\/dam\/"},{"@type":"ListItem","position":4,"name":"Bambu","item":"https:\/\/wiges.se\/handla\/dam\/bambu\/"},{"@type":"ListItem","position":5,"name":"Bambustrumpor","item":"https:\/\/wiges.se\/handla\/dam\/bambu\/bambustrumpor-bambu\/"},{"@type":"ListItem","position":6,"name":"M\u00f6nstrad strumpa av bambu med kort skaft &#8211; White dots"}]},{"@type":"WebSite","@id":"https:\/\/wiges.se\/handla\/#website","url":"https:\/\/wiges.se\/handla\/","name":"Wiges","description":"","potentialAction":[{"@type":"SearchAction","target":{"@type":"EntryPoint","urlTemplate":"https:\/\/wiges.se\/handla\/?s={search_term_string}"},"query-input":{"@type":"PropertyValueSpecification","valueRequired":true,"valueName":"search_term_string"}}],"inLanguage":"sv-SE"}]}},"_links":{"self":[{"href":"https:\/\/wiges.se\/handla\/wp-json\/wp\/v2\/product\/2416","targetHints":{"allow":["GET"]}}],"collection":[{"href":"https:\/\/wiges.se\/handla\/wp-json\/wp\/v2\/product"}],"about":[{"href":"https:\/\/wiges.se\/handla\/wp-json\/wp\/v2\/types\/product"}],"replies":[{"embeddable":true,"href":"https:\/\/wiges.se\/handla\/wp-json\/wp\/v2\/comments?post=2416"}],"wp:featuredmedia":[{"embeddable":true,"href":"https:\/\/wiges.se\/handla\/wp-json\/wp\/v2\/media\/5160"}],"wp:attachment":[{"href":"https:\/\/wiges.se\/handla\/wp-json\/wp\/v2\/media?parent=2416"}],"wp:term":[{"taxonomy":"product_brand","embeddable":true,"href":"https:\/\/wiges.se\/handla\/wp-json\/wp\/v2\/product_brand?post=2416"},{"taxonomy":"product_cat","embeddable":true,"href":"https:\/\/wiges.se\/handla\/wp-json\/wp\/v2\/product_cat?post=2416"},{"taxonomy":"product_tag","embeddable":true,"href":"https:\/\/wiges.se\/handla\/wp-json\/wp\/v2\/product_tag?post=2416"}],"curies":[{"name":"wp","href":"https:\/\/api.w.org\/{rel}","templated":true}]}}