{"id":2051,"date":"2025-10-16T12:41:19","date_gmt":"2025-10-16T10:41:19","guid":{"rendered":"https:\/\/wiges.se\/handla\/?post_type=product&#038;p=2051"},"modified":"2026-04-16T09:12:29","modified_gmt":"2026-04-16T07:12:29","slug":"3-pack-boxer-morkgra","status":"publish","type":"product","link":"https:\/\/wiges.se\/handla\/herr\/underklader\/kalsong\/3-pack-boxer-morkgra\/","title":{"rendered":"3-pack boxer &#8211; M\u00f6rkgr\u00e5"},"content":{"rendered":"","protected":false},"excerpt":{"rendered":"<p>Enf\u00e4rgad boxerkalsong med l\u00e4ngre ben och h\u00f6gre midja i mjuk, stretchig bomullsblandning. Tv\u00e5 lager i front ger extra st\u00f6d och h\u00f6g komfort hela dagen.<br \/>\nEn bekv\u00e4m boxer som kombinerar klassisk design med modern passform.<\/p>\n","protected":false},"featured_media":6432,"comment_status":"open","ping_status":"closed","template":"","meta":{"_acf_changed":false},"product_brand":[],"product_cat":[67,79,102],"product_tag":[],"class_list":{"0":"post-2051","1":"product","2":"type-product","3":"status-publish","4":"has-post-thumbnail","6":"product_cat-herr","7":"product_cat-underklader-herr","8":"product_cat-kalsong","10":"first","11":"instock","12":"taxable","13":"shipping-taxable","14":"purchasable","15":"product-type-variable"},"acf":[],"yoast_head":"<!-- This site is optimized with the Yoast SEO plugin v26.7 - https:\/\/yoast.com\/wordpress\/plugins\/seo\/ -->\n<title>3-pack boxer - M\u00f6rkgr\u00e5 - Wiges<\/title>\n<meta name=\"robots\" content=\"index, follow, max-snippet:-1, max-image-preview:large, max-video-preview:-1\" \/>\n<link rel=\"canonical\" href=\"https:\/\/wiges.se\/handla\/herr\/underklader\/kalsong\/3-pack-boxer-morkgra\/\" \/>\n<meta property=\"og:locale\" content=\"sv_SE\" \/>\n<meta property=\"og:type\" content=\"article\" \/>\n<meta property=\"og:title\" content=\"3-pack boxer - M\u00f6rkgr\u00e5 - Wiges\" \/>\n<meta property=\"og:description\" content=\"Enf\u00e4rgad boxerkalsong med l\u00e4ngre ben och h\u00f6gre midja i mjuk, stretchig bomullsblandning. Tv\u00e5 lager i front ger extra st\u00f6d och h\u00f6g komfort hela dagen. En bekv\u00e4m boxer som kombinerar klassisk design med modern passform.\" \/>\n<meta property=\"og:url\" content=\"https:\/\/wiges.se\/handla\/herr\/underklader\/kalsong\/3-pack-boxer-morkgra\/\" \/>\n<meta property=\"og:site_name\" content=\"Wiges\" \/>\n<meta property=\"article:modified_time\" content=\"2026-04-16T07:12:29+00:00\" \/>\n<meta property=\"og:image\" content=\"https:\/\/wiges.se\/handla\/wp-content\/uploads\/2025\/10\/000068338A7-1-scaled.jpg\" \/>\n\t<meta property=\"og:image:width\" content=\"2048\" \/>\n\t<meta property=\"og:image:height\" content=\"2560\" \/>\n\t<meta property=\"og:image:type\" content=\"image\/jpeg\" \/>\n<meta name=\"twitter:card\" content=\"summary_large_image\" \/>\n<script type=\"application\/ld+json\" class=\"yoast-schema-graph\">{\"@context\":\"https:\/\/schema.org\",\"@graph\":[{\"@type\":\"WebPage\",\"@id\":\"https:\/\/wiges.se\/handla\/herr\/underklader\/kalsong\/3-pack-boxer-morkgra\/\",\"url\":\"https:\/\/wiges.se\/handla\/herr\/underklader\/kalsong\/3-pack-boxer-morkgra\/\",\"name\":\"3-pack boxer - M\u00f6rkgr\u00e5 - Wiges\",\"isPartOf\":{\"@id\":\"https:\/\/wiges.se\/handla\/#website\"},\"primaryImageOfPage\":{\"@id\":\"https:\/\/wiges.se\/handla\/herr\/underklader\/kalsong\/3-pack-boxer-morkgra\/#primaryimage\"},\"image\":{\"@id\":\"https:\/\/wiges.se\/handla\/herr\/underklader\/kalsong\/3-pack-boxer-morkgra\/#primaryimage\"},\"thumbnailUrl\":\"https:\/\/wiges.se\/handla\/wp-content\/uploads\/2025\/10\/000068338A7-1-scaled.jpg\",\"datePublished\":\"2025-10-16T10:41:19+00:00\",\"dateModified\":\"2026-04-16T07:12:29+00:00\",\"breadcrumb\":{\"@id\":\"https:\/\/wiges.se\/handla\/herr\/underklader\/kalsong\/3-pack-boxer-morkgra\/#breadcrumb\"},\"inLanguage\":\"sv-SE\",\"potentialAction\":[{\"@type\":\"ReadAction\",\"target\":[\"https:\/\/wiges.se\/handla\/herr\/underklader\/kalsong\/3-pack-boxer-morkgra\/\"]}]},{\"@type\":\"ImageObject\",\"inLanguage\":\"sv-SE\",\"@id\":\"https:\/\/wiges.se\/handla\/herr\/underklader\/kalsong\/3-pack-boxer-morkgra\/#primaryimage\",\"url\":\"https:\/\/wiges.se\/handla\/wp-content\/uploads\/2025\/10\/000068338A7-1-scaled.jpg\",\"contentUrl\":\"https:\/\/wiges.se\/handla\/wp-content\/uploads\/2025\/10\/000068338A7-1-scaled.jpg\",\"width\":2048,\"height\":2560},{\"@type\":\"BreadcrumbList\",\"@id\":\"https:\/\/wiges.se\/handla\/herr\/underklader\/kalsong\/3-pack-boxer-morkgra\/#breadcrumb\",\"itemListElement\":[{\"@type\":\"ListItem\",\"position\":1,\"name\":\"Hem\",\"item\":\"https:\/\/wiges.se\/handla\/\"},{\"@type\":\"ListItem\",\"position\":2,\"name\":\"Butik\",\"item\":\"https:\/\/wiges.se\/handla\/butik\/\"},{\"@type\":\"ListItem\",\"position\":3,\"name\":\"Herr\",\"item\":\"https:\/\/wiges.se\/handla\/herr\/\"},{\"@type\":\"ListItem\",\"position\":4,\"name\":\"Underkl\u00e4der\",\"item\":\"https:\/\/wiges.se\/handla\/herr\/underklader\/\"},{\"@type\":\"ListItem\",\"position\":5,\"name\":\"Kalsonger\",\"item\":\"https:\/\/wiges.se\/handla\/herr\/underklader\/kalsong\/\"},{\"@type\":\"ListItem\",\"position\":6,\"name\":\"3-pack boxer &#8211; M\u00f6rkgr\u00e5\"}]},{\"@type\":\"WebSite\",\"@id\":\"https:\/\/wiges.se\/handla\/#website\",\"url\":\"https:\/\/wiges.se\/handla\/\",\"name\":\"Wiges\",\"description\":\"\",\"potentialAction\":[{\"@type\":\"SearchAction\",\"target\":{\"@type\":\"EntryPoint\",\"urlTemplate\":\"https:\/\/wiges.se\/handla\/?s={search_term_string}\"},\"query-input\":{\"@type\":\"PropertyValueSpecification\",\"valueRequired\":true,\"valueName\":\"search_term_string\"}}],\"inLanguage\":\"sv-SE\"}]}<\/script>\n<!-- \/ Yoast SEO plugin. -->","yoast_head_json":{"title":"3-pack boxer - M\u00f6rkgr\u00e5 - Wiges","robots":{"index":"index","follow":"follow","max-snippet":"max-snippet:-1","max-image-preview":"max-image-preview:large","max-video-preview":"max-video-preview:-1"},"canonical":"https:\/\/wiges.se\/handla\/herr\/underklader\/kalsong\/3-pack-boxer-morkgra\/","og_locale":"sv_SE","og_type":"article","og_title":"3-pack boxer - M\u00f6rkgr\u00e5 - Wiges","og_description":"Enf\u00e4rgad boxerkalsong med l\u00e4ngre ben och h\u00f6gre midja i mjuk, stretchig bomullsblandning. Tv\u00e5 lager i front ger extra st\u00f6d och h\u00f6g komfort hela dagen. En bekv\u00e4m boxer som kombinerar klassisk design med modern passform.","og_url":"https:\/\/wiges.se\/handla\/herr\/underklader\/kalsong\/3-pack-boxer-morkgra\/","og_site_name":"Wiges","article_modified_time":"2026-04-16T07:12:29+00:00","og_image":[{"width":2048,"height":2560,"url":"https:\/\/wiges.se\/handla\/wp-content\/uploads\/2025\/10\/000068338A7-1-scaled.jpg","type":"image\/jpeg"}],"twitter_card":"summary_large_image","schema":{"@context":"https:\/\/schema.org","@graph":[{"@type":"WebPage","@id":"https:\/\/wiges.se\/handla\/herr\/underklader\/kalsong\/3-pack-boxer-morkgra\/","url":"https:\/\/wiges.se\/handla\/herr\/underklader\/kalsong\/3-pack-boxer-morkgra\/","name":"3-pack boxer - M\u00f6rkgr\u00e5 - Wiges","isPartOf":{"@id":"https:\/\/wiges.se\/handla\/#website"},"primaryImageOfPage":{"@id":"https:\/\/wiges.se\/handla\/herr\/underklader\/kalsong\/3-pack-boxer-morkgra\/#primaryimage"},"image":{"@id":"https:\/\/wiges.se\/handla\/herr\/underklader\/kalsong\/3-pack-boxer-morkgra\/#primaryimage"},"thumbnailUrl":"https:\/\/wiges.se\/handla\/wp-content\/uploads\/2025\/10\/000068338A7-1-scaled.jpg","datePublished":"2025-10-16T10:41:19+00:00","dateModified":"2026-04-16T07:12:29+00:00","breadcrumb":{"@id":"https:\/\/wiges.se\/handla\/herr\/underklader\/kalsong\/3-pack-boxer-morkgra\/#breadcrumb"},"inLanguage":"sv-SE","potentialAction":[{"@type":"ReadAction","target":["https:\/\/wiges.se\/handla\/herr\/underklader\/kalsong\/3-pack-boxer-morkgra\/"]}]},{"@type":"ImageObject","inLanguage":"sv-SE","@id":"https:\/\/wiges.se\/handla\/herr\/underklader\/kalsong\/3-pack-boxer-morkgra\/#primaryimage","url":"https:\/\/wiges.se\/handla\/wp-content\/uploads\/2025\/10\/000068338A7-1-scaled.jpg","contentUrl":"https:\/\/wiges.se\/handla\/wp-content\/uploads\/2025\/10\/000068338A7-1-scaled.jpg","width":2048,"height":2560},{"@type":"BreadcrumbList","@id":"https:\/\/wiges.se\/handla\/herr\/underklader\/kalsong\/3-pack-boxer-morkgra\/#breadcrumb","itemListElement":[{"@type":"ListItem","position":1,"name":"Hem","item":"https:\/\/wiges.se\/handla\/"},{"@type":"ListItem","position":2,"name":"Butik","item":"https:\/\/wiges.se\/handla\/butik\/"},{"@type":"ListItem","position":3,"name":"Herr","item":"https:\/\/wiges.se\/handla\/herr\/"},{"@type":"ListItem","position":4,"name":"Underkl\u00e4der","item":"https:\/\/wiges.se\/handla\/herr\/underklader\/"},{"@type":"ListItem","position":5,"name":"Kalsonger","item":"https:\/\/wiges.se\/handla\/herr\/underklader\/kalsong\/"},{"@type":"ListItem","position":6,"name":"3-pack boxer &#8211; M\u00f6rkgr\u00e5"}]},{"@type":"WebSite","@id":"https:\/\/wiges.se\/handla\/#website","url":"https:\/\/wiges.se\/handla\/","name":"Wiges","description":"","potentialAction":[{"@type":"SearchAction","target":{"@type":"EntryPoint","urlTemplate":"https:\/\/wiges.se\/handla\/?s={search_term_string}"},"query-input":{"@type":"PropertyValueSpecification","valueRequired":true,"valueName":"search_term_string"}}],"inLanguage":"sv-SE"}]}},"_links":{"self":[{"href":"https:\/\/wiges.se\/handla\/wp-json\/wp\/v2\/product\/2051","targetHints":{"allow":["GET"]}}],"collection":[{"href":"https:\/\/wiges.se\/handla\/wp-json\/wp\/v2\/product"}],"about":[{"href":"https:\/\/wiges.se\/handla\/wp-json\/wp\/v2\/types\/product"}],"replies":[{"embeddable":true,"href":"https:\/\/wiges.se\/handla\/wp-json\/wp\/v2\/comments?post=2051"}],"wp:featuredmedia":[{"embeddable":true,"href":"https:\/\/wiges.se\/handla\/wp-json\/wp\/v2\/media\/6432"}],"wp:attachment":[{"href":"https:\/\/wiges.se\/handla\/wp-json\/wp\/v2\/media?parent=2051"}],"wp:term":[{"taxonomy":"product_brand","embeddable":true,"href":"https:\/\/wiges.se\/handla\/wp-json\/wp\/v2\/product_brand?post=2051"},{"taxonomy":"product_cat","embeddable":true,"href":"https:\/\/wiges.se\/handla\/wp-json\/wp\/v2\/product_cat?post=2051"},{"taxonomy":"product_tag","embeddable":true,"href":"https:\/\/wiges.se\/handla\/wp-json\/wp\/v2\/product_tag?post=2051"}],"curies":[{"name":"wp","href":"https:\/\/api.w.org\/{rel}","templated":true}]}}