{"id":1977,"date":"2025-10-16T12:38:57","date_gmt":"2025-10-16T10:38:57","guid":{"rendered":"https:\/\/wiges.se\/handla\/?post_type=product&#038;p=1977"},"modified":"2026-04-15T21:51:12","modified_gmt":"2026-04-15T19:51:12","slug":"3-pack-strumpa-av-bambu-sneakermodell-3-pack-ankelstrumpa-av-bambu-vit","status":"publish","type":"product","link":"https:\/\/wiges.se\/handla\/herr\/bambu\/bambustrumpor\/3-pack-strumpa-av-bambu-sneakermodell-vit\/","title":{"rendered":"3-pack strumpa av bambu sneakermodell &#8211; Vit"},"content":{"rendered":"","protected":false},"excerpt":{"rendered":"<p>3-pack ankelstrumpa av mjuk och sk\u00f6n bambu. Bambuns naturliga egenskaper g\u00f6r att strumpan \u00e4r b\u00e5de fukt och temperaturreglerande, vilket g\u00f6r att den h\u00e5ller f\u00f6tterna torra och fr\u00e4scha l\u00e4ngre. Unisexmodell. Den f\u00f6rl\u00e4ngda h\u00e4ldesignen i skaftet s\u00e4kerst\u00e4ller att strumpan sitter p\u00e5 plats, f\u00f6r en perfekt passform.<\/p>\n","protected":false},"featured_media":1975,"comment_status":"open","ping_status":"closed","template":"","meta":{"_acf_changed":false},"product_brand":[],"product_cat":[66,69,125,128,74,147,67,78,103,106,81,94,293],"product_tag":[],"class_list":{"0":"post-1977","1":"product","2":"type-product","3":"status-publish","4":"has-post-thumbnail","6":"product_cat-dam","7":"product_cat-strumpor","8":"product_cat-enfargade-strumpor-strumpor","9":"product_cat-strumpor-med-kort-skaft-strumpor","10":"product_cat-bambu","11":"product_cat-bambustrumpor-bambu","12":"product_cat-herr","13":"product_cat-strumpor-herr","14":"product_cat-enfargade-strumpor","15":"product_cat-strumpor-med-kort-skaft-strumpor-herr","16":"product_cat-bambu-herr","17":"product_cat-bambustrumpor","18":"product_cat-bambu-2","20":"first","21":"instock","22":"taxable","23":"shipping-taxable","24":"purchasable","25":"product-type-variable"},"acf":[],"yoast_head":"<!-- This site is optimized with the Yoast SEO plugin v26.7 - https:\/\/yoast.com\/wordpress\/plugins\/seo\/ -->\n<title>3-pack strumpa av bambu sneakermodell - Vit - Wiges<\/title>\n<meta name=\"robots\" content=\"index, follow, max-snippet:-1, max-image-preview:large, max-video-preview:-1\" \/>\n<link rel=\"canonical\" href=\"https:\/\/wiges.se\/handla\/herr\/bambu\/bambustrumpor\/3-pack-strumpa-av-bambu-sneakermodell-vit\/\" \/>\n<meta property=\"og:locale\" content=\"sv_SE\" \/>\n<meta property=\"og:type\" content=\"article\" \/>\n<meta property=\"og:title\" content=\"3-pack strumpa av bambu sneakermodell - Vit - Wiges\" \/>\n<meta property=\"og:description\" content=\"3-pack ankelstrumpa av mjuk och sk\u00f6n bambu. Bambuns naturliga egenskaper g\u00f6r att strumpan \u00e4r b\u00e5de fukt och temperaturreglerande, vilket g\u00f6r att den h\u00e5ller f\u00f6tterna torra och fr\u00e4scha l\u00e4ngre. Unisexmodell. Den f\u00f6rl\u00e4ngda h\u00e4ldesignen i skaftet s\u00e4kerst\u00e4ller att strumpan sitter p\u00e5 plats, f\u00f6r en perfekt passform.\" \/>\n<meta property=\"og:url\" content=\"https:\/\/wiges.se\/handla\/herr\/bambu\/bambustrumpor\/3-pack-strumpa-av-bambu-sneakermodell-vit\/\" \/>\n<meta property=\"og:site_name\" content=\"Wiges\" \/>\n<meta property=\"article:modified_time\" content=\"2026-04-15T19:51:12+00:00\" \/>\n<meta property=\"og:image\" content=\"https:\/\/wiges.se\/handla\/wp-content\/uploads\/2025\/10\/00000578002-scaled.jpg\" \/>\n\t<meta property=\"og:image:width\" content=\"1969\" \/>\n\t<meta property=\"og:image:height\" content=\"2560\" \/>\n\t<meta property=\"og:image:type\" content=\"image\/jpeg\" \/>\n<meta name=\"twitter:card\" content=\"summary_large_image\" \/>\n<script type=\"application\/ld+json\" class=\"yoast-schema-graph\">{\"@context\":\"https:\/\/schema.org\",\"@graph\":[{\"@type\":\"WebPage\",\"@id\":\"https:\/\/wiges.se\/handla\/herr\/bambu\/bambustrumpor\/3-pack-strumpa-av-bambu-sneakermodell-vit\/\",\"url\":\"https:\/\/wiges.se\/handla\/herr\/bambu\/bambustrumpor\/3-pack-strumpa-av-bambu-sneakermodell-vit\/\",\"name\":\"3-pack strumpa av bambu sneakermodell - Vit - Wiges\",\"isPartOf\":{\"@id\":\"https:\/\/wiges.se\/handla\/#website\"},\"primaryImageOfPage\":{\"@id\":\"https:\/\/wiges.se\/handla\/herr\/bambu\/bambustrumpor\/3-pack-strumpa-av-bambu-sneakermodell-vit\/#primaryimage\"},\"image\":{\"@id\":\"https:\/\/wiges.se\/handla\/herr\/bambu\/bambustrumpor\/3-pack-strumpa-av-bambu-sneakermodell-vit\/#primaryimage\"},\"thumbnailUrl\":\"https:\/\/wiges.se\/handla\/wp-content\/uploads\/2025\/10\/00000578002-scaled.jpg\",\"datePublished\":\"2025-10-16T10:38:57+00:00\",\"dateModified\":\"2026-04-15T19:51:12+00:00\",\"breadcrumb\":{\"@id\":\"https:\/\/wiges.se\/handla\/herr\/bambu\/bambustrumpor\/3-pack-strumpa-av-bambu-sneakermodell-vit\/#breadcrumb\"},\"inLanguage\":\"sv-SE\",\"potentialAction\":[{\"@type\":\"ReadAction\",\"target\":[\"https:\/\/wiges.se\/handla\/herr\/bambu\/bambustrumpor\/3-pack-strumpa-av-bambu-sneakermodell-vit\/\"]}]},{\"@type\":\"ImageObject\",\"inLanguage\":\"sv-SE\",\"@id\":\"https:\/\/wiges.se\/handla\/herr\/bambu\/bambustrumpor\/3-pack-strumpa-av-bambu-sneakermodell-vit\/#primaryimage\",\"url\":\"https:\/\/wiges.se\/handla\/wp-content\/uploads\/2025\/10\/00000578002-scaled.jpg\",\"contentUrl\":\"https:\/\/wiges.se\/handla\/wp-content\/uploads\/2025\/10\/00000578002-scaled.jpg\",\"width\":1969,\"height\":2560},{\"@type\":\"BreadcrumbList\",\"@id\":\"https:\/\/wiges.se\/handla\/herr\/bambu\/bambustrumpor\/3-pack-strumpa-av-bambu-sneakermodell-vit\/#breadcrumb\",\"itemListElement\":[{\"@type\":\"ListItem\",\"position\":1,\"name\":\"Hem\",\"item\":\"https:\/\/wiges.se\/handla\/\"},{\"@type\":\"ListItem\",\"position\":2,\"name\":\"Butik\",\"item\":\"https:\/\/wiges.se\/handla\/butik\/\"},{\"@type\":\"ListItem\",\"position\":3,\"name\":\"Herr\",\"item\":\"https:\/\/wiges.se\/handla\/herr\/\"},{\"@type\":\"ListItem\",\"position\":4,\"name\":\"Bambu\",\"item\":\"https:\/\/wiges.se\/handla\/herr\/bambu\/\"},{\"@type\":\"ListItem\",\"position\":5,\"name\":\"Bambustrumpor\",\"item\":\"https:\/\/wiges.se\/handla\/herr\/bambu\/bambustrumpor\/\"},{\"@type\":\"ListItem\",\"position\":6,\"name\":\"3-pack strumpa av bambu sneakermodell &#8211; Vit\"}]},{\"@type\":\"WebSite\",\"@id\":\"https:\/\/wiges.se\/handla\/#website\",\"url\":\"https:\/\/wiges.se\/handla\/\",\"name\":\"Wiges\",\"description\":\"\",\"potentialAction\":[{\"@type\":\"SearchAction\",\"target\":{\"@type\":\"EntryPoint\",\"urlTemplate\":\"https:\/\/wiges.se\/handla\/?s={search_term_string}\"},\"query-input\":{\"@type\":\"PropertyValueSpecification\",\"valueRequired\":true,\"valueName\":\"search_term_string\"}}],\"inLanguage\":\"sv-SE\"}]}<\/script>\n<!-- \/ Yoast SEO plugin. -->","yoast_head_json":{"title":"3-pack strumpa av bambu sneakermodell - Vit - Wiges","robots":{"index":"index","follow":"follow","max-snippet":"max-snippet:-1","max-image-preview":"max-image-preview:large","max-video-preview":"max-video-preview:-1"},"canonical":"https:\/\/wiges.se\/handla\/herr\/bambu\/bambustrumpor\/3-pack-strumpa-av-bambu-sneakermodell-vit\/","og_locale":"sv_SE","og_type":"article","og_title":"3-pack strumpa av bambu sneakermodell - Vit - Wiges","og_description":"3-pack ankelstrumpa av mjuk och sk\u00f6n bambu. Bambuns naturliga egenskaper g\u00f6r att strumpan \u00e4r b\u00e5de fukt och temperaturreglerande, vilket g\u00f6r att den h\u00e5ller f\u00f6tterna torra och fr\u00e4scha l\u00e4ngre. Unisexmodell. Den f\u00f6rl\u00e4ngda h\u00e4ldesignen i skaftet s\u00e4kerst\u00e4ller att strumpan sitter p\u00e5 plats, f\u00f6r en perfekt passform.","og_url":"https:\/\/wiges.se\/handla\/herr\/bambu\/bambustrumpor\/3-pack-strumpa-av-bambu-sneakermodell-vit\/","og_site_name":"Wiges","article_modified_time":"2026-04-15T19:51:12+00:00","og_image":[{"width":1969,"height":2560,"url":"https:\/\/wiges.se\/handla\/wp-content\/uploads\/2025\/10\/00000578002-scaled.jpg","type":"image\/jpeg"}],"twitter_card":"summary_large_image","schema":{"@context":"https:\/\/schema.org","@graph":[{"@type":"WebPage","@id":"https:\/\/wiges.se\/handla\/herr\/bambu\/bambustrumpor\/3-pack-strumpa-av-bambu-sneakermodell-vit\/","url":"https:\/\/wiges.se\/handla\/herr\/bambu\/bambustrumpor\/3-pack-strumpa-av-bambu-sneakermodell-vit\/","name":"3-pack strumpa av bambu sneakermodell - Vit - Wiges","isPartOf":{"@id":"https:\/\/wiges.se\/handla\/#website"},"primaryImageOfPage":{"@id":"https:\/\/wiges.se\/handla\/herr\/bambu\/bambustrumpor\/3-pack-strumpa-av-bambu-sneakermodell-vit\/#primaryimage"},"image":{"@id":"https:\/\/wiges.se\/handla\/herr\/bambu\/bambustrumpor\/3-pack-strumpa-av-bambu-sneakermodell-vit\/#primaryimage"},"thumbnailUrl":"https:\/\/wiges.se\/handla\/wp-content\/uploads\/2025\/10\/00000578002-scaled.jpg","datePublished":"2025-10-16T10:38:57+00:00","dateModified":"2026-04-15T19:51:12+00:00","breadcrumb":{"@id":"https:\/\/wiges.se\/handla\/herr\/bambu\/bambustrumpor\/3-pack-strumpa-av-bambu-sneakermodell-vit\/#breadcrumb"},"inLanguage":"sv-SE","potentialAction":[{"@type":"ReadAction","target":["https:\/\/wiges.se\/handla\/herr\/bambu\/bambustrumpor\/3-pack-strumpa-av-bambu-sneakermodell-vit\/"]}]},{"@type":"ImageObject","inLanguage":"sv-SE","@id":"https:\/\/wiges.se\/handla\/herr\/bambu\/bambustrumpor\/3-pack-strumpa-av-bambu-sneakermodell-vit\/#primaryimage","url":"https:\/\/wiges.se\/handla\/wp-content\/uploads\/2025\/10\/00000578002-scaled.jpg","contentUrl":"https:\/\/wiges.se\/handla\/wp-content\/uploads\/2025\/10\/00000578002-scaled.jpg","width":1969,"height":2560},{"@type":"BreadcrumbList","@id":"https:\/\/wiges.se\/handla\/herr\/bambu\/bambustrumpor\/3-pack-strumpa-av-bambu-sneakermodell-vit\/#breadcrumb","itemListElement":[{"@type":"ListItem","position":1,"name":"Hem","item":"https:\/\/wiges.se\/handla\/"},{"@type":"ListItem","position":2,"name":"Butik","item":"https:\/\/wiges.se\/handla\/butik\/"},{"@type":"ListItem","position":3,"name":"Herr","item":"https:\/\/wiges.se\/handla\/herr\/"},{"@type":"ListItem","position":4,"name":"Bambu","item":"https:\/\/wiges.se\/handla\/herr\/bambu\/"},{"@type":"ListItem","position":5,"name":"Bambustrumpor","item":"https:\/\/wiges.se\/handla\/herr\/bambu\/bambustrumpor\/"},{"@type":"ListItem","position":6,"name":"3-pack strumpa av bambu sneakermodell &#8211; Vit"}]},{"@type":"WebSite","@id":"https:\/\/wiges.se\/handla\/#website","url":"https:\/\/wiges.se\/handla\/","name":"Wiges","description":"","potentialAction":[{"@type":"SearchAction","target":{"@type":"EntryPoint","urlTemplate":"https:\/\/wiges.se\/handla\/?s={search_term_string}"},"query-input":{"@type":"PropertyValueSpecification","valueRequired":true,"valueName":"search_term_string"}}],"inLanguage":"sv-SE"}]}},"_links":{"self":[{"href":"https:\/\/wiges.se\/handla\/wp-json\/wp\/v2\/product\/1977","targetHints":{"allow":["GET"]}}],"collection":[{"href":"https:\/\/wiges.se\/handla\/wp-json\/wp\/v2\/product"}],"about":[{"href":"https:\/\/wiges.se\/handla\/wp-json\/wp\/v2\/types\/product"}],"replies":[{"embeddable":true,"href":"https:\/\/wiges.se\/handla\/wp-json\/wp\/v2\/comments?post=1977"}],"wp:featuredmedia":[{"embeddable":true,"href":"https:\/\/wiges.se\/handla\/wp-json\/wp\/v2\/media\/1975"}],"wp:attachment":[{"href":"https:\/\/wiges.se\/handla\/wp-json\/wp\/v2\/media?parent=1977"}],"wp:term":[{"taxonomy":"product_brand","embeddable":true,"href":"https:\/\/wiges.se\/handla\/wp-json\/wp\/v2\/product_brand?post=1977"},{"taxonomy":"product_cat","embeddable":true,"href":"https:\/\/wiges.se\/handla\/wp-json\/wp\/v2\/product_cat?post=1977"},{"taxonomy":"product_tag","embeddable":true,"href":"https:\/\/wiges.se\/handla\/wp-json\/wp\/v2\/product_tag?post=1977"}],"curies":[{"name":"wp","href":"https:\/\/api.w.org\/{rel}","templated":true}]}}