{"id":1945,"date":"2025-10-16T12:37:30","date_gmt":"2025-10-16T10:37:30","guid":{"rendered":"https:\/\/wiges.se\/handla\/?post_type=product&#038;p=1945"},"modified":"2026-02-19T08:11:17","modified_gmt":"2026-02-19T07:11:17","slug":"strumpa-av-bambu-med-ribb-rosa","status":"publish","type":"product","link":"https:\/\/wiges.se\/handla\/herr\/bambu\/bambustrumpor\/strumpa-av-bambu-med-ribb-rosa\/","title":{"rendered":"Strumpa av bambu med ribb &#8211; Rosa"},"content":{"rendered":"","protected":false},"excerpt":{"rendered":"<p>Strumpa av mjuk och sk\u00f6n bambu. Strumpan har en ribbstickad res\u00e5r som ger en sk\u00f6n och f\u00f6ljsam passform samt f\u00f6rst\u00e4rkt t\u00e5 och h\u00e4l f\u00f6r extra slitstyrka. Bambuns naturliga egenskaper g\u00f6r att strumpan \u00e4r b\u00e5de fukt och temperaturreglerande, vilket g\u00f6r att den h\u00e5ller f\u00f6tterna torra och fr\u00e4scha l\u00e4ngre.<\/p>\n","protected":false},"featured_media":1944,"comment_status":"open","ping_status":"closed","template":"","meta":{"_acf_changed":false},"product_brand":[],"product_cat":[67,78,103,81,94,293],"product_tag":[],"class_list":{"0":"post-1945","1":"product","2":"type-product","3":"status-publish","4":"has-post-thumbnail","6":"product_cat-herr","7":"product_cat-strumpor-herr","8":"product_cat-enfargade-strumpor","9":"product_cat-bambu-herr","10":"product_cat-bambustrumpor","11":"product_cat-bambu-2","13":"first","14":"instock","15":"taxable","16":"shipping-taxable","17":"purchasable","18":"product-type-variable"},"acf":[],"yoast_head":"<!-- This site is optimized with the Yoast SEO plugin v26.7 - https:\/\/yoast.com\/wordpress\/plugins\/seo\/ -->\n<title>Strumpa av bambu med ribb - Rosa - Wiges<\/title>\n<meta name=\"robots\" content=\"index, follow, max-snippet:-1, max-image-preview:large, max-video-preview:-1\" \/>\n<link rel=\"canonical\" href=\"https:\/\/wiges.se\/handla\/herr\/bambu\/bambustrumpor\/strumpa-av-bambu-med-ribb-rosa\/\" \/>\n<meta property=\"og:locale\" content=\"sv_SE\" \/>\n<meta property=\"og:type\" content=\"article\" \/>\n<meta property=\"og:title\" content=\"Strumpa av bambu med ribb - Rosa - Wiges\" \/>\n<meta property=\"og:description\" content=\"Strumpa av mjuk och sk\u00f6n bambu. Strumpan har en ribbstickad res\u00e5r som ger en sk\u00f6n och f\u00f6ljsam passform samt f\u00f6rst\u00e4rkt t\u00e5 och h\u00e4l f\u00f6r extra slitstyrka. Bambuns naturliga egenskaper g\u00f6r att strumpan \u00e4r b\u00e5de fukt och temperaturreglerande, vilket g\u00f6r att den h\u00e5ller f\u00f6tterna torra och fr\u00e4scha l\u00e4ngre.\" \/>\n<meta property=\"og:url\" content=\"https:\/\/wiges.se\/handla\/herr\/bambu\/bambustrumpor\/strumpa-av-bambu-med-ribb-rosa\/\" \/>\n<meta property=\"og:site_name\" content=\"Wiges\" \/>\n<meta property=\"article:modified_time\" content=\"2026-02-19T07:11:17+00:00\" \/>\n<meta property=\"og:image\" content=\"https:\/\/wiges.se\/handla\/wp-content\/uploads\/2025\/10\/00000536607.jpg\" \/>\n\t<meta property=\"og:image:width\" content=\"788\" \/>\n\t<meta property=\"og:image:height\" content=\"1024\" \/>\n\t<meta property=\"og:image:type\" content=\"image\/jpeg\" \/>\n<meta name=\"twitter:card\" content=\"summary_large_image\" \/>\n<script type=\"application\/ld+json\" class=\"yoast-schema-graph\">{\"@context\":\"https:\/\/schema.org\",\"@graph\":[{\"@type\":\"WebPage\",\"@id\":\"https:\/\/wiges.se\/handla\/herr\/bambu\/bambustrumpor\/strumpa-av-bambu-med-ribb-rosa\/\",\"url\":\"https:\/\/wiges.se\/handla\/herr\/bambu\/bambustrumpor\/strumpa-av-bambu-med-ribb-rosa\/\",\"name\":\"Strumpa av bambu med ribb - Rosa - Wiges\",\"isPartOf\":{\"@id\":\"https:\/\/wiges.se\/handla\/#website\"},\"primaryImageOfPage\":{\"@id\":\"https:\/\/wiges.se\/handla\/herr\/bambu\/bambustrumpor\/strumpa-av-bambu-med-ribb-rosa\/#primaryimage\"},\"image\":{\"@id\":\"https:\/\/wiges.se\/handla\/herr\/bambu\/bambustrumpor\/strumpa-av-bambu-med-ribb-rosa\/#primaryimage\"},\"thumbnailUrl\":\"https:\/\/wiges.se\/handla\/wp-content\/uploads\/2025\/10\/00000536607.jpg\",\"datePublished\":\"2025-10-16T10:37:30+00:00\",\"dateModified\":\"2026-02-19T07:11:17+00:00\",\"breadcrumb\":{\"@id\":\"https:\/\/wiges.se\/handla\/herr\/bambu\/bambustrumpor\/strumpa-av-bambu-med-ribb-rosa\/#breadcrumb\"},\"inLanguage\":\"sv-SE\",\"potentialAction\":[{\"@type\":\"ReadAction\",\"target\":[\"https:\/\/wiges.se\/handla\/herr\/bambu\/bambustrumpor\/strumpa-av-bambu-med-ribb-rosa\/\"]}]},{\"@type\":\"ImageObject\",\"inLanguage\":\"sv-SE\",\"@id\":\"https:\/\/wiges.se\/handla\/herr\/bambu\/bambustrumpor\/strumpa-av-bambu-med-ribb-rosa\/#primaryimage\",\"url\":\"https:\/\/wiges.se\/handla\/wp-content\/uploads\/2025\/10\/00000536607.jpg\",\"contentUrl\":\"https:\/\/wiges.se\/handla\/wp-content\/uploads\/2025\/10\/00000536607.jpg\",\"width\":6803,\"height\":8844},{\"@type\":\"BreadcrumbList\",\"@id\":\"https:\/\/wiges.se\/handla\/herr\/bambu\/bambustrumpor\/strumpa-av-bambu-med-ribb-rosa\/#breadcrumb\",\"itemListElement\":[{\"@type\":\"ListItem\",\"position\":1,\"name\":\"Hem\",\"item\":\"https:\/\/wiges.se\/handla\/\"},{\"@type\":\"ListItem\",\"position\":2,\"name\":\"Butik\",\"item\":\"https:\/\/wiges.se\/handla\/butik\/\"},{\"@type\":\"ListItem\",\"position\":3,\"name\":\"Herr\",\"item\":\"https:\/\/wiges.se\/handla\/herr\/\"},{\"@type\":\"ListItem\",\"position\":4,\"name\":\"Bambu\",\"item\":\"https:\/\/wiges.se\/handla\/herr\/bambu\/\"},{\"@type\":\"ListItem\",\"position\":5,\"name\":\"Bambustrumpor\",\"item\":\"https:\/\/wiges.se\/handla\/herr\/bambu\/bambustrumpor\/\"},{\"@type\":\"ListItem\",\"position\":6,\"name\":\"Strumpa av bambu med ribb &#8211; Rosa\"}]},{\"@type\":\"WebSite\",\"@id\":\"https:\/\/wiges.se\/handla\/#website\",\"url\":\"https:\/\/wiges.se\/handla\/\",\"name\":\"Wiges\",\"description\":\"\",\"potentialAction\":[{\"@type\":\"SearchAction\",\"target\":{\"@type\":\"EntryPoint\",\"urlTemplate\":\"https:\/\/wiges.se\/handla\/?s={search_term_string}\"},\"query-input\":{\"@type\":\"PropertyValueSpecification\",\"valueRequired\":true,\"valueName\":\"search_term_string\"}}],\"inLanguage\":\"sv-SE\"}]}<\/script>\n<!-- \/ Yoast SEO plugin. -->","yoast_head_json":{"title":"Strumpa av bambu med ribb - Rosa - Wiges","robots":{"index":"index","follow":"follow","max-snippet":"max-snippet:-1","max-image-preview":"max-image-preview:large","max-video-preview":"max-video-preview:-1"},"canonical":"https:\/\/wiges.se\/handla\/herr\/bambu\/bambustrumpor\/strumpa-av-bambu-med-ribb-rosa\/","og_locale":"sv_SE","og_type":"article","og_title":"Strumpa av bambu med ribb - Rosa - Wiges","og_description":"Strumpa av mjuk och sk\u00f6n bambu. Strumpan har en ribbstickad res\u00e5r som ger en sk\u00f6n och f\u00f6ljsam passform samt f\u00f6rst\u00e4rkt t\u00e5 och h\u00e4l f\u00f6r extra slitstyrka. Bambuns naturliga egenskaper g\u00f6r att strumpan \u00e4r b\u00e5de fukt och temperaturreglerande, vilket g\u00f6r att den h\u00e5ller f\u00f6tterna torra och fr\u00e4scha l\u00e4ngre.","og_url":"https:\/\/wiges.se\/handla\/herr\/bambu\/bambustrumpor\/strumpa-av-bambu-med-ribb-rosa\/","og_site_name":"Wiges","article_modified_time":"2026-02-19T07:11:17+00:00","og_image":[{"url":"https:\/\/wiges.se\/handla\/wp-content\/uploads\/2025\/10\/00000536607.jpg","width":788,"height":1024,"type":"image\/jpeg"}],"twitter_card":"summary_large_image","schema":{"@context":"https:\/\/schema.org","@graph":[{"@type":"WebPage","@id":"https:\/\/wiges.se\/handla\/herr\/bambu\/bambustrumpor\/strumpa-av-bambu-med-ribb-rosa\/","url":"https:\/\/wiges.se\/handla\/herr\/bambu\/bambustrumpor\/strumpa-av-bambu-med-ribb-rosa\/","name":"Strumpa av bambu med ribb - Rosa - Wiges","isPartOf":{"@id":"https:\/\/wiges.se\/handla\/#website"},"primaryImageOfPage":{"@id":"https:\/\/wiges.se\/handla\/herr\/bambu\/bambustrumpor\/strumpa-av-bambu-med-ribb-rosa\/#primaryimage"},"image":{"@id":"https:\/\/wiges.se\/handla\/herr\/bambu\/bambustrumpor\/strumpa-av-bambu-med-ribb-rosa\/#primaryimage"},"thumbnailUrl":"https:\/\/wiges.se\/handla\/wp-content\/uploads\/2025\/10\/00000536607.jpg","datePublished":"2025-10-16T10:37:30+00:00","dateModified":"2026-02-19T07:11:17+00:00","breadcrumb":{"@id":"https:\/\/wiges.se\/handla\/herr\/bambu\/bambustrumpor\/strumpa-av-bambu-med-ribb-rosa\/#breadcrumb"},"inLanguage":"sv-SE","potentialAction":[{"@type":"ReadAction","target":["https:\/\/wiges.se\/handla\/herr\/bambu\/bambustrumpor\/strumpa-av-bambu-med-ribb-rosa\/"]}]},{"@type":"ImageObject","inLanguage":"sv-SE","@id":"https:\/\/wiges.se\/handla\/herr\/bambu\/bambustrumpor\/strumpa-av-bambu-med-ribb-rosa\/#primaryimage","url":"https:\/\/wiges.se\/handla\/wp-content\/uploads\/2025\/10\/00000536607.jpg","contentUrl":"https:\/\/wiges.se\/handla\/wp-content\/uploads\/2025\/10\/00000536607.jpg","width":6803,"height":8844},{"@type":"BreadcrumbList","@id":"https:\/\/wiges.se\/handla\/herr\/bambu\/bambustrumpor\/strumpa-av-bambu-med-ribb-rosa\/#breadcrumb","itemListElement":[{"@type":"ListItem","position":1,"name":"Hem","item":"https:\/\/wiges.se\/handla\/"},{"@type":"ListItem","position":2,"name":"Butik","item":"https:\/\/wiges.se\/handla\/butik\/"},{"@type":"ListItem","position":3,"name":"Herr","item":"https:\/\/wiges.se\/handla\/herr\/"},{"@type":"ListItem","position":4,"name":"Bambu","item":"https:\/\/wiges.se\/handla\/herr\/bambu\/"},{"@type":"ListItem","position":5,"name":"Bambustrumpor","item":"https:\/\/wiges.se\/handla\/herr\/bambu\/bambustrumpor\/"},{"@type":"ListItem","position":6,"name":"Strumpa av bambu med ribb &#8211; Rosa"}]},{"@type":"WebSite","@id":"https:\/\/wiges.se\/handla\/#website","url":"https:\/\/wiges.se\/handla\/","name":"Wiges","description":"","potentialAction":[{"@type":"SearchAction","target":{"@type":"EntryPoint","urlTemplate":"https:\/\/wiges.se\/handla\/?s={search_term_string}"},"query-input":{"@type":"PropertyValueSpecification","valueRequired":true,"valueName":"search_term_string"}}],"inLanguage":"sv-SE"}]}},"_links":{"self":[{"href":"https:\/\/wiges.se\/handla\/wp-json\/wp\/v2\/product\/1945","targetHints":{"allow":["GET"]}}],"collection":[{"href":"https:\/\/wiges.se\/handla\/wp-json\/wp\/v2\/product"}],"about":[{"href":"https:\/\/wiges.se\/handla\/wp-json\/wp\/v2\/types\/product"}],"replies":[{"embeddable":true,"href":"https:\/\/wiges.se\/handla\/wp-json\/wp\/v2\/comments?post=1945"}],"wp:featuredmedia":[{"embeddable":true,"href":"https:\/\/wiges.se\/handla\/wp-json\/wp\/v2\/media\/1944"}],"wp:attachment":[{"href":"https:\/\/wiges.se\/handla\/wp-json\/wp\/v2\/media?parent=1945"}],"wp:term":[{"taxonomy":"product_brand","embeddable":true,"href":"https:\/\/wiges.se\/handla\/wp-json\/wp\/v2\/product_brand?post=1945"},{"taxonomy":"product_cat","embeddable":true,"href":"https:\/\/wiges.se\/handla\/wp-json\/wp\/v2\/product_cat?post=1945"},{"taxonomy":"product_tag","embeddable":true,"href":"https:\/\/wiges.se\/handla\/wp-json\/wp\/v2\/product_tag?post=1945"}],"curies":[{"name":"wp","href":"https:\/\/api.w.org\/{rel}","templated":true}]}}