{"id":1422,"date":"2025-10-15T22:54:50","date_gmt":"2025-10-15T20:54:50","guid":{"rendered":"https:\/\/wiges.se\/handla\/?post_type=product&#038;p=1422"},"modified":"2026-03-15T09:39:30","modified_gmt":"2026-03-15T08:39:30","slug":"sportstrumpa-av-bambu-svart","status":"publish","type":"product","link":"https:\/\/wiges.se\/handla\/herr\/bambu\/bambustrumpor\/sportstrumpa-av-bambu-svart\/","title":{"rendered":"Sportstrumpa av bambu &#8211; Svart"},"content":{"rendered":"","protected":false},"excerpt":{"rendered":"<p>Slitstark strumpa av mjuk och sk\u00f6n bambu. Strumpan har en f\u00f6rst\u00e4rkt frott\u00e9sula f\u00f6r extra d\u00e4mpning samt elastisk stickning runt foten som h\u00e5ller den p\u00e5 plats. Instickade meshpaneler \u00f6ver vristen ger optimal andningsf\u00f6rm\u00e5ga och g\u00f6r sockan sval och fr\u00e4sch \u00e4ven vid aktivitet. Perfekt f\u00f6r dig som s\u00f6ker en slitstark och bekv\u00e4m bambustrumpa av h\u00f6g kvalitet. Bambuns naturliga egenskaper g\u00f6r att strumpan \u00e4r b\u00e5de fukt och temperaturreglerande, vilket g\u00f6r att den h\u00e5ller f\u00f6tterna torra och fr\u00e4scha l\u00e4ngre.<\/p>\n","protected":false},"featured_media":1421,"comment_status":"open","ping_status":"closed","template":"","meta":{"_acf_changed":false},"product_brand":[],"product_cat":[66,69,131,133,74,147,67,78,109,111,81,94,293],"product_tag":[],"class_list":{"0":"post-1422","1":"product","2":"type-product","3":"status-publish","4":"has-post-thumbnail","6":"product_cat-dam","7":"product_cat-strumpor","8":"product_cat-friluftstrumpor-strumpor","9":"product_cat-sportstrumpor-strumpor","10":"product_cat-bambu","11":"product_cat-bambustrumpor-bambu","12":"product_cat-herr","13":"product_cat-strumpor-herr","14":"product_cat-friluftstrumpor","15":"product_cat-sportstrumpor","16":"product_cat-bambu-herr","17":"product_cat-bambustrumpor","18":"product_cat-bambu-2","20":"first","21":"instock","22":"taxable","23":"shipping-taxable","24":"purchasable","25":"product-type-variable"},"acf":[],"yoast_head":"<!-- This site is optimized with the Yoast SEO plugin v26.7 - https:\/\/yoast.com\/wordpress\/plugins\/seo\/ -->\n<title>Sportstrumpa av bambu - Svart - Wiges<\/title>\n<meta name=\"robots\" content=\"index, follow, max-snippet:-1, max-image-preview:large, max-video-preview:-1\" \/>\n<link rel=\"canonical\" href=\"https:\/\/wiges.se\/handla\/herr\/bambu\/bambustrumpor\/sportstrumpa-av-bambu-svart\/\" \/>\n<meta property=\"og:locale\" content=\"sv_SE\" \/>\n<meta property=\"og:type\" content=\"article\" \/>\n<meta property=\"og:title\" content=\"Sportstrumpa av bambu - Svart - Wiges\" \/>\n<meta property=\"og:description\" content=\"Slitstark strumpa av mjuk och sk\u00f6n bambu. Strumpan har en f\u00f6rst\u00e4rkt frott\u00e9sula f\u00f6r extra d\u00e4mpning samt elastisk stickning runt foten som h\u00e5ller den p\u00e5 plats. Instickade meshpaneler \u00f6ver vristen ger optimal andningsf\u00f6rm\u00e5ga och g\u00f6r sockan sval och fr\u00e4sch \u00e4ven vid aktivitet. Perfekt f\u00f6r dig som s\u00f6ker en slitstark och bekv\u00e4m bambustrumpa av h\u00f6g kvalitet. Bambuns naturliga egenskaper g\u00f6r att strumpan \u00e4r b\u00e5de fukt och temperaturreglerande, vilket g\u00f6r att den h\u00e5ller f\u00f6tterna torra och fr\u00e4scha l\u00e4ngre.\" \/>\n<meta property=\"og:url\" content=\"https:\/\/wiges.se\/handla\/herr\/bambu\/bambustrumpor\/sportstrumpa-av-bambu-svart\/\" \/>\n<meta property=\"og:site_name\" content=\"Wiges\" \/>\n<meta property=\"article:modified_time\" content=\"2026-03-15T08:39:30+00:00\" \/>\n<meta property=\"og:image\" content=\"https:\/\/wiges.se\/handla\/wp-content\/uploads\/2025\/10\/00000555101-scaled-1.webp\" \/>\n\t<meta property=\"og:image:width\" content=\"1969\" \/>\n\t<meta property=\"og:image:height\" content=\"2560\" \/>\n\t<meta property=\"og:image:type\" content=\"image\/webp\" \/>\n<meta name=\"twitter:card\" content=\"summary_large_image\" \/>\n<script type=\"application\/ld+json\" class=\"yoast-schema-graph\">{\"@context\":\"https:\/\/schema.org\",\"@graph\":[{\"@type\":\"WebPage\",\"@id\":\"https:\/\/wiges.se\/handla\/herr\/bambu\/bambustrumpor\/sportstrumpa-av-bambu-svart\/\",\"url\":\"https:\/\/wiges.se\/handla\/herr\/bambu\/bambustrumpor\/sportstrumpa-av-bambu-svart\/\",\"name\":\"Sportstrumpa av bambu - Svart - Wiges\",\"isPartOf\":{\"@id\":\"https:\/\/wiges.se\/handla\/#website\"},\"primaryImageOfPage\":{\"@id\":\"https:\/\/wiges.se\/handla\/herr\/bambu\/bambustrumpor\/sportstrumpa-av-bambu-svart\/#primaryimage\"},\"image\":{\"@id\":\"https:\/\/wiges.se\/handla\/herr\/bambu\/bambustrumpor\/sportstrumpa-av-bambu-svart\/#primaryimage\"},\"thumbnailUrl\":\"https:\/\/wiges.se\/handla\/wp-content\/uploads\/2025\/10\/00000555101-scaled-1.webp\",\"datePublished\":\"2025-10-15T20:54:50+00:00\",\"dateModified\":\"2026-03-15T08:39:30+00:00\",\"breadcrumb\":{\"@id\":\"https:\/\/wiges.se\/handla\/herr\/bambu\/bambustrumpor\/sportstrumpa-av-bambu-svart\/#breadcrumb\"},\"inLanguage\":\"sv-SE\",\"potentialAction\":[{\"@type\":\"ReadAction\",\"target\":[\"https:\/\/wiges.se\/handla\/herr\/bambu\/bambustrumpor\/sportstrumpa-av-bambu-svart\/\"]}]},{\"@type\":\"ImageObject\",\"inLanguage\":\"sv-SE\",\"@id\":\"https:\/\/wiges.se\/handla\/herr\/bambu\/bambustrumpor\/sportstrumpa-av-bambu-svart\/#primaryimage\",\"url\":\"https:\/\/wiges.se\/handla\/wp-content\/uploads\/2025\/10\/00000555101-scaled-1.webp\",\"contentUrl\":\"https:\/\/wiges.se\/handla\/wp-content\/uploads\/2025\/10\/00000555101-scaled-1.webp\",\"width\":1969,\"height\":2560},{\"@type\":\"BreadcrumbList\",\"@id\":\"https:\/\/wiges.se\/handla\/herr\/bambu\/bambustrumpor\/sportstrumpa-av-bambu-svart\/#breadcrumb\",\"itemListElement\":[{\"@type\":\"ListItem\",\"position\":1,\"name\":\"Hem\",\"item\":\"https:\/\/wiges.se\/handla\/\"},{\"@type\":\"ListItem\",\"position\":2,\"name\":\"Butik\",\"item\":\"https:\/\/wiges.se\/handla\/butik\/\"},{\"@type\":\"ListItem\",\"position\":3,\"name\":\"Dam\",\"item\":\"https:\/\/wiges.se\/handla\/dam\/\"},{\"@type\":\"ListItem\",\"position\":4,\"name\":\"Strumpor\",\"item\":\"https:\/\/wiges.se\/handla\/dam\/strumpor\/\"},{\"@type\":\"ListItem\",\"position\":5,\"name\":\"Friluftstrumpor\",\"item\":\"https:\/\/wiges.se\/handla\/dam\/strumpor\/friluftstrumpor\/\"},{\"@type\":\"ListItem\",\"position\":6,\"name\":\"Sportstrumpa av bambu &#8211; Svart\"}]},{\"@type\":\"WebSite\",\"@id\":\"https:\/\/wiges.se\/handla\/#website\",\"url\":\"https:\/\/wiges.se\/handla\/\",\"name\":\"Wiges\",\"description\":\"\",\"potentialAction\":[{\"@type\":\"SearchAction\",\"target\":{\"@type\":\"EntryPoint\",\"urlTemplate\":\"https:\/\/wiges.se\/handla\/?s={search_term_string}\"},\"query-input\":{\"@type\":\"PropertyValueSpecification\",\"valueRequired\":true,\"valueName\":\"search_term_string\"}}],\"inLanguage\":\"sv-SE\"}]}<\/script>\n<!-- \/ Yoast SEO plugin. -->","yoast_head_json":{"title":"Sportstrumpa av bambu - Svart - Wiges","robots":{"index":"index","follow":"follow","max-snippet":"max-snippet:-1","max-image-preview":"max-image-preview:large","max-video-preview":"max-video-preview:-1"},"canonical":"https:\/\/wiges.se\/handla\/herr\/bambu\/bambustrumpor\/sportstrumpa-av-bambu-svart\/","og_locale":"sv_SE","og_type":"article","og_title":"Sportstrumpa av bambu - Svart - Wiges","og_description":"Slitstark strumpa av mjuk och sk\u00f6n bambu. Strumpan har en f\u00f6rst\u00e4rkt frott\u00e9sula f\u00f6r extra d\u00e4mpning samt elastisk stickning runt foten som h\u00e5ller den p\u00e5 plats. Instickade meshpaneler \u00f6ver vristen ger optimal andningsf\u00f6rm\u00e5ga och g\u00f6r sockan sval och fr\u00e4sch \u00e4ven vid aktivitet. Perfekt f\u00f6r dig som s\u00f6ker en slitstark och bekv\u00e4m bambustrumpa av h\u00f6g kvalitet. Bambuns naturliga egenskaper g\u00f6r att strumpan \u00e4r b\u00e5de fukt och temperaturreglerande, vilket g\u00f6r att den h\u00e5ller f\u00f6tterna torra och fr\u00e4scha l\u00e4ngre.","og_url":"https:\/\/wiges.se\/handla\/herr\/bambu\/bambustrumpor\/sportstrumpa-av-bambu-svart\/","og_site_name":"Wiges","article_modified_time":"2026-03-15T08:39:30+00:00","og_image":[{"width":1969,"height":2560,"url":"https:\/\/wiges.se\/handla\/wp-content\/uploads\/2025\/10\/00000555101-scaled-1.webp","type":"image\/webp"}],"twitter_card":"summary_large_image","schema":{"@context":"https:\/\/schema.org","@graph":[{"@type":"WebPage","@id":"https:\/\/wiges.se\/handla\/herr\/bambu\/bambustrumpor\/sportstrumpa-av-bambu-svart\/","url":"https:\/\/wiges.se\/handla\/herr\/bambu\/bambustrumpor\/sportstrumpa-av-bambu-svart\/","name":"Sportstrumpa av bambu - Svart - Wiges","isPartOf":{"@id":"https:\/\/wiges.se\/handla\/#website"},"primaryImageOfPage":{"@id":"https:\/\/wiges.se\/handla\/herr\/bambu\/bambustrumpor\/sportstrumpa-av-bambu-svart\/#primaryimage"},"image":{"@id":"https:\/\/wiges.se\/handla\/herr\/bambu\/bambustrumpor\/sportstrumpa-av-bambu-svart\/#primaryimage"},"thumbnailUrl":"https:\/\/wiges.se\/handla\/wp-content\/uploads\/2025\/10\/00000555101-scaled-1.webp","datePublished":"2025-10-15T20:54:50+00:00","dateModified":"2026-03-15T08:39:30+00:00","breadcrumb":{"@id":"https:\/\/wiges.se\/handla\/herr\/bambu\/bambustrumpor\/sportstrumpa-av-bambu-svart\/#breadcrumb"},"inLanguage":"sv-SE","potentialAction":[{"@type":"ReadAction","target":["https:\/\/wiges.se\/handla\/herr\/bambu\/bambustrumpor\/sportstrumpa-av-bambu-svart\/"]}]},{"@type":"ImageObject","inLanguage":"sv-SE","@id":"https:\/\/wiges.se\/handla\/herr\/bambu\/bambustrumpor\/sportstrumpa-av-bambu-svart\/#primaryimage","url":"https:\/\/wiges.se\/handla\/wp-content\/uploads\/2025\/10\/00000555101-scaled-1.webp","contentUrl":"https:\/\/wiges.se\/handla\/wp-content\/uploads\/2025\/10\/00000555101-scaled-1.webp","width":1969,"height":2560},{"@type":"BreadcrumbList","@id":"https:\/\/wiges.se\/handla\/herr\/bambu\/bambustrumpor\/sportstrumpa-av-bambu-svart\/#breadcrumb","itemListElement":[{"@type":"ListItem","position":1,"name":"Hem","item":"https:\/\/wiges.se\/handla\/"},{"@type":"ListItem","position":2,"name":"Butik","item":"https:\/\/wiges.se\/handla\/butik\/"},{"@type":"ListItem","position":3,"name":"Dam","item":"https:\/\/wiges.se\/handla\/dam\/"},{"@type":"ListItem","position":4,"name":"Strumpor","item":"https:\/\/wiges.se\/handla\/dam\/strumpor\/"},{"@type":"ListItem","position":5,"name":"Friluftstrumpor","item":"https:\/\/wiges.se\/handla\/dam\/strumpor\/friluftstrumpor\/"},{"@type":"ListItem","position":6,"name":"Sportstrumpa av bambu &#8211; Svart"}]},{"@type":"WebSite","@id":"https:\/\/wiges.se\/handla\/#website","url":"https:\/\/wiges.se\/handla\/","name":"Wiges","description":"","potentialAction":[{"@type":"SearchAction","target":{"@type":"EntryPoint","urlTemplate":"https:\/\/wiges.se\/handla\/?s={search_term_string}"},"query-input":{"@type":"PropertyValueSpecification","valueRequired":true,"valueName":"search_term_string"}}],"inLanguage":"sv-SE"}]}},"_links":{"self":[{"href":"https:\/\/wiges.se\/handla\/wp-json\/wp\/v2\/product\/1422","targetHints":{"allow":["GET"]}}],"collection":[{"href":"https:\/\/wiges.se\/handla\/wp-json\/wp\/v2\/product"}],"about":[{"href":"https:\/\/wiges.se\/handla\/wp-json\/wp\/v2\/types\/product"}],"replies":[{"embeddable":true,"href":"https:\/\/wiges.se\/handla\/wp-json\/wp\/v2\/comments?post=1422"}],"wp:featuredmedia":[{"embeddable":true,"href":"https:\/\/wiges.se\/handla\/wp-json\/wp\/v2\/media\/1421"}],"wp:attachment":[{"href":"https:\/\/wiges.se\/handla\/wp-json\/wp\/v2\/media?parent=1422"}],"wp:term":[{"taxonomy":"product_brand","embeddable":true,"href":"https:\/\/wiges.se\/handla\/wp-json\/wp\/v2\/product_brand?post=1422"},{"taxonomy":"product_cat","embeddable":true,"href":"https:\/\/wiges.se\/handla\/wp-json\/wp\/v2\/product_cat?post=1422"},{"taxonomy":"product_tag","embeddable":true,"href":"https:\/\/wiges.se\/handla\/wp-json\/wp\/v2\/product_tag?post=1422"}],"curies":[{"name":"wp","href":"https:\/\/api.w.org\/{rel}","templated":true}]}}