{"id":1359,"date":"2025-10-15T22:52:36","date_gmt":"2025-10-15T20:52:36","guid":{"rendered":"https:\/\/wiges.se\/handla\/?post_type=product&#038;p=1359"},"modified":"2026-04-08T13:21:11","modified_gmt":"2026-04-08T11:21:11","slug":"2-pack-raggsock-med-ribbat-skaft-gra","status":"publish","type":"product","link":"https:\/\/wiges.se\/handla\/herr\/strumpor\/enfargade-strumpor\/2-pack-raggsock-med-ribbat-skaft-gra\/","title":{"rendered":"2-pack raggsock med ribbat skaft &#8211; Gr\u00e5"},"content":{"rendered":"","protected":false},"excerpt":{"rendered":"<p>2-pack klassisk gr\u00e5melerad raggsocka i mjuk och slitstark ullblandning. Strumpan har ett ribbstickat skaft som ger en bekv\u00e4m passform. En strumpa som passar f\u00f6r b\u00e5de vardag, friluftsliv och mysiga hemmakv\u00e4llar.<\/p>\n","protected":false},"featured_media":1358,"comment_status":"open","ping_status":"closed","template":"","meta":{"_acf_changed":false},"product_brand":[],"product_cat":[66,69,131,135,67,78,109,113],"product_tag":[],"class_list":{"0":"post-1359","1":"product","2":"type-product","3":"status-publish","4":"has-post-thumbnail","6":"product_cat-dam","7":"product_cat-strumpor","8":"product_cat-friluftstrumpor-strumpor","9":"product_cat-varma-strumpor-strumpor","10":"product_cat-herr","11":"product_cat-strumpor-herr","12":"product_cat-friluftstrumpor","13":"product_cat-varma-strumpor","15":"first","16":"instock","17":"taxable","18":"shipping-taxable","19":"purchasable","20":"product-type-variable"},"acf":[],"yoast_head":"<!-- This site is optimized with the Yoast SEO plugin v26.7 - https:\/\/yoast.com\/wordpress\/plugins\/seo\/ -->\n<title>2-pack raggsock med ribbat skaft - Gr\u00e5 - Wiges<\/title>\n<meta name=\"robots\" content=\"index, follow, max-snippet:-1, max-image-preview:large, max-video-preview:-1\" \/>\n<link rel=\"canonical\" href=\"https:\/\/wiges.se\/handla\/herr\/strumpor\/enfargade-strumpor\/2-pack-raggsock-med-ribbat-skaft-gra\/\" \/>\n<meta property=\"og:locale\" content=\"sv_SE\" \/>\n<meta property=\"og:type\" content=\"article\" \/>\n<meta property=\"og:title\" content=\"2-pack raggsock med ribbat skaft - Gr\u00e5 - Wiges\" \/>\n<meta property=\"og:description\" content=\"2-pack klassisk gr\u00e5melerad raggsocka i mjuk och slitstark ullblandning. Strumpan har ett ribbstickat skaft som ger en bekv\u00e4m passform. En strumpa som passar f\u00f6r b\u00e5de vardag, friluftsliv och mysiga hemmakv\u00e4llar.\" \/>\n<meta property=\"og:url\" content=\"https:\/\/wiges.se\/handla\/herr\/strumpor\/enfargade-strumpor\/2-pack-raggsock-med-ribbat-skaft-gra\/\" \/>\n<meta property=\"og:site_name\" content=\"Wiges\" \/>\n<meta property=\"article:modified_time\" content=\"2026-04-08T11:21:11+00:00\" \/>\n<meta property=\"og:image\" content=\"https:\/\/wiges.se\/handla\/wp-content\/uploads\/2025\/10\/00000587103-scaled.jpg\" \/>\n\t<meta property=\"og:image:width\" content=\"1969\" \/>\n\t<meta property=\"og:image:height\" content=\"2560\" \/>\n\t<meta property=\"og:image:type\" content=\"image\/jpeg\" \/>\n<meta name=\"twitter:card\" content=\"summary_large_image\" \/>\n<script type=\"application\/ld+json\" class=\"yoast-schema-graph\">{\"@context\":\"https:\/\/schema.org\",\"@graph\":[{\"@type\":\"WebPage\",\"@id\":\"https:\/\/wiges.se\/handla\/herr\/strumpor\/enfargade-strumpor\/2-pack-raggsock-med-ribbat-skaft-gra\/\",\"url\":\"https:\/\/wiges.se\/handla\/herr\/strumpor\/enfargade-strumpor\/2-pack-raggsock-med-ribbat-skaft-gra\/\",\"name\":\"2-pack raggsock med ribbat skaft - Gr\u00e5 - Wiges\",\"isPartOf\":{\"@id\":\"https:\/\/wiges.se\/handla\/#website\"},\"primaryImageOfPage\":{\"@id\":\"https:\/\/wiges.se\/handla\/herr\/strumpor\/enfargade-strumpor\/2-pack-raggsock-med-ribbat-skaft-gra\/#primaryimage\"},\"image\":{\"@id\":\"https:\/\/wiges.se\/handla\/herr\/strumpor\/enfargade-strumpor\/2-pack-raggsock-med-ribbat-skaft-gra\/#primaryimage\"},\"thumbnailUrl\":\"https:\/\/wiges.se\/handla\/wp-content\/uploads\/2025\/10\/00000587103-scaled.jpg\",\"datePublished\":\"2025-10-15T20:52:36+00:00\",\"dateModified\":\"2026-04-08T11:21:11+00:00\",\"breadcrumb\":{\"@id\":\"https:\/\/wiges.se\/handla\/herr\/strumpor\/enfargade-strumpor\/2-pack-raggsock-med-ribbat-skaft-gra\/#breadcrumb\"},\"inLanguage\":\"sv-SE\",\"potentialAction\":[{\"@type\":\"ReadAction\",\"target\":[\"https:\/\/wiges.se\/handla\/herr\/strumpor\/enfargade-strumpor\/2-pack-raggsock-med-ribbat-skaft-gra\/\"]}]},{\"@type\":\"ImageObject\",\"inLanguage\":\"sv-SE\",\"@id\":\"https:\/\/wiges.se\/handla\/herr\/strumpor\/enfargade-strumpor\/2-pack-raggsock-med-ribbat-skaft-gra\/#primaryimage\",\"url\":\"https:\/\/wiges.se\/handla\/wp-content\/uploads\/2025\/10\/00000587103-scaled.jpg\",\"contentUrl\":\"https:\/\/wiges.se\/handla\/wp-content\/uploads\/2025\/10\/00000587103-scaled.jpg\",\"width\":1969,\"height\":2560},{\"@type\":\"BreadcrumbList\",\"@id\":\"https:\/\/wiges.se\/handla\/herr\/strumpor\/enfargade-strumpor\/2-pack-raggsock-med-ribbat-skaft-gra\/#breadcrumb\",\"itemListElement\":[{\"@type\":\"ListItem\",\"position\":1,\"name\":\"Hem\",\"item\":\"https:\/\/wiges.se\/handla\/\"},{\"@type\":\"ListItem\",\"position\":2,\"name\":\"Butik\",\"item\":\"https:\/\/wiges.se\/handla\/butik\/\"},{\"@type\":\"ListItem\",\"position\":3,\"name\":\"Dam\",\"item\":\"https:\/\/wiges.se\/handla\/dam\/\"},{\"@type\":\"ListItem\",\"position\":4,\"name\":\"Strumpor\",\"item\":\"https:\/\/wiges.se\/handla\/dam\/strumpor\/\"},{\"@type\":\"ListItem\",\"position\":5,\"name\":\"Friluftstrumpor\",\"item\":\"https:\/\/wiges.se\/handla\/dam\/strumpor\/friluftstrumpor\/\"},{\"@type\":\"ListItem\",\"position\":6,\"name\":\"2-pack raggsock med ribbat skaft &#8211; Gr\u00e5\"}]},{\"@type\":\"WebSite\",\"@id\":\"https:\/\/wiges.se\/handla\/#website\",\"url\":\"https:\/\/wiges.se\/handla\/\",\"name\":\"Wiges\",\"description\":\"\",\"potentialAction\":[{\"@type\":\"SearchAction\",\"target\":{\"@type\":\"EntryPoint\",\"urlTemplate\":\"https:\/\/wiges.se\/handla\/?s={search_term_string}\"},\"query-input\":{\"@type\":\"PropertyValueSpecification\",\"valueRequired\":true,\"valueName\":\"search_term_string\"}}],\"inLanguage\":\"sv-SE\"}]}<\/script>\n<!-- \/ Yoast SEO plugin. -->","yoast_head_json":{"title":"2-pack raggsock med ribbat skaft - Gr\u00e5 - Wiges","robots":{"index":"index","follow":"follow","max-snippet":"max-snippet:-1","max-image-preview":"max-image-preview:large","max-video-preview":"max-video-preview:-1"},"canonical":"https:\/\/wiges.se\/handla\/herr\/strumpor\/enfargade-strumpor\/2-pack-raggsock-med-ribbat-skaft-gra\/","og_locale":"sv_SE","og_type":"article","og_title":"2-pack raggsock med ribbat skaft - Gr\u00e5 - Wiges","og_description":"2-pack klassisk gr\u00e5melerad raggsocka i mjuk och slitstark ullblandning. Strumpan har ett ribbstickat skaft som ger en bekv\u00e4m passform. En strumpa som passar f\u00f6r b\u00e5de vardag, friluftsliv och mysiga hemmakv\u00e4llar.","og_url":"https:\/\/wiges.se\/handla\/herr\/strumpor\/enfargade-strumpor\/2-pack-raggsock-med-ribbat-skaft-gra\/","og_site_name":"Wiges","article_modified_time":"2026-04-08T11:21:11+00:00","og_image":[{"width":1969,"height":2560,"url":"https:\/\/wiges.se\/handla\/wp-content\/uploads\/2025\/10\/00000587103-scaled.jpg","type":"image\/jpeg"}],"twitter_card":"summary_large_image","schema":{"@context":"https:\/\/schema.org","@graph":[{"@type":"WebPage","@id":"https:\/\/wiges.se\/handla\/herr\/strumpor\/enfargade-strumpor\/2-pack-raggsock-med-ribbat-skaft-gra\/","url":"https:\/\/wiges.se\/handla\/herr\/strumpor\/enfargade-strumpor\/2-pack-raggsock-med-ribbat-skaft-gra\/","name":"2-pack raggsock med ribbat skaft - Gr\u00e5 - Wiges","isPartOf":{"@id":"https:\/\/wiges.se\/handla\/#website"},"primaryImageOfPage":{"@id":"https:\/\/wiges.se\/handla\/herr\/strumpor\/enfargade-strumpor\/2-pack-raggsock-med-ribbat-skaft-gra\/#primaryimage"},"image":{"@id":"https:\/\/wiges.se\/handla\/herr\/strumpor\/enfargade-strumpor\/2-pack-raggsock-med-ribbat-skaft-gra\/#primaryimage"},"thumbnailUrl":"https:\/\/wiges.se\/handla\/wp-content\/uploads\/2025\/10\/00000587103-scaled.jpg","datePublished":"2025-10-15T20:52:36+00:00","dateModified":"2026-04-08T11:21:11+00:00","breadcrumb":{"@id":"https:\/\/wiges.se\/handla\/herr\/strumpor\/enfargade-strumpor\/2-pack-raggsock-med-ribbat-skaft-gra\/#breadcrumb"},"inLanguage":"sv-SE","potentialAction":[{"@type":"ReadAction","target":["https:\/\/wiges.se\/handla\/herr\/strumpor\/enfargade-strumpor\/2-pack-raggsock-med-ribbat-skaft-gra\/"]}]},{"@type":"ImageObject","inLanguage":"sv-SE","@id":"https:\/\/wiges.se\/handla\/herr\/strumpor\/enfargade-strumpor\/2-pack-raggsock-med-ribbat-skaft-gra\/#primaryimage","url":"https:\/\/wiges.se\/handla\/wp-content\/uploads\/2025\/10\/00000587103-scaled.jpg","contentUrl":"https:\/\/wiges.se\/handla\/wp-content\/uploads\/2025\/10\/00000587103-scaled.jpg","width":1969,"height":2560},{"@type":"BreadcrumbList","@id":"https:\/\/wiges.se\/handla\/herr\/strumpor\/enfargade-strumpor\/2-pack-raggsock-med-ribbat-skaft-gra\/#breadcrumb","itemListElement":[{"@type":"ListItem","position":1,"name":"Hem","item":"https:\/\/wiges.se\/handla\/"},{"@type":"ListItem","position":2,"name":"Butik","item":"https:\/\/wiges.se\/handla\/butik\/"},{"@type":"ListItem","position":3,"name":"Dam","item":"https:\/\/wiges.se\/handla\/dam\/"},{"@type":"ListItem","position":4,"name":"Strumpor","item":"https:\/\/wiges.se\/handla\/dam\/strumpor\/"},{"@type":"ListItem","position":5,"name":"Friluftstrumpor","item":"https:\/\/wiges.se\/handla\/dam\/strumpor\/friluftstrumpor\/"},{"@type":"ListItem","position":6,"name":"2-pack raggsock med ribbat skaft &#8211; Gr\u00e5"}]},{"@type":"WebSite","@id":"https:\/\/wiges.se\/handla\/#website","url":"https:\/\/wiges.se\/handla\/","name":"Wiges","description":"","potentialAction":[{"@type":"SearchAction","target":{"@type":"EntryPoint","urlTemplate":"https:\/\/wiges.se\/handla\/?s={search_term_string}"},"query-input":{"@type":"PropertyValueSpecification","valueRequired":true,"valueName":"search_term_string"}}],"inLanguage":"sv-SE"}]}},"_links":{"self":[{"href":"https:\/\/wiges.se\/handla\/wp-json\/wp\/v2\/product\/1359","targetHints":{"allow":["GET"]}}],"collection":[{"href":"https:\/\/wiges.se\/handla\/wp-json\/wp\/v2\/product"}],"about":[{"href":"https:\/\/wiges.se\/handla\/wp-json\/wp\/v2\/types\/product"}],"replies":[{"embeddable":true,"href":"https:\/\/wiges.se\/handla\/wp-json\/wp\/v2\/comments?post=1359"}],"wp:featuredmedia":[{"embeddable":true,"href":"https:\/\/wiges.se\/handla\/wp-json\/wp\/v2\/media\/1358"}],"wp:attachment":[{"href":"https:\/\/wiges.se\/handla\/wp-json\/wp\/v2\/media?parent=1359"}],"wp:term":[{"taxonomy":"product_brand","embeddable":true,"href":"https:\/\/wiges.se\/handla\/wp-json\/wp\/v2\/product_brand?post=1359"},{"taxonomy":"product_cat","embeddable":true,"href":"https:\/\/wiges.se\/handla\/wp-json\/wp\/v2\/product_cat?post=1359"},{"taxonomy":"product_tag","embeddable":true,"href":"https:\/\/wiges.se\/handla\/wp-json\/wp\/v2\/product_tag?post=1359"}],"curies":[{"name":"wp","href":"https:\/\/api.w.org\/{rel}","templated":true}]}}