{"id":1262,"date":"2025-10-15T22:49:54","date_gmt":"2025-10-15T20:49:54","guid":{"rendered":"https:\/\/wiges.se\/handla\/?post_type=product&#038;p=1262"},"modified":"2026-04-21T19:55:09","modified_gmt":"2026-04-21T17:55:09","slug":"ribbstickad-strumpa-med-extra-los-resar-marin","status":"publish","type":"product","link":"https:\/\/wiges.se\/handla\/herr\/strumpor\/enfargade-strumpor\/ribbstickad-strumpa-med-extra-los-resar-marin\/","title":{"rendered":"Ribbstickad strumpa med extra l\u00f6s res\u00e5r &#8211; Marin"},"content":{"rendered":"","protected":false},"excerpt":{"rendered":"<p>Ribbstickad strumpa med extra l\u00f6s res\u00e5r. Strumporna passar dig som vill ha extra mjuka strumpor eller har k\u00e4nsliga f\u00f6tter. Men \u00e4r \u00e4ven passande f\u00f6r dig som inte tycker om vanliga strumpor eller tycker att de sitter \u00e5t f\u00f6r h\u00e5rt. Strumpornas res\u00e5r \u00e4r extra mjuk, flexibel och stretchig, vilket g\u00f6r att den f\u00f6ljer benets form utan att skava eller trycka.<\/p>\n","protected":false},"featured_media":1261,"comment_status":"open","ping_status":"closed","template":"","meta":{"_acf_changed":false},"product_brand":[],"product_cat":[66,69,125,130,74,147,67,78,103,108],"product_tag":[],"class_list":{"0":"post-1262","1":"product","2":"type-product","3":"status-publish","4":"has-post-thumbnail","6":"product_cat-dam","7":"product_cat-strumpor","8":"product_cat-enfargade-strumpor-strumpor","9":"product_cat-kansliga-fotter-strumpor","10":"product_cat-bambu","11":"product_cat-bambustrumpor-bambu","12":"product_cat-herr","13":"product_cat-strumpor-herr","14":"product_cat-enfargade-strumpor","15":"product_cat-kansliga-fotter-strumpor-herr","17":"first","18":"instock","19":"sale","20":"taxable","21":"shipping-taxable","22":"purchasable","23":"product-type-variable"},"acf":[],"yoast_head":"<!-- This site is optimized with the Yoast SEO plugin v26.7 - https:\/\/yoast.com\/wordpress\/plugins\/seo\/ -->\n<title>Ribbstickad strumpa med extra l\u00f6s res\u00e5r - Marin - Wiges<\/title>\n<meta name=\"robots\" content=\"index, follow, max-snippet:-1, max-image-preview:large, max-video-preview:-1\" \/>\n<link rel=\"canonical\" href=\"https:\/\/wiges.se\/handla\/herr\/strumpor\/enfargade-strumpor\/ribbstickad-strumpa-med-extra-los-resar-marin\/\" \/>\n<meta property=\"og:locale\" content=\"sv_SE\" \/>\n<meta property=\"og:type\" content=\"article\" \/>\n<meta property=\"og:title\" content=\"Ribbstickad strumpa med extra l\u00f6s res\u00e5r - Marin - Wiges\" \/>\n<meta property=\"og:description\" content=\"Ribbstickad strumpa med extra l\u00f6s res\u00e5r. Strumporna passar dig som vill ha extra mjuka strumpor eller har k\u00e4nsliga f\u00f6tter. Men \u00e4r \u00e4ven passande f\u00f6r dig som inte tycker om vanliga strumpor eller tycker att de sitter \u00e5t f\u00f6r h\u00e5rt. Strumpornas res\u00e5r \u00e4r extra mjuk, flexibel och stretchig, vilket g\u00f6r att den f\u00f6ljer benets form utan att skava eller trycka.\" \/>\n<meta property=\"og:url\" content=\"https:\/\/wiges.se\/handla\/herr\/strumpor\/enfargade-strumpor\/ribbstickad-strumpa-med-extra-los-resar-marin\/\" \/>\n<meta property=\"og:site_name\" content=\"Wiges\" \/>\n<meta property=\"article:modified_time\" content=\"2026-04-21T17:55:09+00:00\" \/>\n<meta property=\"og:image\" content=\"https:\/\/wiges.se\/handla\/wp-content\/uploads\/2025\/10\/00000054582-scaled.jpg\" \/>\n\t<meta property=\"og:image:width\" content=\"1969\" \/>\n\t<meta property=\"og:image:height\" content=\"2560\" \/>\n\t<meta property=\"og:image:type\" content=\"image\/jpeg\" \/>\n<meta name=\"twitter:card\" content=\"summary_large_image\" \/>\n<meta name=\"twitter:label1\" content=\"Ber\u00e4knad l\u00e4stid\" \/>\n\t<meta name=\"twitter:data1\" content=\"1 minut\" \/>\n<script type=\"application\/ld+json\" class=\"yoast-schema-graph\">{\"@context\":\"https:\/\/schema.org\",\"@graph\":[{\"@type\":\"WebPage\",\"@id\":\"https:\/\/wiges.se\/handla\/herr\/strumpor\/enfargade-strumpor\/ribbstickad-strumpa-med-extra-los-resar-marin\/\",\"url\":\"https:\/\/wiges.se\/handla\/herr\/strumpor\/enfargade-strumpor\/ribbstickad-strumpa-med-extra-los-resar-marin\/\",\"name\":\"Ribbstickad strumpa med extra l\u00f6s res\u00e5r - Marin - Wiges\",\"isPartOf\":{\"@id\":\"https:\/\/wiges.se\/handla\/#website\"},\"primaryImageOfPage\":{\"@id\":\"https:\/\/wiges.se\/handla\/herr\/strumpor\/enfargade-strumpor\/ribbstickad-strumpa-med-extra-los-resar-marin\/#primaryimage\"},\"image\":{\"@id\":\"https:\/\/wiges.se\/handla\/herr\/strumpor\/enfargade-strumpor\/ribbstickad-strumpa-med-extra-los-resar-marin\/#primaryimage\"},\"thumbnailUrl\":\"https:\/\/wiges.se\/handla\/wp-content\/uploads\/2025\/10\/00000054582-scaled.jpg\",\"datePublished\":\"2025-10-15T20:49:54+00:00\",\"dateModified\":\"2026-04-21T17:55:09+00:00\",\"breadcrumb\":{\"@id\":\"https:\/\/wiges.se\/handla\/herr\/strumpor\/enfargade-strumpor\/ribbstickad-strumpa-med-extra-los-resar-marin\/#breadcrumb\"},\"inLanguage\":\"sv-SE\",\"potentialAction\":[{\"@type\":\"ReadAction\",\"target\":[\"https:\/\/wiges.se\/handla\/herr\/strumpor\/enfargade-strumpor\/ribbstickad-strumpa-med-extra-los-resar-marin\/\"]}]},{\"@type\":\"ImageObject\",\"inLanguage\":\"sv-SE\",\"@id\":\"https:\/\/wiges.se\/handla\/herr\/strumpor\/enfargade-strumpor\/ribbstickad-strumpa-med-extra-los-resar-marin\/#primaryimage\",\"url\":\"https:\/\/wiges.se\/handla\/wp-content\/uploads\/2025\/10\/00000054582-scaled.jpg\",\"contentUrl\":\"https:\/\/wiges.se\/handla\/wp-content\/uploads\/2025\/10\/00000054582-scaled.jpg\",\"width\":1969,\"height\":2560},{\"@type\":\"BreadcrumbList\",\"@id\":\"https:\/\/wiges.se\/handla\/herr\/strumpor\/enfargade-strumpor\/ribbstickad-strumpa-med-extra-los-resar-marin\/#breadcrumb\",\"itemListElement\":[{\"@type\":\"ListItem\",\"position\":1,\"name\":\"Hem\",\"item\":\"https:\/\/wiges.se\/handla\/\"},{\"@type\":\"ListItem\",\"position\":2,\"name\":\"Butik\",\"item\":\"https:\/\/wiges.se\/handla\/butik\/\"},{\"@type\":\"ListItem\",\"position\":3,\"name\":\"Herr\",\"item\":\"https:\/\/wiges.se\/handla\/herr\/\"},{\"@type\":\"ListItem\",\"position\":4,\"name\":\"Strumpor\",\"item\":\"https:\/\/wiges.se\/handla\/herr\/strumpor\/\"},{\"@type\":\"ListItem\",\"position\":5,\"name\":\"Enf\u00e4rgade strumpor\",\"item\":\"https:\/\/wiges.se\/handla\/herr\/strumpor\/enfargade-strumpor\/\"},{\"@type\":\"ListItem\",\"position\":6,\"name\":\"Ribbstickad strumpa med extra l\u00f6s res\u00e5r &#8211; Marin\"}]},{\"@type\":\"WebSite\",\"@id\":\"https:\/\/wiges.se\/handla\/#website\",\"url\":\"https:\/\/wiges.se\/handla\/\",\"name\":\"Wiges\",\"description\":\"\",\"potentialAction\":[{\"@type\":\"SearchAction\",\"target\":{\"@type\":\"EntryPoint\",\"urlTemplate\":\"https:\/\/wiges.se\/handla\/?s={search_term_string}\"},\"query-input\":{\"@type\":\"PropertyValueSpecification\",\"valueRequired\":true,\"valueName\":\"search_term_string\"}}],\"inLanguage\":\"sv-SE\"}]}<\/script>\n<!-- \/ Yoast SEO plugin. -->","yoast_head_json":{"title":"Ribbstickad strumpa med extra l\u00f6s res\u00e5r - Marin - Wiges","robots":{"index":"index","follow":"follow","max-snippet":"max-snippet:-1","max-image-preview":"max-image-preview:large","max-video-preview":"max-video-preview:-1"},"canonical":"https:\/\/wiges.se\/handla\/herr\/strumpor\/enfargade-strumpor\/ribbstickad-strumpa-med-extra-los-resar-marin\/","og_locale":"sv_SE","og_type":"article","og_title":"Ribbstickad strumpa med extra l\u00f6s res\u00e5r - Marin - Wiges","og_description":"Ribbstickad strumpa med extra l\u00f6s res\u00e5r. Strumporna passar dig som vill ha extra mjuka strumpor eller har k\u00e4nsliga f\u00f6tter. Men \u00e4r \u00e4ven passande f\u00f6r dig som inte tycker om vanliga strumpor eller tycker att de sitter \u00e5t f\u00f6r h\u00e5rt. Strumpornas res\u00e5r \u00e4r extra mjuk, flexibel och stretchig, vilket g\u00f6r att den f\u00f6ljer benets form utan att skava eller trycka.","og_url":"https:\/\/wiges.se\/handla\/herr\/strumpor\/enfargade-strumpor\/ribbstickad-strumpa-med-extra-los-resar-marin\/","og_site_name":"Wiges","article_modified_time":"2026-04-21T17:55:09+00:00","og_image":[{"width":1969,"height":2560,"url":"https:\/\/wiges.se\/handla\/wp-content\/uploads\/2025\/10\/00000054582-scaled.jpg","type":"image\/jpeg"}],"twitter_card":"summary_large_image","twitter_misc":{"Ber\u00e4knad l\u00e4stid":"1 minut"},"schema":{"@context":"https:\/\/schema.org","@graph":[{"@type":"WebPage","@id":"https:\/\/wiges.se\/handla\/herr\/strumpor\/enfargade-strumpor\/ribbstickad-strumpa-med-extra-los-resar-marin\/","url":"https:\/\/wiges.se\/handla\/herr\/strumpor\/enfargade-strumpor\/ribbstickad-strumpa-med-extra-los-resar-marin\/","name":"Ribbstickad strumpa med extra l\u00f6s res\u00e5r - Marin - Wiges","isPartOf":{"@id":"https:\/\/wiges.se\/handla\/#website"},"primaryImageOfPage":{"@id":"https:\/\/wiges.se\/handla\/herr\/strumpor\/enfargade-strumpor\/ribbstickad-strumpa-med-extra-los-resar-marin\/#primaryimage"},"image":{"@id":"https:\/\/wiges.se\/handla\/herr\/strumpor\/enfargade-strumpor\/ribbstickad-strumpa-med-extra-los-resar-marin\/#primaryimage"},"thumbnailUrl":"https:\/\/wiges.se\/handla\/wp-content\/uploads\/2025\/10\/00000054582-scaled.jpg","datePublished":"2025-10-15T20:49:54+00:00","dateModified":"2026-04-21T17:55:09+00:00","breadcrumb":{"@id":"https:\/\/wiges.se\/handla\/herr\/strumpor\/enfargade-strumpor\/ribbstickad-strumpa-med-extra-los-resar-marin\/#breadcrumb"},"inLanguage":"sv-SE","potentialAction":[{"@type":"ReadAction","target":["https:\/\/wiges.se\/handla\/herr\/strumpor\/enfargade-strumpor\/ribbstickad-strumpa-med-extra-los-resar-marin\/"]}]},{"@type":"ImageObject","inLanguage":"sv-SE","@id":"https:\/\/wiges.se\/handla\/herr\/strumpor\/enfargade-strumpor\/ribbstickad-strumpa-med-extra-los-resar-marin\/#primaryimage","url":"https:\/\/wiges.se\/handla\/wp-content\/uploads\/2025\/10\/00000054582-scaled.jpg","contentUrl":"https:\/\/wiges.se\/handla\/wp-content\/uploads\/2025\/10\/00000054582-scaled.jpg","width":1969,"height":2560},{"@type":"BreadcrumbList","@id":"https:\/\/wiges.se\/handla\/herr\/strumpor\/enfargade-strumpor\/ribbstickad-strumpa-med-extra-los-resar-marin\/#breadcrumb","itemListElement":[{"@type":"ListItem","position":1,"name":"Hem","item":"https:\/\/wiges.se\/handla\/"},{"@type":"ListItem","position":2,"name":"Butik","item":"https:\/\/wiges.se\/handla\/butik\/"},{"@type":"ListItem","position":3,"name":"Herr","item":"https:\/\/wiges.se\/handla\/herr\/"},{"@type":"ListItem","position":4,"name":"Strumpor","item":"https:\/\/wiges.se\/handla\/herr\/strumpor\/"},{"@type":"ListItem","position":5,"name":"Enf\u00e4rgade strumpor","item":"https:\/\/wiges.se\/handla\/herr\/strumpor\/enfargade-strumpor\/"},{"@type":"ListItem","position":6,"name":"Ribbstickad strumpa med extra l\u00f6s res\u00e5r &#8211; Marin"}]},{"@type":"WebSite","@id":"https:\/\/wiges.se\/handla\/#website","url":"https:\/\/wiges.se\/handla\/","name":"Wiges","description":"","potentialAction":[{"@type":"SearchAction","target":{"@type":"EntryPoint","urlTemplate":"https:\/\/wiges.se\/handla\/?s={search_term_string}"},"query-input":{"@type":"PropertyValueSpecification","valueRequired":true,"valueName":"search_term_string"}}],"inLanguage":"sv-SE"}]}},"_links":{"self":[{"href":"https:\/\/wiges.se\/handla\/wp-json\/wp\/v2\/product\/1262","targetHints":{"allow":["GET"]}}],"collection":[{"href":"https:\/\/wiges.se\/handla\/wp-json\/wp\/v2\/product"}],"about":[{"href":"https:\/\/wiges.se\/handla\/wp-json\/wp\/v2\/types\/product"}],"replies":[{"embeddable":true,"href":"https:\/\/wiges.se\/handla\/wp-json\/wp\/v2\/comments?post=1262"}],"wp:featuredmedia":[{"embeddable":true,"href":"https:\/\/wiges.se\/handla\/wp-json\/wp\/v2\/media\/1261"}],"wp:attachment":[{"href":"https:\/\/wiges.se\/handla\/wp-json\/wp\/v2\/media?parent=1262"}],"wp:term":[{"taxonomy":"product_brand","embeddable":true,"href":"https:\/\/wiges.se\/handla\/wp-json\/wp\/v2\/product_brand?post=1262"},{"taxonomy":"product_cat","embeddable":true,"href":"https:\/\/wiges.se\/handla\/wp-json\/wp\/v2\/product_cat?post=1262"},{"taxonomy":"product_tag","embeddable":true,"href":"https:\/\/wiges.se\/handla\/wp-json\/wp\/v2\/product_tag?post=1262"}],"curies":[{"name":"wp","href":"https:\/\/api.w.org\/{rel}","templated":true}]}}