{"id":1035,"date":"2025-10-15T22:42:15","date_gmt":"2025-10-15T20:42:15","guid":{"rendered":"https:\/\/wiges.se\/handla\/?post_type=product&#038;p=1035"},"modified":"2026-03-28T12:02:06","modified_gmt":"2026-03-28T11:02:06","slug":"langkalsong-av-bambu-herr-svart","status":"publish","type":"product","link":"https:\/\/wiges.se\/handla\/herr\/bambu\/understall\/langkalsong-av-bambu-herr-svart\/","title":{"rendered":"L\u00e5ngkalsong av bambu herr &#8211; Svart"},"content":{"rendered":"","protected":false},"excerpt":{"rendered":"<p>L\u00e5ngkalsong till herr av mjuk och sk\u00f6n viskos av bambu. Res\u00e5r i midjan och muddar nertill f\u00f6r b\u00e4sta passform samt mjuka flatlocks\u00f6mmar som inte skaver mot huden. Bambuns naturliga egenskaper g\u00f6r att fukt transporteras bort fr\u00e5n kroppen och h\u00e5ller huden fr\u00e4sch l\u00e4ngre.<\/p>\n","protected":false},"featured_media":5162,"comment_status":"open","ping_status":"closed","template":"","meta":{"_acf_changed":false},"product_brand":[],"product_cat":[67,80,99,81,97,293],"product_tag":[],"class_list":{"0":"post-1035","1":"product","2":"type-product","3":"status-publish","4":"has-post-thumbnail","6":"product_cat-herr","7":"product_cat-understall-herr","8":"product_cat-langkalsong-understall-herr","9":"product_cat-bambu-herr","10":"product_cat-understall-i-bambu-bambu-herr","11":"product_cat-bambu-2","13":"first","14":"instock","15":"taxable","16":"shipping-taxable","17":"purchasable","18":"product-type-variable"},"acf":[],"yoast_head":"<!-- This site is optimized with the Yoast SEO plugin v26.7 - https:\/\/yoast.com\/wordpress\/plugins\/seo\/ -->\n<title>L\u00e5ngkalsong av bambu herr - Svart - Wiges<\/title>\n<meta name=\"robots\" content=\"index, follow, max-snippet:-1, max-image-preview:large, max-video-preview:-1\" \/>\n<link rel=\"canonical\" href=\"https:\/\/wiges.se\/handla\/herr\/bambu\/understall\/langkalsong-av-bambu-herr-svart\/\" \/>\n<meta property=\"og:locale\" content=\"sv_SE\" \/>\n<meta property=\"og:type\" content=\"article\" \/>\n<meta property=\"og:title\" content=\"L\u00e5ngkalsong av bambu herr - Svart - Wiges\" \/>\n<meta property=\"og:description\" content=\"L\u00e5ngkalsong till herr av mjuk och sk\u00f6n viskos av bambu. Res\u00e5r i midjan och muddar nertill f\u00f6r b\u00e4sta passform samt mjuka flatlocks\u00f6mmar som inte skaver mot huden. Bambuns naturliga egenskaper g\u00f6r att fukt transporteras bort fr\u00e5n kroppen och h\u00e5ller huden fr\u00e4sch l\u00e4ngre.\" \/>\n<meta property=\"og:url\" content=\"https:\/\/wiges.se\/handla\/herr\/bambu\/understall\/langkalsong-av-bambu-herr-svart\/\" \/>\n<meta property=\"og:site_name\" content=\"Wiges\" \/>\n<meta property=\"article:modified_time\" content=\"2026-03-28T11:02:06+00:00\" \/>\n<meta property=\"og:image\" content=\"https:\/\/wiges.se\/handla\/wp-content\/uploads\/2025\/10\/00006835701-11-scaled.jpg\" \/>\n\t<meta property=\"og:image:width\" content=\"1969\" \/>\n\t<meta property=\"og:image:height\" content=\"2560\" \/>\n\t<meta property=\"og:image:type\" content=\"image\/jpeg\" \/>\n<meta name=\"twitter:card\" content=\"summary_large_image\" \/>\n<script type=\"application\/ld+json\" class=\"yoast-schema-graph\">{\"@context\":\"https:\/\/schema.org\",\"@graph\":[{\"@type\":\"WebPage\",\"@id\":\"https:\/\/wiges.se\/handla\/herr\/bambu\/understall\/langkalsong-av-bambu-herr-svart\/\",\"url\":\"https:\/\/wiges.se\/handla\/herr\/bambu\/understall\/langkalsong-av-bambu-herr-svart\/\",\"name\":\"L\u00e5ngkalsong av bambu herr - Svart - Wiges\",\"isPartOf\":{\"@id\":\"https:\/\/wiges.se\/handla\/#website\"},\"primaryImageOfPage\":{\"@id\":\"https:\/\/wiges.se\/handla\/herr\/bambu\/understall\/langkalsong-av-bambu-herr-svart\/#primaryimage\"},\"image\":{\"@id\":\"https:\/\/wiges.se\/handla\/herr\/bambu\/understall\/langkalsong-av-bambu-herr-svart\/#primaryimage\"},\"thumbnailUrl\":\"https:\/\/wiges.se\/handla\/wp-content\/uploads\/2025\/10\/00006835701-11-scaled.jpg\",\"datePublished\":\"2025-10-15T20:42:15+00:00\",\"dateModified\":\"2026-03-28T11:02:06+00:00\",\"breadcrumb\":{\"@id\":\"https:\/\/wiges.se\/handla\/herr\/bambu\/understall\/langkalsong-av-bambu-herr-svart\/#breadcrumb\"},\"inLanguage\":\"sv-SE\",\"potentialAction\":[{\"@type\":\"ReadAction\",\"target\":[\"https:\/\/wiges.se\/handla\/herr\/bambu\/understall\/langkalsong-av-bambu-herr-svart\/\"]}]},{\"@type\":\"ImageObject\",\"inLanguage\":\"sv-SE\",\"@id\":\"https:\/\/wiges.se\/handla\/herr\/bambu\/understall\/langkalsong-av-bambu-herr-svart\/#primaryimage\",\"url\":\"https:\/\/wiges.se\/handla\/wp-content\/uploads\/2025\/10\/00006835701-11-scaled.jpg\",\"contentUrl\":\"https:\/\/wiges.se\/handla\/wp-content\/uploads\/2025\/10\/00006835701-11-scaled.jpg\",\"width\":1969,\"height\":2560},{\"@type\":\"BreadcrumbList\",\"@id\":\"https:\/\/wiges.se\/handla\/herr\/bambu\/understall\/langkalsong-av-bambu-herr-svart\/#breadcrumb\",\"itemListElement\":[{\"@type\":\"ListItem\",\"position\":1,\"name\":\"Hem\",\"item\":\"https:\/\/wiges.se\/handla\/\"},{\"@type\":\"ListItem\",\"position\":2,\"name\":\"Butik\",\"item\":\"https:\/\/wiges.se\/handla\/butik\/\"},{\"@type\":\"ListItem\",\"position\":3,\"name\":\"Herr\",\"item\":\"https:\/\/wiges.se\/handla\/herr\/\"},{\"@type\":\"ListItem\",\"position\":4,\"name\":\"Underst\u00e4ll\",\"item\":\"https:\/\/wiges.se\/handla\/herr\/understall\/\"},{\"@type\":\"ListItem\",\"position\":5,\"name\":\"L\u00e5ngkalsonger\",\"item\":\"https:\/\/wiges.se\/handla\/herr\/understall\/langkalsong\/\"},{\"@type\":\"ListItem\",\"position\":6,\"name\":\"L\u00e5ngkalsong av bambu herr &#8211; Svart\"}]},{\"@type\":\"WebSite\",\"@id\":\"https:\/\/wiges.se\/handla\/#website\",\"url\":\"https:\/\/wiges.se\/handla\/\",\"name\":\"Wiges\",\"description\":\"\",\"potentialAction\":[{\"@type\":\"SearchAction\",\"target\":{\"@type\":\"EntryPoint\",\"urlTemplate\":\"https:\/\/wiges.se\/handla\/?s={search_term_string}\"},\"query-input\":{\"@type\":\"PropertyValueSpecification\",\"valueRequired\":true,\"valueName\":\"search_term_string\"}}],\"inLanguage\":\"sv-SE\"}]}<\/script>\n<!-- \/ Yoast SEO plugin. -->","yoast_head_json":{"title":"L\u00e5ngkalsong av bambu herr - Svart - Wiges","robots":{"index":"index","follow":"follow","max-snippet":"max-snippet:-1","max-image-preview":"max-image-preview:large","max-video-preview":"max-video-preview:-1"},"canonical":"https:\/\/wiges.se\/handla\/herr\/bambu\/understall\/langkalsong-av-bambu-herr-svart\/","og_locale":"sv_SE","og_type":"article","og_title":"L\u00e5ngkalsong av bambu herr - Svart - Wiges","og_description":"L\u00e5ngkalsong till herr av mjuk och sk\u00f6n viskos av bambu. Res\u00e5r i midjan och muddar nertill f\u00f6r b\u00e4sta passform samt mjuka flatlocks\u00f6mmar som inte skaver mot huden. Bambuns naturliga egenskaper g\u00f6r att fukt transporteras bort fr\u00e5n kroppen och h\u00e5ller huden fr\u00e4sch l\u00e4ngre.","og_url":"https:\/\/wiges.se\/handla\/herr\/bambu\/understall\/langkalsong-av-bambu-herr-svart\/","og_site_name":"Wiges","article_modified_time":"2026-03-28T11:02:06+00:00","og_image":[{"width":1969,"height":2560,"url":"https:\/\/wiges.se\/handla\/wp-content\/uploads\/2025\/10\/00006835701-11-scaled.jpg","type":"image\/jpeg"}],"twitter_card":"summary_large_image","schema":{"@context":"https:\/\/schema.org","@graph":[{"@type":"WebPage","@id":"https:\/\/wiges.se\/handla\/herr\/bambu\/understall\/langkalsong-av-bambu-herr-svart\/","url":"https:\/\/wiges.se\/handla\/herr\/bambu\/understall\/langkalsong-av-bambu-herr-svart\/","name":"L\u00e5ngkalsong av bambu herr - Svart - Wiges","isPartOf":{"@id":"https:\/\/wiges.se\/handla\/#website"},"primaryImageOfPage":{"@id":"https:\/\/wiges.se\/handla\/herr\/bambu\/understall\/langkalsong-av-bambu-herr-svart\/#primaryimage"},"image":{"@id":"https:\/\/wiges.se\/handla\/herr\/bambu\/understall\/langkalsong-av-bambu-herr-svart\/#primaryimage"},"thumbnailUrl":"https:\/\/wiges.se\/handla\/wp-content\/uploads\/2025\/10\/00006835701-11-scaled.jpg","datePublished":"2025-10-15T20:42:15+00:00","dateModified":"2026-03-28T11:02:06+00:00","breadcrumb":{"@id":"https:\/\/wiges.se\/handla\/herr\/bambu\/understall\/langkalsong-av-bambu-herr-svart\/#breadcrumb"},"inLanguage":"sv-SE","potentialAction":[{"@type":"ReadAction","target":["https:\/\/wiges.se\/handla\/herr\/bambu\/understall\/langkalsong-av-bambu-herr-svart\/"]}]},{"@type":"ImageObject","inLanguage":"sv-SE","@id":"https:\/\/wiges.se\/handla\/herr\/bambu\/understall\/langkalsong-av-bambu-herr-svart\/#primaryimage","url":"https:\/\/wiges.se\/handla\/wp-content\/uploads\/2025\/10\/00006835701-11-scaled.jpg","contentUrl":"https:\/\/wiges.se\/handla\/wp-content\/uploads\/2025\/10\/00006835701-11-scaled.jpg","width":1969,"height":2560},{"@type":"BreadcrumbList","@id":"https:\/\/wiges.se\/handla\/herr\/bambu\/understall\/langkalsong-av-bambu-herr-svart\/#breadcrumb","itemListElement":[{"@type":"ListItem","position":1,"name":"Hem","item":"https:\/\/wiges.se\/handla\/"},{"@type":"ListItem","position":2,"name":"Butik","item":"https:\/\/wiges.se\/handla\/butik\/"},{"@type":"ListItem","position":3,"name":"Herr","item":"https:\/\/wiges.se\/handla\/herr\/"},{"@type":"ListItem","position":4,"name":"Underst\u00e4ll","item":"https:\/\/wiges.se\/handla\/herr\/understall\/"},{"@type":"ListItem","position":5,"name":"L\u00e5ngkalsonger","item":"https:\/\/wiges.se\/handla\/herr\/understall\/langkalsong\/"},{"@type":"ListItem","position":6,"name":"L\u00e5ngkalsong av bambu herr &#8211; Svart"}]},{"@type":"WebSite","@id":"https:\/\/wiges.se\/handla\/#website","url":"https:\/\/wiges.se\/handla\/","name":"Wiges","description":"","potentialAction":[{"@type":"SearchAction","target":{"@type":"EntryPoint","urlTemplate":"https:\/\/wiges.se\/handla\/?s={search_term_string}"},"query-input":{"@type":"PropertyValueSpecification","valueRequired":true,"valueName":"search_term_string"}}],"inLanguage":"sv-SE"}]}},"_links":{"self":[{"href":"https:\/\/wiges.se\/handla\/wp-json\/wp\/v2\/product\/1035","targetHints":{"allow":["GET"]}}],"collection":[{"href":"https:\/\/wiges.se\/handla\/wp-json\/wp\/v2\/product"}],"about":[{"href":"https:\/\/wiges.se\/handla\/wp-json\/wp\/v2\/types\/product"}],"replies":[{"embeddable":true,"href":"https:\/\/wiges.se\/handla\/wp-json\/wp\/v2\/comments?post=1035"}],"wp:featuredmedia":[{"embeddable":true,"href":"https:\/\/wiges.se\/handla\/wp-json\/wp\/v2\/media\/5162"}],"wp:attachment":[{"href":"https:\/\/wiges.se\/handla\/wp-json\/wp\/v2\/media?parent=1035"}],"wp:term":[{"taxonomy":"product_brand","embeddable":true,"href":"https:\/\/wiges.se\/handla\/wp-json\/wp\/v2\/product_brand?post=1035"},{"taxonomy":"product_cat","embeddable":true,"href":"https:\/\/wiges.se\/handla\/wp-json\/wp\/v2\/product_cat?post=1035"},{"taxonomy":"product_tag","embeddable":true,"href":"https:\/\/wiges.se\/handla\/wp-json\/wp\/v2\/product_tag?post=1035"}],"curies":[{"name":"wp","href":"https:\/\/api.w.org\/{rel}","templated":true}]}}